{"id":1275,"date":"2018-08-02T21:27:04","date_gmt":"2018-08-02T20:27:04","guid":{"rendered":"http:\/\/www.wls.sav.sk\/?page_id=1275&#038;lang=en"},"modified":"2022-07-28T13:02:46","modified_gmt":"2022-07-28T12:02:46","slug":"2018-2","status":"publish","type":"page","link":"https:\/\/wls.sav.sk\/?page_id=1131","title":{"rendered":"2018"},"content":{"rendered":"<ul class='tabs'>\n<li><a data-href=\"tab-0\" class=\"gdl-title active\" >1\/2018<\/a><\/li>\n<li><a data-href=\"tab-1\" class=\"gdl-title \" >2\/2018<\/a><\/li>\n<li><a data-href=\"tab-2\" class=\"gdl-title \" >3\/2018<\/a><\/li>\n<li><a data-href=\"tab-3\" class=\"gdl-title \" >4\/2018<\/a><\/li>\n<\/ul>\n<ul class='tabs-content'>\n<li data-href=\"tab-0\" class=\"active\" >\n<h2><strong>Frontier Orientalism in Central and East European literatures<\/strong><\/h2>\n<p>eds. Charles Sabatos &#8211; R\u00f3bert G\u00e1frik  <a href=\"http:\/\/www.wls.sav.sk\/wp-content\/uploads\/WLS_ob\u00e1lka1_2018_predok.jpg\"><img decoding=\"async\" loading=\"lazy\" class=\"alignleft size-medium wp-image-1224\" src=\"\/wp-content\/uploads\/WLS1_2018-obalka.png\" alt=\"ob\u00e1lka\" width=\"207\" height=\"300\" \/><\/a><\/p>\n<p>The purpose of this issue is to explore the phenomenon of frontier Orientalism in the literatures of Central and Eastern Europe. Andre Gingrich has proposed this con\u00accept for countries that have not been colonial powers, but have been in contact with the Oriental world by means of Ottoman invasions. The contributors examine this topic in relation to Czech, Slovak, Hungarian, Serbian, Bosnian, Romanian, Latvian, and Georgian litera\u00acture, as well as the genre of historical fiction in Central Europe, from the 19th century to the present.<\/p>\n<p>Download PDF <a href=\"https:\/\/wls.sav.sk\/wp-content\/uploads\/WLS1_2018.pdf\">(WLS_1_2018)<\/a><br \/>\n&nbsp;<\/p>\n<p>&nbsp;<\/p>\n<p>&nbsp;<\/p>\n<p>&nbsp;<br \/>\n<strong>OBSAH \/ CONTENTS<\/strong><br \/>\n<strong>e d i t o r i \u00e1 l \/ e d i t o r i a l<\/strong><br \/>\nCharles Sabatos &#8211; R\u00f3bert G\u00e1frik<br \/>\nFrontier Orientalism in Central and East European literatures \u25a0 2 <a href=\"https:\/\/www.sav.sk\/?lang=en&#038;doc=journal-list&#038;part=article_response_page&#038;journal_article_no=28689\">(go to article)<\/a><strong><br \/>\n<\/strong><\/p>\n<p><strong>\u0161 t \u00fa d i e \u2013 t \u00e9 m a \/ a r t i c l e s \u2013 t o p i c<\/strong><br \/>\nCharles Sabatos<br \/>\nThe nation\u2019s \u201ctimeless mission\u201d: Frontier Orientalism in Central European historical fiction \u25a0 3 (<a href=\"https:\/\/www.sav.sk\/?lang=en&#038;doc=journal-list&#038;part=article_response_page&#038;journal_article_no=28690\">go to article<\/a>)<br \/>\nJitka Male\u010dkov\u00e1<br \/>\n\u201cOur Turks\u201d, or \u201creal Turks\u201d? Czech perceptions of the Slavic Muslims of Bosnia-Herzegovina \u25a0 15 (<a href=\"https:\/\/www.sav.sk\/?lang=en&#038;doc=journal-list&#038;part=article_response_page&#038;journal_article_no=28691\">go to article<\/a>)<br \/>\nJelena Arsenijevi\u0107 Mitri\u0107<br \/>\nOrientalist discourse in Ivo Andri\u0107\u2019s \u201cBosnian Chronicle\u201d \u25a0 27 (<a href=\"https:\/\/www.sav.sk\/?lang=en&#038;doc=journal-list&#038;part=article_response_page&#038;journal_article_no=28692\">go to article<\/a>)<br \/>\nMatej Kar\u00e1sek<br \/>\nBalkan identity between the Orient and Europe in Milorad Pavi\u0107\u2019s \u201cDictionary of the Khazars\u201d \u25a0 39 (<a href=\"https:\/\/www.sav.sk\/?lang=en&#038;doc=journal-list&#038;part=article_response_page&#038;journal_article_no=28693\">go to article<\/a>)<br \/>\nAndrei Terian<br \/>\nFrom frontier Orientalism to transnational communities: Images of the Tatars in modern Romanian literature \u25a0 50 (<a href=\"https:\/\/www.sav.sk\/?lang=en&#038;doc=journal-list&#038;part=article_response_page&#038;journal_article_no=28694\">go to article<\/a>)<br \/>\nIeva Kalna\u010da &#8211; Benedikts Kalna\u010ds<br \/>\nEarly encounters with the world of Islam in Latvian literary culture \u25a0 63 (<a href=\"https:\/\/www.sav.sk\/?lang=en&#038;doc=journal-list&#038;part=article_response_page&#038;journal_article_no=28695\">go to article<\/a>)<br \/>\nMzia Jamagidze<br \/>\nFrontier Orientalism and the stereotype formation process in Georgian literature \u25a0 88 (<a href=\"https:\/\/www.sav.sk\/?lang=en&#038;doc=journal-list&#038;part=article_response_page&#038;journal_article_no=28696\">go to article<\/a>)<\/p>\n<p><strong>r e c e n z i e \/ b o o k  r e v i e w s <\/strong><br \/>\nCharles D. Sabatos: Mit ve Tarih Aras\u0131nda: Orta Avrupa Edebiyat Tarihinde T\u00fcrk \u0130mgesi (Petr Ku\u010dera) \u25a0 100 (<a href=\"https:\/\/www.sav.sk\/?lang=en&#038;doc=journal-list&#038;part=article_response_page&#038;journal_article_no=28697\">go to article<\/a>)<br \/>\nMarianna D. Birnbaum \u2013 Marcell Seb\u0151k (eds.): Practices of Coexistence. Constructions of the Other in Early Modern Perspectives (Etienne Charri\u00e8re) \u25a0 102 (<a href=\"https:\/\/www.sav.sk\/?lang=en&#038;doc=journal-list&#038;part=article_response_page&#038;journal_article_no=28698\">go to article<\/a>)<br \/>\nRosie Warren (ed.): The Debate on Postcolonial Theory and the Specter of Capital (Krist\u00edna K\u00e1llay) \u25a0 104 (<a href=\"https:\/\/www.sav.sk\/?lang=en&#038;doc=journal-list&#038;part=article_response_page&#038;journal_article_no=28699\">go to article<\/a>)<br \/>\nEm\u0151ke G. Komor\u00f3czy: Avantg\u00e1rd kontinuit\u00e1s a XX. sz\u00e1zadban. A p\u00e1rizsi Magyar M\u0171hely \u00e9s k\u00f6re (P\u00e9ter H. Nagy) \u25a0 106 (<a href=\"https:\/\/www.sav.sk\/?lang=en&#038;doc=journal-list&#038;part=article_response_page&#038;journal_article_no=28701\">go to article<\/a>)<br \/>\nRadoslav Passia \u2013 Gabriela Magov\u00e1 (eds.): Dev\u00e4\u0165 \u017eivotov. Rozhovory o preklade a liter\u00e1rnom \u017eivote (Libu\u0161a Vajdov\u00e1) \u25a0 108 (<a href=\"https:\/\/www.sav.sk\/?lang=en&#038;doc=journal-list&#038;part=article_response_page&#038;journal_article_no=28702\">go to article<\/a>)<br \/>\nMagda Ku\u010derkov\u00e1 \u2013 Miroslava Re\u017en\u00e1: Poetika nevyjadrite\u013en\u00e9ho. K liter\u00e1rnemu v\u00fdrazu diel Ter\u00e9zie od Je\u017ei\u0161a a in\u00fdch kres\u0165ansk\u00fdch mystikov (J\u00e1n Knap\u00edk) \u25a0 112 (<a href=\"https:\/\/www.sav.sk\/?lang=en&#038;doc=journal-list&#038;part=article_response_page&#038;journal_article_no=28703\">go to article<\/a>)<br \/>\nJuraj Dvorsk\u00fd: Od narat\u00edvnej gramatiky k interdisciplinarite narat\u00edvu (Roman Mikul\u00e1\u0161) \u25a0 113 (<a href=\"https:\/\/www.sav.sk\/?lang=en&#038;doc=journal-list&#038;part=article_response_page&#038;journal_article_no=28704\">go to article<\/a>)<\/p>\n<\/li>\n<li data-href=\"tab-1\" class=\"\" >\n<h2><strong>Poetological Aspects of Literary Fiction by Philosophers<\/strong><\/h2>\n<p>MARCEL FORG\u00c1\u010c \u2013 MILAN KENDRA (eds.) <a href=\"http:\/\/www.wls.sav.sk\/wp-content\/uploads\/WLS2_2018_ob\u00e1lka_1.jpg\"><img decoding=\"async\" loading=\"lazy\" class=\"alignleft size-medium wp-image-1292\" src=\"\/wp-content\/uploads\/WLS2_2018-obalka.png\" alt=\"WLS2_2018_ob\u00e1lka\" width=\"207\" height=\"300\" \/><\/a><\/p>\n<p>The issue focuses on research into the poetic elements of the fiction of male and female philosophers, with par\u00acticular regard to the analysis of works in philosophy that have the potential to acquire the status of literary fiction. The studies open up questions regarding the ability of their texts to bear functional indications of philosophical discourse while at the same time acquiring an aesthet\u00acic structure. From the arguments advanced, it follows that aesthetic conception is, in these cases, a procedure that proposes space for philosophical thoughts to be released from a reference-cognitive framework and ex-amined or valorized by iconic-experiential processing.<\/p>\n<p>Download PDF <a href=\"https:\/\/wls.sav.sk\/wp-content\/uploads\/WLS2_2018.pdf\">(WLS_2_2018)<\/a><\/p>\n<p>&nbsp;<\/p>\n<p>&nbsp;<\/p>\n<p>&nbsp;<br \/>\n<strong>OBSAH \/ CONTENT<\/strong><br \/>\n<strong>e d i t o r i \u00e1 l \/ e d i t o r i a l<\/strong><br \/>\nMARCEL FORG\u00c1\u010c \u2013 MILAN KENDRA<br \/>\nPoetologick\u00e9 s\u00faradnice liter\u00e1rnych fikci\u00ed filozofov a filozofiek \u25a0 2  <a href=\"https:\/\/www.sav.sk\/?lang=en&#038;doc=journal-list&#038;part=article_response_page&#038;journal_article_no=28705\">(go to article)<\/a><\/p>\n<p><strong>\u0161 t \u00fa d i e \u2013 t \u00e9 m a \/ a r t i c l e s \u2013 t o p i c<\/strong><br \/>\nVLADIM\u00cdR PAPOU\u0160EK<br \/>\nTroj\u00ed strategie a troj\u00ed v\u00edra: filozofie, literatura a liter\u00e1rn\u00ed v\u011bda \u25a0 3 <a href=\"https:\/\/www.sav.sk\/?lang=en&#038;doc=journal-list&#038;part=article_response_page&#038;journal_article_no=28706\">(go to article)<\/a><br \/>\nJOSEF FULKA<br \/>\nLomen\u00fd pohled: povaha a \u00faloha fikce ve francouzsk\u00e9 osv\u00edcensk\u00e9 filozofii \u25a0 14 <a href=\"https:\/\/www.sav.sk\/?lang=en&#038;doc=journal-list&#038;part=article_response_page&#038;journal_article_no=28707\">(go to article)<\/a><br \/>\nMILAN KENDRA<br \/>\nInterakcia poetologick\u00fdch a axiologick\u00fdch komponentov v liter\u00e1rnom komunik\u00e1te: \u201eHmla\u201c Miguela de Unamuna \u25a0 24 <a href=\"https:\/\/www.sav.sk\/?lang=en&#038;doc=journal-list&#038;part=article_response_page&#038;journal_article_no=28708\">(go to article)<\/a><br \/>\nIRINA DULEBOV\u00c1 \u2013 MAXIM DULEBA<br \/>\nFilozofick\u00e1 pr\u00f3za Leva \u0160estova: poetologick\u00e9 komponenty \u201eApote\u00f3zy bezz\u00e1sadovosti\u201c v kontexte filozofie subjektivizmu \u25a0 41 <a href=\"https:\/\/www.sav.sk\/?lang=en&#038;doc=journal-list&#038;part=article_response_page&#038;journal_article_no=28709\">(go to article)<\/a><br \/>\nMARCEL FORG\u00c1\u010c<br \/>\nTextotvorn\u00e9 strat\u00e9gie Blanchotovho r\u00e9citu \u201eTemn\u00fd Tom\u00e1\u0161\u201c \u25a0 51 <a href=\"https:\/\/www.sav.sk\/?lang=en&#038;doc=journal-list&#038;part=article_response_page&#038;journal_article_no=28710\">(go to article)<\/a><br \/>\nJAKUB \u010cE\u0160KA<br \/>\nRoland Barthes a V\u00e1clav Havel jako spiklenci literatury \u2013 k principu liter\u00e1rn\u00ed p\u0159esv\u011bd\u010divosti \u25a0 69 <a href=\"https:\/\/www.sav.sk\/?lang=en&#038;doc=journal-list&#038;part=article_response_page&#038;journal_article_no=28711\">(go to article)<\/a><br \/>\nYU (HEIDI) HUANG<br \/>\nAllegorizing the existential crisis in modern China: Qian Zhongshu\u2019s philosophical novel \u201cFortress Besieged\u201d \u25a0 80 <a href=\"https:\/\/www.sav.sk\/?lang=en&#038;doc=journal-list&#038;part=article_response_page&#038;journal_article_no=28712\">(go to article)<\/a><br \/>\n\u013dUBICA KOBOV\u00c1<br \/>\nAnalogick\u00e1 argument\u00e1cia Mary Wollstonecraft v \u201eObhajobe pr\u00e1v \u017eeny\u201c \u25a0 91 <a href=\"https:\/\/www.sav.sk\/?lang=en&#038;doc=journal-list&#038;part=article_response_page&#038;journal_article_no=28713\">(go to article)<\/a><\/p>\n<p><strong> d i s k u s i a \/ d i s c u s s i o n<\/strong><br \/>\nJURAJ MAL\u00cd\u010cEK<br \/>\nFilozofia (v) pr\u00edbehu \u2013 filozoficko-estetick\u00e9 \u010d\u00edtanie diela Ayn Rand v kontextoch popul\u00e1rnej kult\u00fary \u25a0 105 <a href=\"https:\/\/www.sav.sk\/?lang=en&#038;doc=journal-list&#038;part=article_response_page&#038;journal_article_no=28714\">(go to article)<\/a><\/p>\n<p><strong> \u0161 t \u00fa d i a \/  a r t i c l e s<\/strong><br \/>\nEVA MALITI FRA\u0147OV\u00c1<br \/>\nAndrej Belyj na cest\u00e1ch za Steinerovou antropozofiou: medzi chr\u00e1mami ducha z\u00e1padnej Eur\u00f3py \u25a0 113 <a href=\"https:\/\/www.sav.sk\/?lang=en&#038;doc=journal-list&#038;part=article_response_page&#038;journal_article_no=28715\">(go to article)<\/a><\/p>\n<p><strong>r e c e n z i e \/ b o o k  r e v i e w s <\/strong><br \/>\nMartin Heidegger: Na\u010d b\u00e1sn\u00edci? (Gabriel Luk\u00e1\u010d) \u25a0 122  <a href=\"https:\/\/www.sav.sk\/?lang=en&#038;doc=journal-list&#038;part=article_response_page&#038;journal_article_no=28716\">(go to article)<\/a><br \/>\nMariana \u010cechov\u00e1 a kol.: Osnovn\u00e9 tematick\u00e9 algoritmy v slovesnom umen\u00ed (s intersemiotick\u00fdmi a interdisciplin\u00e1rnymi presahmi) (Jelena Pa\u0161t\u00e9kov\u00e1) \u25a0 124  <a href=\"https:\/\/www.sav.sk\/?lang=en&#038;doc=journal-list&#038;part=article_response_page&#038;journal_article_no=28717\">(go to article)<\/a><br \/>\nVladim\u00edr Svato\u0148: Na cest\u011b evropsk\u00fdm liter\u00e1rn\u00edm polem. Studie z komparatistiky<br \/>\n(Ladislav \u0160imon) \u25a0 126  <a href=\"https:\/\/www.sav.sk\/?lang=en&#038;doc=journal-list&#038;part=article_response_page&#038;journal_article_no=28718\">(go to article)<\/a><br \/>\nKorn\u00e9lia Farag\u00f3: Id\u0151k, terek, intenzit\u00e1sok (Judit G\u00f6r\u00f6zdi) \u25a0 129  <a href=\"https:\/\/www.sav.sk\/?lang=en&#038;doc=journal-list&#038;part=article_response_page&#038;journal_article_no=28719\">(go to article)<\/a><br \/>\nAgnieszka Janiec-Nyitrai: V labyrintu mo\u017enost\u00ed. Dvan\u00e1ct liter\u00e1rn\u011bv\u011bdn\u00fdch studi\u00ed o pr\u00f3ze Karla \u010capka (\u0160tefan Timko) \u25a0 130  <a href=\"https:\/\/www.sav.sk\/?lang=en&#038;doc=journal-list&#038;part=article_response_page&#038;journal_article_no=28720\">(go to article)<\/a><br \/>\nFranti\u0161ek V\u0161eti\u010dka: Slovesn\u00e9 sondy. O kompozi\u010dn\u00ed poetice slovensk\u00e9 pr\u00f3zy a jej\u00edch \u010desk\u00fdch souvislostech (Zuzana Chrenkov\u00e1) \u25a0 132  <a href=\"https:\/\/www.sav.sk\/?lang=en&#038;doc=journal-list&#038;part=article_response_page&#038;journal_article_no=28721\">(go to article)<\/a><\/p>\n<\/li>\n<li data-href=\"tab-2\" class=\"\" >\n<h2><strong>Perspectives on Metaphor Research<\/strong><\/h2>\n<p>ed. Roman Mikul\u00e1\u0161 <a href=\"http:\/\/www.wls.sav.sk\/wp-content\/uploads\/ObalkaWLS32018.png\"><img decoding=\"async\" loading=\"lazy\" class=\"alignleft wp-image-1377 size-medium\" src=\"\/wp-content\/uploads\/WLS3_2018-obalka.png\" width=\"215\" height=\"300\" \/><\/a><\/p>\n<p>Scholarly research on metaphor today assumes interdisciplinary overlaps and takes into consideration institutional research specifics as well as the system\u2019s own dynamic. For a fully-fledged scholarly discussion on metaphor it is important to make visible paradigms of metaphor research in individual scholarly fields, as well as the role played by metaphor in each discipline and its relevance for solving specific research questions. The articles and materials in this thematic issue analyze the paradigms of research on metaphor and critically reflect and make accessible their position in the current scholarly discourse. <\/p>\n<p>Download PDF <a href=\"https:\/\/wls.sav.sk\/wp-content\/uploads\/WLS3_2018.pdf\">(WLS_3_2018)<\/a><\/p>\n<p>&nbsp;<\/p>\n<p>&nbsp;<\/p>\n<p>&nbsp;<br \/>\n<strong>OBSAH \/ CONTENT<\/strong><br \/>\n<strong>e d i t o r i \u00e1 l \/ e d i t o r i a l<\/strong><br \/>\nRoman Mikul\u00e1\u0161<br \/>\nPerspekt\u00edvy v\u00fdskumu metafory \u25a0 3 (<a href=\"https:\/\/www.sav.sk\/?lang=en&#038;doc=journal-list&#038;part=article_response_page&#038;journal_article_no=28722\">go to article<\/a>)<\/p>\n<p><strong>\u0161 t \u00fa d i e \u2013 t \u00e9 m a \/ a r t i c l e s \u2013 t o p i c<\/strong><br \/>\nZolt\u00e1n R\u00e9dey<br \/>\nMetafora v s\u00fa\u010dasnej a modernej po\u00e9zii a mo\u017enos\u0165 jej interpret\u00e1cie \u25a0 5 (<a href=\"https:\/\/www.sav.sk\/?lang=en&#038;doc=journal-list&#038;part=article_response_page&#038;journal_article_no=28723\">go to article<\/a>)<br \/>\nAnton Pokriv\u010d\u00e1k<br \/>\nMetaphor in the poetry of imagists \u25a0 19 (<a href=\"https:\/\/www.sav.sk\/?lang=en&#038;doc=journal-list&#038;part=article_response_page&#038;journal_article_no=28724\">go to article<\/a>t)<br \/>\nJana Kuzm\u00edkov\u00e1<br \/>\nMetaphor in theory and research \u25a0 30 (<a href=\"https:\/\/www.sav.sk\/?lang=en&#038;doc=journal-list&#038;part=article_response_page&#038;journal_article_no=28725\">go to article<\/a>)<br \/>\nAndrea Mikul\u00e1\u0161ov\u00e1 &#8211; Roman Mikul\u00e1\u0161<br \/>\nWirklichkeitskonstruktion durch Metaphern bei Ingeborg Bachmann \u25a0 47 (<a href=\"https:\/\/www.sav.sk\/?lang=en&#038;doc=journal-list&#038;part=article_response_page&#038;journal_article_no=28738\">go to article<\/a>)<br \/>\nMartin \u0160t\u00far<br \/>\nMetafora ako krit\u00e9rium posunov v ch\u00e1pan\u00ed jazyka a komunik\u00e1cie \u25a0 68 (<a href=\"https:\/\/www.sav.sk\/?lang=en&#038;doc=journal-list&#038;part=article_response_page&#038;journal_article_no=28740\">go to article<\/a>)<br \/>\nChristian Hild<br \/>\nQuaken als Ausdruck von Verfehlung und menschlicher Bedrohung: Der Frosch als eine \u201eabsolute Metapher\u201c \u25a0 86 (<a href=\"https:\/\/www.sav.sk\/?lang=en&#038;doc=journal-list&#038;part=article_response_page&#038;journal_article_no=28741\">go to article<\/a>)<br \/>\n\u0160t\u011bp\u00e1n Kubal\u00edk<br \/>\nTheory of metaphor and aspect seeing \u25a0 104 (<a href=\"https:\/\/www.sav.sk\/?lang=en&#038;doc=journal-list&#038;part=article_response_page&#038;journal_article_no=28742\">go to article<\/a>)<br \/>\nMonika Schmitz-Emans<br \/>\nOszillationen zwischen dem Metaphorischen und dem Konkret-Materiellen: Metaphoriken<br \/>\ndes Buchs im Spiegel literarischer und buchk\u00fcnstlerischer Arbeiten \u25a0 114 (<a href=\"https:\/\/www.sav.sk\/?lang=en&#038;doc=journal-list&#038;part=article_response_page&#038;journal_article_no=28743\">go to article<\/a>)<br \/>\nKristi\u00e1n Benyovszky<br \/>\nTe\u00f3ria umeleckej ilustr\u00e1cie a metafora \u25a0 129 (<a href=\"https:\/\/www.sav.sk\/?lang=en&#038;doc=journal-list&#038;part=article_response_page&#038;journal_article_no=28744\">go to article<\/a>)<br \/>\nIveta Gal Drzewiecka \u2013 Dana Le\u0161kov\u00e1<br \/>\nK problematike textovo-obrazovej metafory v obrazovej knihe \u25a0 142 (<a href=\"https:\/\/www.sav.sk\/?lang=en&#038;doc=journal-list&#038;part=article_response_page&#038;journal_article_no=28745\">go to article<\/a>)<br \/>\nAnna G. Piotrowska<br \/>\nMetaphors, fad-words and travelling concepts in musicological terminology \u25a0 156 (<a href=\"https:\/\/www.sav.sk\/?lang=en&#038;doc=journal-list&#038;part=article_response_page&#038;journal_article_no=28746\">go to article<\/a>)<br \/>\nMartina Ivanova<br \/>\nMetaphor and metonymy in cognitive linguistic theory: On the basis of evidential adverbs<br \/>\nand their semantic extensions \u25a0 166 (<a href=\"https:\/\/www.sav.sk\/?lang=en&#038;doc=journal-list&#038;part=article_response_page&#038;journal_article_no=28747\">go to article<\/a>)<\/p>\n<p><strong>m a t e r i \u00e1 l y \/ m a t e r i a l s<\/strong><br \/>\nSon\u030ca Pas\u030ctekova\u0301<br \/>\nMy\u0301tus a metafora v koncepcia\u0301ch vied o kultu\u0301re a umeni\u0301 \u25a0 176 (<a href=\"https:\/\/www.sav.sk\/?lang=en&#038;doc=journal-list&#038;part=article_response_page&#038;journal_article_no=28748\">go to article<\/a>)<\/p>\n<p><strong>r e c e n z i e \/ b o o k  r e v i e w s <\/strong><br \/>\nGordon McMullan \u2013 Philip Mead (eds.) with Ailsa Grant Ferguson \u2013 Kate Flaherty \u2013 Mark<br \/>\nHoulahan: Antipodal Shakespeare. Remembering and Forgetting in Britain, Australia and New Zealand, 1916 \u2013 2016 (Jana Wild) \u25a0 183 (<a href=\"https:\/\/www.sav.sk\/?lang=en&#038;doc=journal-list&#038;part=article_response_page&#038;journal_article_no=28749\">go to article<\/a>)<br \/>\nFranti\u0161ek A. Podhajsk\u00fd (ed.): Fikce Jaroslava Ha\u0161ka (Agnieszka Janiec-Nyitrai) \u25a0 186 (<a href=\"https:\/\/www.sav.sk\/?lang=en&#038;doc=journal-list&#038;part=article_response_page&#038;journal_article_no=28750\">go to article<\/a>)<br \/>\nIvana Hostov\u00e1 (ed.): Identity and Translation Trouble (Viktoria Kniazkova \u2013 Marina Kotova) \u25a0 189 (<a href=\"https:\/\/www.sav.sk\/?lang=en&#038;doc=journal-list&#038;part=article_response_page&#038;journal_article_no=28751\">go to article<\/a>)<br \/>\nEduardo F. Coutinho (ed.): Brazilian Literature as World Literature (Nata\u0161a Hromov\u00e1 Burcinov\u00e1) \u25a0 192 (<a href=\"https:\/\/www.sav.sk\/?lang=en&#038;doc=journal-list&#038;part=article_response_page&#038;journal_article_no=28752\">go to article<\/a>)<br \/>\nDominika Hlavinov\u00e1 Tekeliov\u00e1 (ed.): Sv\u00e4tojakubsk\u00e1 cesta v umen\u00ed a cestovnom ruchu (Martina Kosturkov\u00e1) \u25a0 195 (<a href=\"https:\/\/www.sav.sk\/?lang=en&#038;doc=journal-list&#038;part=article_response_page&#038;journal_article_no=28753\">go to article<\/a>)\n<\/li>\n<li data-href=\"tab-3\" class=\"\" >\n<h2><strong>Censorship and Auto-Censorship of Contemporary Literature<\/strong><\/h2>\n<p>ed. Dobrota Pucherov\u00e1 <a href=\"http:\/\/www.wls.sav.sk\/wp-content\/uploads\/Screen-Shot-2019-01-30-at-11.12.38.png\"><img decoding=\"async\" loading=\"lazy\" class=\"alignleft wp-image-1440 size-medium\" src=\"\/wp-content\/uploads\/WLS4_2018-obalka.png\" width=\"207\" height=\"300\" \/><\/a><\/p>\n<p>This issue explores the role and functioning of literary censorship and auto-censorship in the world after 1990. \u201cCensorship\u201d is understood widely as various forms of structural regulation. The studies, focused on seven countries \u2013 Slovakia, France, Russia, China, Iran, Egypt and Uganda \u2013 show that the boundaries of socially acceptable literary expression and ways of cultural regulation in the world are greatly varied.<\/p>\n<p>Download PDF <a href=\"https:\/\/wls.sav.sk\/wp-content\/uploads\/WLS4_2018.pdf\">(WLS_4_2018)<\/a><br \/>\n&nbsp;<\/p>\n<p>&nbsp;<\/p>\n<p>&nbsp;<\/p>\n<p>&nbsp;<br \/>\n&nbsp;<br \/>\n<strong>OBSAH \/ CONTENT<\/strong><br \/>\n<strong>e d i t o r i \u00e1 l \/ e d i t o r i a l<\/strong><br \/>\nDobrota Pucherov\u00e1<br \/>\nCenz\u00fara a autocenz\u00fara v s\u00fa\u010dasnej literat\u00fare \u25a0 2 (<a href=\"https:\/\/www.sav.sk\/?lang=en&#038;doc=journal-list&#038;part=article_response_page&#038;journal_article_no=28754\">go to article<\/a>)<\/p>\n<p><strong>\u0161 t \u00fa d i e \u2013 t \u00e9 m a \/ a r t i c l e s \u2013 t o p i c<\/strong><br \/>\nPavel Matejovi\u010d<br \/>\nTransform\u00e1cie cenz\u00fary v s\u00fa\u010dasnom liter\u00e1rnom diskurze (s pr\u00edkladmi zo slovensk\u00e9ho kult\u00farneho prostredia) \u25a0 9 (<a href=\"https:\/\/www.sav.sk\/?lang=en&#038;doc=journal-list&#038;part=article_response_page&#038;journal_article_no=28755\">go to article<\/a>)<br \/>\nJ\u00e1n Drengubiak.<br \/>\nSprisahaneck\u00e9 myslenie v\u201ecenzurovanom\u201c diele Richarda Milleta \u25a0 24 (<a href=\"https:\/\/www.sav.sk\/?lang=en&#038;doc=journal-list&#038;part=article_response_page&#038;journal_article_no=28756\">go to article<\/a>)<br \/>\nValerij Kupka<br \/>\nPodoby cenz\u00fary v s\u00fa\u010dasnej ruskej literat\u00fare \u25a0 38 (<a href=\"https:\/\/www.sav.sk\/?lang=en&#038;doc=journal-list&#038;part=article_response_page&#038;journal_article_no=28757\">go to article<\/a>)<br \/>\nKamila Hlad\u00edkov\u00e1<br \/>\nLiter\u00e1rn\u00ed cenzura a autocenzura v \u010c\u00edne: Dv\u011b p\u0159\u00edpadov\u00e9 studie \u25a0 58 (<a href=\"https:\/\/www.sav.sk\/?lang=en&#038;doc=journal-list&#038;part=article_response_page&#038;journal_article_no=28758\">go to article<\/a>)<br \/>\nZuzana K\u0159\u00edhov\u00e1<br \/>\nLiter\u00e1rn\u00ed cenzura v Ir\u00e1nu: Nesnesiteln\u00e9 b\u0159emeno autorsk\u00e9ho a vydavatelsk\u00e9ho byt\u00ed \u25a0 72 (<a href=\"https:\/\/www.sav.sk\/?lang=en&#038;doc=journal-list&#038;part=article_response_page&#038;journal_article_no=28759\">go to article<\/a>)<br \/>\nKatar\u00edna Be\u0161kov\u00e1<br \/>\nS\u00fa\u010dasn\u00e9 podoby liter\u00e1rnej cenz\u00fary v Egypte \u25a0 84 (<a href=\"https:\/\/www.sav.sk\/?lang=en&#038;doc=journal-list&#038;part=article_response_page&#038;journal_article_no=28760\">go to article<\/a>)<br \/>\nDobrota Pucherov\u00e1<br \/>\n\u201eMy nevyd\u00e1vame \u017eensk\u00fa literat\u00faru\u201c: Cenz\u00fara a autocenz\u00fara liter\u00e1rnej tvorby v Ugande \u25a0 102 (<a href=\"https:\/\/www.sav.sk\/?lang=en&#038;doc=journal-list&#038;part=article_response_page&#038;journal_article_no=28761\">go to article<\/a>)<\/p>\n<p><strong>r e c e n z i e \/ b o o k  r e v i e w s <\/strong><br \/>\nRo\u0301bert Ga\u0301frik: Zobrazovanie indie v slovenskej literatu\u0301re (Milos\u030c Zelenka) \u25a0 123 (<a href=\"https:\/\/www.sav.sk\/?lang=en&#038;doc=journal-list&#038;part=article_response_page&#038;journal_article_no=28762\">go to article<\/a>)<br \/>\nMircea Martin \u2013 Christian Moraru \u2013 Andrei Terian (eds.): Romanian literature as World literature(Libus\u030ca Vajdova\u0301) \u25a0 128 (<a href=\"https:\/\/www.sav.sk\/?lang=en&#038;doc=journal-list&#038;part=article_response_page&#038;journal_article_no=28763\">go to article<\/a>)<br \/>\nLibus\u030ca Vajdova\u0301 \u2013 Jana Pa\u0301leni\u0301kova\u0301 \u2013 Eva Kenderessy: Dejiny rumunskej literatu\u0301ry (Libus\u030ce Valentova\u0301) \u25a0 132 (<a href=\"https:\/\/www.sav.sk\/?lang=en&#038;doc=journal-list&#038;part=article_response_page&#038;journal_article_no=28764\">go to article<\/a>)<br \/>\nHorst-Ju\u0308rgen Gerigk (Hrsg.): Turgenjew \u2013 Der Russische Europa\u0308er. Fu\u0308nf Vortra\u0308ge der Turgenjew-konferenz 2016 in Baden-Baden (Stefan Simonek) \u25a0 134 (<a href=\"https:\/\/www.sav.sk\/?lang=en&#038;doc=journal-list&#038;part=article_response_page&#038;journal_article_no=28765\">go to article<\/a>)<br \/>\nEmer O\u2019Sullivan \u2013 Andrea Immel (eds.): Imagining Sameness and Difference in Children\u2019s Literature \u2013 From the Enlightenment to the Present Day (Kristi\u0301na Ka\u0301llay) \u25a0 137 (<a href=\"https:\/\/www.sav.sk\/?lang=en&#038;doc=journal-list&#038;part=article_response_page&#038;journal_article_no=28766\">go to article<\/a>)<br \/>\nWarwick Research Collective: Combined and Uneven Development: Towards a new Theory of World literature (Dobrota Pucherova\u0301) \u25a0 139 (<a href=\"https:\/\/www.sav.sk\/?lang=en&#038;doc=journal-list&#038;part=article_response_page&#038;journal_article_no=28767\">go to article<\/a>)<\/p>\n<\/li>\n<\/ul>\n","protected":false},"excerpt":{"rendered":"","protected":false},"author":1,"featured_media":0,"parent":319,"menu_order":91,"comment_status":"closed","ping_status":"closed","template":"","meta":[],"_links":{"self":[{"href":"https:\/\/wls.sav.sk\/index.php?rest_route=\/wp\/v2\/pages\/1275"}],"collection":[{"href":"https:\/\/wls.sav.sk\/index.php?rest_route=\/wp\/v2\/pages"}],"about":[{"href":"https:\/\/wls.sav.sk\/index.php?rest_route=\/wp\/v2\/types\/page"}],"author":[{"embeddable":true,"href":"https:\/\/wls.sav.sk\/index.php?rest_route=\/wp\/v2\/users\/1"}],"replies":[{"embeddable":true,"href":"https:\/\/wls.sav.sk\/index.php?rest_route=%2Fwp%2Fv2%2Fcomments&post=1275"}],"version-history":[{"count":33,"href":"https:\/\/wls.sav.sk\/index.php?rest_route=\/wp\/v2\/pages\/1275\/revisions"}],"predecessor-version":[{"id":2224,"href":"https:\/\/wls.sav.sk\/index.php?rest_route=\/wp\/v2\/pages\/1275\/revisions\/2224"}],"up":[{"embeddable":true,"href":"https:\/\/wls.sav.sk\/index.php?rest_route=\/wp\/v2\/pages\/319"}],"wp:attachment":[{"href":"https:\/\/wls.sav.sk\/index.php?rest_route=%2Fwp%2Fv2%2Fmedia&parent=1275"}],"curies":[{"name":"wp","href":"https:\/\/api.w.org\/{rel}","templated":true}]}}