{"id":2118,"date":"2022-04-13T17:06:41","date_gmt":"2022-04-13T16:06:41","guid":{"rendered":"https:\/\/wls.sav.sk\/?page_id=2118&#038;lang=en"},"modified":"2022-09-21T09:07:21","modified_gmt":"2022-09-21T08:07:21","slug":"2021-2","status":"publish","type":"page","link":"https:\/\/wls.sav.sk\/?page_id=2115","title":{"rendered":"2021"},"content":{"rendered":"<ul class='tabs'>\n<li><a data-href=\"tab-0\" class=\"gdl-title active\" >1\/2021<\/a><\/li>\n<li><a data-href=\"tab-1\" class=\"gdl-title \" >2\/2021<\/a><\/li>\n<li><a data-href=\"tab-2\" class=\"gdl-title \" >3\/2021<\/a><\/li>\n<li><a data-href=\"tab-3\" class=\"gdl-title \" >4\/2021<\/a><\/li>\n<\/ul>\n<ul class='tabs-content'>\n<li data-href=\"tab-0\" class=\"active\" >\n<h2><strong>Posthuman Topics in Literature and Other Arts<\/strong><\/h2>\n<p>ed. Bogumi\u0142a Suwara <a href=\"\/wp-content\/uploads\/WLS1_2021_obalka-vyrez.jpg\"><img decoding=\"async\" loading=\"lazy\" class=\"size-medium wp-image-1509 alignleft\" src=\"\/wp-content\/uploads\/WLS1_2021_obalka-vyrez.jpg\" alt=\"ob\u00e1lka-1_2021\" width=\"205\" height=\"300\" \/><\/a><br \/>\nSince its emergence as a genre, science fiction has dealt with the concept of human transformation. In various narratives describing the encounter of people with posthumans or aliens, human stereotypes, human nature and the humanistic paradigm itself are exposed to the challenge and critical reflection which posthumanism has introduced and developed within the contemporary humanities. The articles in this issue are focused on identifying transhuman and posthuman themes and motifs in both literary and artistic forms of science fiction (including bioart, film and television series) from a posthumanist perspective.<\/p>\n<p>Download PDF <a href=\"http:\/\/www.wls.sav.sk\/wp-content\/uploads\/WLS1_2021.pdf\">WLS_1_2021<\/a><\/p>\n<p>&nbsp;<\/p>\n<p>&nbsp;<\/p>\n<p>&nbsp;<\/p>\n<p><strong>OBSAH \/ CONTENTS<\/strong><br \/>\n<strong>editori\u00e1l \/ editorial<\/strong><br \/>\nBOGUMI\u0141A SUWARA<br \/>\nPosthuman topics in literature and other arts \u25a0 2 <a href=\"https:\/\/www.sav.sk\/?lang=en&amp;doc=journal-list&amp;part=article_response_page&amp;journal_article_no=25721\">(go to article)<\/a><br \/>\n<strong>\u0161t\u00fadie \/ articles<\/strong><br \/>\nMARIUSZ PISZARSKI<br \/>\nHuman, super-human, anti-human: The posthuman deep future in evolutionary science fiction \u25a0 3 <a href=\"https:\/\/www.sav.sk\/?lang=en&amp;doc=journal-list&amp;part=article_response_page&amp;journal_article_no=25708\">(go to article)<\/a><br \/>\nPETER S\u00ddKORA<br \/>\nPost-dog tales about human extinction \u25a0 18 <a href=\"https:\/\/www.sav.sk\/?lang=en&amp;doc=journal-list&amp;part=article_response_page&amp;journal_article_no=25709\">(go to article)<\/a><br \/>\nJANA TOMA\u0160OVI\u010cOV\u00c1<br \/>\nParallels between two worlds: Literary science-fiction imagery and transhumanist visions \u25a0 31 <a href=\"https:\/\/www.sav.sk\/?lang=en&amp;doc=journal-list&amp;part=article_response_page&amp;journal_article_no=25710\">(go to article)<\/a><br \/>\nIVAN LACKO<br \/>\nSaviors, naifs, or orphans? The posthuman condition in literary and cinematic perspectives on human cloning \u25a0 43 <a href=\"https:\/\/www.sav.sk\/?lang=en&amp;doc=journal-list&amp;part=article_response_page&amp;journal_article_no=25711\">(go to article)<\/a><br \/>\nJOZEF LEN\u010c<br \/>\nFrom \u201candys\u201d to \u201ctoasters\u201d: How has politics affected the view of non-humans in \u201cBlade Runner\u201d and \u201cBattlestar Galactica\u201d? \u25a0 55 <a href=\"https:\/\/www.sav.sk\/?lang=en&amp;doc=journal-list&amp;part=article_response_page&amp;journal_article_no=25713\">(go to article)<\/a><br \/>\nJURAJ ODOR\u010c\u00c1K<br \/>\nHomo artefactus and Promethean shame: Reflections on Josef \u010capek, Futurism, transhumanism, posthumanism, and the Obvious \u25a0 68 <a href=\"https:\/\/www.sav.sk\/?lang=en&amp;doc=journal-list&amp;part=article_response_page&amp;journal_article_no=25714\">(go to article)<\/a><br \/>\nBOGUMI\u0141A SUWARA<br \/>\nToward a bioethical perspective for posthumanist aesthetics: Bioart as an example \u25a0 81 <a href=\"https:\/\/www.sav.sk\/?lang=en&amp;doc=journal-list&amp;part=article_response_page&amp;journal_article_no=25715\">(go to article)<\/a><\/p>\n<p><strong>recenzie \/ book reviews<\/strong><br \/>\nFrancesca Ferrando: Philosophical Posthumanism (Pavl\u00edna Bako\u0161ov\u00e1) \u25a0 97 <a href=\"https:\/\/www.sav.sk\/?lang=en&amp;doc=journal-list&amp;part=article_response_page&amp;journal_article_no=25716\">(go to article)<\/a><br \/>\nRichard M\u00fcller, Tom\u00e1\u0161 Chud\u00fd a kol.: Za obrysy m\u00e9dia. Literatura a medialita [Beyond the Horizons of the Medium. Literature and Mediality] (Marek Debn\u00e1r \u2013 Bogumi\u0142a Suwara) \u25a0 100 <a href=\"https:\/\/www.sav.sk\/?lang=en&amp;doc=journal-list&amp;part=article_response_page&amp;journal_article_no=25717\">(go to article)<\/a><br \/>\nBogumi\u0142a Suwara \u2013 Mariusz Pisarski (eds.): Remediation: Crossing Discursive Boundaries. Central European Perspective (Katar\u00edna Ihringov\u00e1) \u25a0 102 <a href=\"https:\/\/www.sav.sk\/?lang=en&amp;doc=journal-list&amp;part=article_response_page&amp;journal_article_no=25718\">(go to article)<\/a><br \/>\nJudit G\u00f6r\u00f6zdi: Dejiny v s\u00fa\u010dasn\u00fdch ma\u010farsk\u00fdch rom\u00e1noch [History in Contemporary Hungarian Novels] (L. Patrik Baka) \u25a0 105 <a href=\"https:\/\/www.sav.sk\/?lang=en&amp;doc=journal-list&amp;part=article_response_page&amp;journal_article_no=25719\">(go to article)<\/a><br \/>\nRen\u00e1ta Bojni\u010danov\u00e1 \u2013 Tamara \u0160imon\u010d\u00edkov\u00e1-Heribanov\u00e1 (eds.): Komplexnos\u0165 tvorivosti. Zborn\u00edk pr\u00edspevkov k jubileu M\u00e1rie B\u00e1torovej [The Complexity of Creativity. Proceedings for the jubilee of M\u00e1ria B\u00e1torov\u00e1] (Tatiana Sedov\u00e1) \u25a0 109 <a href=\"https:\/\/www.sav.sk\/?lang=en&amp;doc=journal-list&amp;part=article_response_page&amp;journal_article_no=25720\">(go to article)<\/a><\/p>\n<\/li>\n<li data-href=\"tab-1\" class=\"\" >\n<h2><strong>The Location of Utopia<\/strong><\/h2>\n<p>eds. P\u00e9ter Hajdu \u2013 R\u00f3bert G\u00e1frik <a href=\"\/wp-content\/uploads\/WLS2_2021_obalka-1.jpg\"><img decoding=\"async\" loading=\"lazy\" class=\"size-medium wp-image-1509 alignleft\" src=\"\/wp-content\/uploads\/WLS2_2021_obalka-1.jpg\" alt=\"ob\u00e1lka-2_2021\" width=\"205\" height=\"300\" \/><\/a><\/p>\n<p>The geographical and temporal orientation of European and non-European utopias seem to differ in many politico-cultural aspects. The articles collected in this issue demonstrate that national and cultural determination can still be perceived, and they confirm the attention paid to the issues of nationalism, colonialism, or religious imperialism in utopia studies. Moreover, some of the authors show that an interplay between the culture of origin and the local\/cultural otherness of the imagined elsewhere allows for an imagological approach to utopias.<\/p>\n<p>Download PDF <a href=\"http:\/\/www.wls.sav.sk\/wp-content\/uploads\/WLS2_2021.pdf\">WLS_2_2021<\/a><br \/>\n&nbsp;<\/p>\n<p>&nbsp;<\/p>\n<p>&nbsp;<\/p>\n<p>&nbsp;<\/p>\n<p><strong>OBSAH \/ CONTENTS<\/strong><br \/>\n<strong>editori\u00e1l \/ editorial<\/strong><br \/>\nP\u00c9TER HAJDU \u2013 R\u00d3BERT G\u00c1FRIK<br \/>\nThe location of utopia \u25a0 2 <a href=\"https:\/\/www.sav.sk\/?lang=en&amp;doc=journal-list&amp;part=article_response_page&amp;journal_article_no=26245\">(go to article)<\/a><a href=\"http:\/\/www.wls.sav.sk\/wp-content\/uploads\/WLS2_2021_editorial.pdf\">(WLS2_2021_editorial)<\/a><br \/>\n<strong>\u0161t\u00fadie \/ articles<\/strong><br \/>\nJOHANNES D. KAMINSKI<br \/>\nLeaving Gaia behind: The ethics of space migration in Cixin Liu\u2019s and Neal Stephenson\u2019s science fiction \u25a0 3 <a href=\"https:\/\/www.sav.sk\/?lang=en&amp;doc=journal-list&amp;part=article_response_page&amp;journal_article_no=26246\">(go to article)<\/a><br \/>\nYIPING WANG \u2013 PING ZHU<br \/>\nShanghai and the Chinese utopia in the early 20th century as presented in \u201cThe New Story of the Stone\u201d \u25a0 19 <a href=\"https:\/\/www.sav.sk\/?lang=en&amp;doc=journal-list&amp;part=article_response_page&amp;journal_article_no=26247\">(go to article)<\/a><br \/>\nXIANGCHUN MENG \u2013 LIRONG ZHANG<br \/>\nChinese utopia: Its evolution, poetic anchorage and modern transformation \u25a0 33 <a href=\"https:\/\/www.sav.sk\/?lang=en&amp;doc=journal-list&amp;part=article_response_page&amp;journal_article_no=26248\">(go to article)<\/a><br \/>\nSEVAL \u015eAH\u0130N \u2013 D\u0130DEM ARDALI B\u00dcY\u00dcKARMAN<br \/>\nThe Islamist version of utopia: The politics of redesigning space \u25a0 43 <a href=\"https:\/\/www.sav.sk\/?lang=en&amp;doc=journal-list&amp;part=article_response_page&amp;journal_article_no=26249\">(go to article)<\/a><br \/>\nP\u00c9TER HAJDU<br \/>\nM\u00f3r J\u00f3kai\u2019s Asian utopia(s) \u25a0 56 <a href=\"https:\/\/www.sav.sk\/?lang=en&amp;doc=journal-list&amp;part=article_response_page&amp;journal_article_no=26250\">(go to article)<\/a><br \/>\nS\u00c1NDOR HITES<br \/>\nNational internationalism in late 19th-century utopias by M\u00f3r J\u00f3kai, Edward Bellamy, and William Morris \u25a0 69 <a href=\"https:\/\/www.sav.sk\/?lang=en&amp;doc=journal-list&amp;part=article_response_page&amp;journal_article_no=26251\">(go to article)<\/a><br \/>\nLIBOR MAREK<br \/>\nThree undiscovered utopias in German-language literature from the Czech periphery: Moravian Wallachia and Zl\u00edn \u25a0 81 <a href=\"https:\/\/www.sav.sk\/?lang=en&amp;doc=journal-list&amp;part=article_response_page&amp;journal_article_no=26252\">(go to article)<\/a><br \/>\n<strong>recenzie \/ book reviews<\/strong><br \/>\nNorbert Bachleitner \u2013 Achim H\u00f6lter \u2013 John A. McCarthy (eds.): Taking Stock \u2013 Twenty-Five Years of Comparative Literary Research (Igor Ty\u0161\u0161) \u25a0 99 <a href=\"https:\/\/www.sav.sk\/?lang=en&amp;doc=journal-list&amp;part=article_response_page&amp;journal_article_no=26253\">(go to article)<\/a><br \/>\n\u00c1gnes Gy\u00f6rke \u2013 Imola B\u00fclg\u00f6zdi (eds.): Geographies of Affect in Contemporary Literature and Visual Culture: Central Europe and the West (Rana Y\u00fcr\u00fcker) \u25a0 101 <a href=\"https:\/\/www.sav.sk\/?lang=en&amp;doc=journal-list&amp;part=article_response_page&amp;journal_article_no=26254\">(go to article)<\/a><br \/>\nCsongor L\u0151rincz \u2013 P\u00e9ter L. Varga (eds.): Herausforderung der Literatur: P\u00e9ter Esterh\u00e1zy [The Challenge of Literature: P\u00e9ter Esterh\u00e1zy], Andr\u00e1s K\u00e1ny\u00e1di (ed.): P\u00e9ter Esterh\u00e1zy et le postmodernisme [P\u00e9ter Esterh\u00e1zy and Postmodernism] (Stephan Krause) \u25a0 105 <a href=\"https:\/\/www.sav.sk\/?lang=en&amp;doc=journal-list&amp;part=article_response_page&amp;journal_article_no=26255\">(go to article)<\/a><br \/>\nKatar\u00edna Be\u0161kov\u00e1: S\u00fa\u010dasn\u00e1 egyptsk\u00e1 literat\u00fara: Dyst\u00f3pia, cenz\u00fara a Arabsk\u00e1 jar [Contemporary Egyptian Literature: Dystopia, Censorship and the Arab Spring] (Danu\u0161a \u010ci\u017em\u00edkov\u00e1) \u25a0 107 <a href=\"https:\/\/www.sav.sk\/?lang=en&amp;doc=journal-list&amp;part=article_response_page&amp;journal_article_no=26256\">(go to article)<\/a><br \/>\nVladim\u00edr Papou\u0161ek a kol.: Poku\u0161en\u00ed neviditeln\u00e9ho. My\u0161len\u00ed moderny [The Temptation of the Invisible: The Thinking of Modernism] (Zuzana Kopeck\u00e1) \u25a0 110 <a href=\"https:\/\/www.sav.sk\/?lang=en&amp;doc=journal-list&amp;part=article_response_page&amp;journal_article_no=26257\">(go to article)<\/a><\/p>\n<\/li>\n<li data-href=\"tab-2\" class=\"\" >\n<h2><strong>Historiography and Translation<\/strong><\/h2>\n<p>eds. Katar\u00edna Bedn\u00e1rov\u00e1 \u2013 Isabelle Poulin \u2013 Igor Ty\u0161\u0161 <a href=\"\/wp-content\/uploads\/WLS3_2021_obalka.jpg\"><img decoding=\"async\" loading=\"lazy\" class=\"size-medium wp-image-1509 alignleft\" src=\"\/wp-content\/uploads\/WLS3_2021_obalka.jpg\" alt=\"ob\u00e1lka-3_2021\" width=\"205\" height=\"300\" \/><\/a><\/p>\n<p>Even though the first major and thorough synthetic works on translation in the European cultural space were published only at the beginning of the 21st century, their conceptions and principal ideas had been developed and discussed much earlier. Translation historiography has since become of the most recurrent topics in translation studies in Europe and throughout the world. This interest is due to the still relevant sociological turn in translation studies and attempts to closely study the work of individual figures of translators. It only follows that such issues call for historical contextualization and explanation. The current issue contributes to this discourse in the form of partial analyses and reports about ways of writing translation history.<\/p>\n<p>Download PDF <a href=\"http:\/\/www.wls.sav.sk\/wp-content\/uploads\/WLS3_2021.pdf\">WLS_3_2021<\/a><\/p>\n<p>&nbsp;<\/p>\n<p>&nbsp;<\/p>\n<p>&nbsp;<\/p>\n<p><strong>OBSAH \/ CONTENTS<\/strong><br \/>\n<strong>editori\u00e1l \/ editorial<\/strong><br \/>\nKATAR\u00cdNA BEDN\u00c1ROV\u00c1 \u2013 IGOR TY\u0160\u0160<br \/>\nHistoriography and translation \u25a0 3 <a href=\"https:\/\/www.sav.sk\/?lang=en&#038;doc=journal-list&#038;part=article_response_page&#038;journal_article_no=26759\">(go to article)<\/a><br \/>\nISABELLE POULIN<br \/>\nHistoriographie et traduction ou l\u2019histoire en plus d\u2019une langue \u25a0 4 <a href=\"https:\/\/www.sav.sk\/?lang=en&#038;doc=journal-list&#038;part=article_response_page&#038;journal_article_no=26743\">(go to article)<\/a><\/p>\n<p><strong>\u0161t\u00fadie \/ articles<\/strong><br \/>\nJUDITH WOODSWORTH<br \/>\nThe translator as historian \u25a0 7 <a href=\"https:\/\/www.sav.sk\/?lang=en&#038;doc=journal-list&#038;part=article_response_page&#038;journal_article_no=26744\">(go to article)<\/a><br \/>\nLUDOVICA MAGGI<br \/>\nLa traduction des classiques comme historiographie : herm\u00e9neutique, temporalit\u00e9, \u00ab poiesis \u00bb \u25a0 19 <a href=\"https:\/\/www.sav.sk\/?lang=en&#038;doc=journal-list&#038;part=article_response_page&#038;journal_article_no=26745\">(go to article)<\/a><br \/>\nIVANA KUPKOV\u00c1<br \/>\nThe place of the 1958 edition of Andrei Fedorov\u2019s \u201cIntroduction to Translation Theory\u201d in the history of translation studies \u25a0 31 <a href=\"https:\/\/www.sav.sk\/?lang=en&#038;doc=journal-list&#038;part=article_response_page&#038;journal_article_no=26746\">(go to article)<\/a><br \/>\nWILKEN ENGELBRECHT<br \/>\nLiterature translated from Dutch in the Czech publishing house Dru\u017estevn\u00ed pr\u00e1ce during the Nazi occupation \u25a0 42 <a href=\"https:\/\/www.sav.sk\/?lang=en&#038;doc=journal-list&#038;part=article_response_page&#038;journal_article_no=26747\">(go to article)<\/a><br \/>\nGA\u00cbTAN REGNIERS<br \/>\nWar, peace and Franco-Russian relations: French translations of Tolstoy\u2019s \u201cSebastopol Sketches\u201d in periodicals (1855\u20131885) \u25a0 56 <a href=\"https:\/\/www.sav.sk\/?lang=en&#038;doc=journal-list&#038;part=article_response_page&#038;journal_article_no=26748\">(go to article)<\/a><br \/>\nMARI\u00c1N ANDRI\u010c\u00cdK<br \/>\nThe long journey of Milton\u2019s \u201cParadise Lost\u201d into the Slavic world \u25a0 68 <a href=\"https:\/\/www.sav.sk\/?lang=en&#038;doc=journal-list&#038;part=article_response_page&#038;journal_article_no=26749\">(go to article)<\/a><br \/>\nJ\u00d6RN ALBRECHT<br \/>\nLes \u00ab taches blanches \u00bb dans la cartographie de la traduction : ouvres jamais ou peu traduites, traductions sans succes d\u2019 ouvres prestigieuses \u25a0 81 <a href=\"https:\/\/www.sav.sk\/?lang=en&#038;doc=journal-list&#038;part=article_response_page&#038;journal_article_no=26750\">(go to article)<\/a><br \/>\nOLGA SIDOROVA<br \/>\nLost, found, and omitted: Remarks on Russian translations of West European literature \u25a0 93 <a href=\"https:\/\/www.sav.sk\/?lang=en&#038;doc=journal-list&#038;part=article_response_page&#038;journal_article_no=26751\">(go to article)<\/a><br \/>\nLAURA F\u00d3LICA<br \/>\nDigital humanities and big translation history in the Global South: A Latin American perspective \u25a0 104 <a href=\"https:\/\/www.sav.sk\/?lang=en&#038;doc=journal-list&#038;part=article_response_page&#038;journal_article_no=26752\">(go to article)<\/a><br \/>\n\u015eTEFAN BAGHIU<br \/>\nQuantitative translationscapes and chronological constellations: French, Soviet, and American novels in communist Romania \u25a0 117 <a href=\"https:\/\/www.sav.sk\/?lang=en&#038;doc=journal-list&#038;part=article_response_page&#038;journal_article_no=26753\">(go to article)<\/a><\/p>\n<p><strong>Diskusia \/ Discussion<\/strong><br \/>\nYVES CHEVREL<br \/>\nA propos d\u2019une r\u00e9cente histoire europ\u00e9enne de la traduction \u25a0 130 <a href=\"https:\/\/www.sav.sk\/?lang=en&#038;doc=journal-list&#038;part=article_response_page&#038;journal_article_no=26754\">(go to article)<\/a><\/p>\n<p><strong>recenzie \/ book reviews<\/strong><br \/>\nTheo D\u2019Haen (ed.): Dutch and Flemish Literature as World Literature (Adam B\u017eoch) \u25a0 137 <a href=\"https:\/\/www.sav.sk\/?lang=en&#038;doc=journal-list&#038;part=article_response_page&#038;journal_article_no=26755\">(go to article)<\/a><br \/>\nJiankai Wang: \u4e2d\u56fd\u5f53\u4ee3\u6587\u5b66\u4f5c\u54c1\u82f1\u8bd1\u7684\u51fa\u7248\u4e0e\u4f20\u64ad [Zh\u014dnggu\u00f3 d\u0101ngd\u00e0i w\u00e9nxu\u00e9 zu\u00f2p\u01d0n y\u012bng y\u00ec de ch\u016bb\u01cen y\u01d4 chu\u00e1nb\u014d \u2013 A history of publication and traveling of English-translated contemporary Chinese literature] (Qiang Pi \u2013 Jiyong Geng) \u25a0 142 <a href=\"https:\/\/www.sav.sk\/?lang=en&#038;doc=journal-list&#038;part=article_response_page&#038;journal_article_no=26756\">(go to article)<\/a><br \/>\nEdita Gromov\u00e1 \u2013 Nat\u00e1lia Rondzikov\u00e1 \u2013 Igor Ty\u0161\u0161 (eds.): Arch\u00edvny v\u00fdskum (textov) v interdisciplin\u00e1rnych s\u00favislostiach [Archival research (of texts) in between disciplines] (Matej Martinkovi\u010d)<br \/>\n\u25a0 145 <a href=\"https:\/\/www.sav.sk\/?lang=en&#038;doc=journal-list&#038;part=article_response_page&#038;journal_article_no=26757\">(go to article)<\/a><br \/>\nM\u00e1ria Kus\u00e1 \u2013 Nat\u00e1lia Rondzikov\u00e1 (eds.): Preklad vo ved\u00e1ch o \u010dloveku a dial\u00f3g kult\u00far<br \/>\n[Translation of humanities texts and cultural dialogue] (Silvia Ryb\u00e1rov\u00e1) \u25a0 147 <a href=\"https:\/\/www.sav.sk\/?lang=en&#038;doc=journal-list&#038;part=article_response_page&#038;journal_article_no=26758\">(go to article)<\/a>\n<\/li>\n<li data-href=\"tab-3\" class=\"\" >\n<h2><strong>Interdiscursive Constructions of Literature<\/strong><\/h2>\n<p>ed. Roman Mikul\u00e1\u0161 <a href=\"\/wp-content\/uploads\/wls4_2021_obalka-vyrez.jpg\"><img decoding=\"async\" loading=\"lazy\" class=\"size-medium wp-image-1509 alignleft\" src=\"\/wp-content\/uploads\/wls4_2021_obalka-vyrez.jpg\" alt=\"ob\u00e1lka-3_2021\" width=\"205\" height=\"300\" \/><\/a><\/p>\n<p>This issue deals with questions pertaining to interdiscursive constructions of literature. What happens if knowledge crosses the boundaries of the system in which it originated, how is knowledge concentrated in special expert discourses related to their literary communication, and what forms of literarization can be observed? The integration of scientific knowledge into the literary system and its reflection in the spectrum of literary devices reveals a research perspective based on Foucault&#8217;s dictum that scientific knowledge will always be brought into contexts that are inaccessible or unacceptable for the given special discourse.<\/p>\n<p>Download PDF <a href=\"http:\/\/www.wls.sav.sk\/wp-content\/uploads\/WLS4_2021.pdf\">WLS_4_2021<\/a><\/p>\n<p>&nbsp;<\/p>\n<p>&nbsp;<\/p>\n<p>&nbsp;<\/p>\n<p><strong>OBSAH \/ CONTENTS<\/strong><br \/>\n<strong>editori\u00e1l \/ editorial<\/strong><br \/>\nROMAN MIKUL\u00c1\u0160<br \/>\nInterdiskurz\u00edvne kon\u0161truovanie literat\u00fary \u25a0 3 <a href=\"https:\/\/www.sav.sk\/?lang=en&#038;doc=journal-list&#038;part=article_response_page&#038;journal_article_no=27284\">(go to article)<\/a><\/p>\n<p><strong>\u0161t\u00fadie \/ articles<\/strong><br \/>\nIVAN JAN\u010cOVI\u010c<br \/>\nMedzi historick\u00fdm faktom a fikciou: interdiskurz\u00edvne kon\u0161truovanie fik\u010dn\u00fdch svetov v s\u00fa\u010dasnej slovenskej pr\u00f3ze s historickou tematikou \u25a0 5 <a href=\"https:\/\/www.sav.sk\/?lang=en&#038;doc=journal-list&#038;part=article_response_page&#038;journal_article_no=27285\">(go to article)<\/a><br \/>\nALE\u0160 URV\u00c1LEK<br \/>\nZur Rolle der Geologie im interdiskursiven \u201ecrossing\u201c der Kulturen der deutschsprachigen Literatur zwischen 1960 und 1980: Botho Strau\u00df und Hans Lebert \u25a0 16 <a href=\"https:\/\/www.sav.sk\/?lang=en&#038;doc=journal-list&#038;part=article_response_page&#038;journal_article_no=27286\">(go to article)<\/a><br \/>\nJ\u00c1N JAMBOR<br \/>\nDer historiographische Spezialdiskurs der Ereignisse aus der NS-Zeit in Eva Umlaufs interdiskursiver Autobiographie \u25a0 29 <a href=\"https:\/\/www.sav.sk\/?lang=en&#038;doc=journal-list&#038;part=article_response_page&#038;journal_article_no=27287\">(go to article)<\/a><br \/>\nNADE\u017dDA ZEMAN\u00cdKOV\u00c1<br \/>\nInterdiskurzivita spom\u00ednania v liter\u00e1rnom diele  Christy Wolf \u25a0 44 <a href=\"https:\/\/www.sav.sk\/?lang=en&#038;doc=journal-list&#038;part=article_response_page&#038;journal_article_no=27288\">(go to article)<\/a><br \/>\nEUGENIA KELBERT<br \/>\nEntropy as a trope: Yuri Lotman\u2019 s general theory of communication as a case study in interdisciplinarity \u25a0 55 <a href=\"https:\/\/www.sav.sk\/?lang=en&#038;doc=journal-list&#038;part=article_response_page&#038;journal_article_no=27289\">(go to article)<\/a><br \/>\nPETER GETL\u00cdK<br \/>\nLiterat\u00fara omylu: O interdiskurz\u00edvnej anal\u00fdze negat\u00edvneho a limin\u00e1lneho poznania (s pr\u00edkladmi z fikcie Teda Chianga) \u25a0 71 <a href=\"https:\/\/www.sav.sk\/?lang=en&#038;doc=journal-list&#038;part=article_response_page&#038;journal_article_no=27290\">(go to article)<\/a><br \/>\nMAXIM SHADURSKI<br \/>\nFrom science to literature: The limits of Aldous Huxley\u2019s interdiscursive utopia \u25a0 83 <a href=\"https:\/\/www.sav.sk\/?lang=en&#038;doc=journal-list&#038;part=article_response_page&#038;journal_article_no=27291\">(go to article)<\/a><br \/>\nWALENTYNA KRUPOWIES<br \/>\nLiterary characters and interdiscursivity in the novel \u201cThe Books of Jacob\u201d by Olga Tokarczuk \u25a0 94 <a href=\"https:\/\/www.sav.sk\/?lang=en&#038;doc=journal-list&#038;part=article_response_page&#038;journal_article_no=27292\">(go to article)<\/a><br \/>\nALINA BAKO<br \/>\nBlended spaces in Mircea C\u0103rt\u0103rescu\u2019 s novel \u201cBlinding. The Left Wing\u201d \u25a0 106 <a href=\"https:\/\/www.sav.sk\/?lang=en&#038;doc=journal-list&#038;part=article_response_page&#038;journal_article_no=27293\">(go to article)<\/a><br \/>\nROMAN MIKUL\u00c1\u0160<br \/>\nZur poietischen Funktion von Analogien und Metaphern im interdiskursiven Blickpunkt der Transplantationsmedizin \u25a0 117 <a href=\"https:\/\/www.sav.sk\/?lang=en&#038;doc=journal-list&#038;part=article_response_page&#038;journal_article_no=27294\">(go to article)<\/a><br \/>\nMILAN KENDRA<br \/>\nOd diskurz\u00edvneho kon\u0161truovania liter\u00e1rneho realizmu k realistick\u00e9mu interdiskurz\u00edvnemu kon\u0161truovaniu reality \u25a0 131 <a href=\"https:\/\/www.sav.sk\/?lang=en&#038;doc=journal-list&#038;part=article_response_page&#038;journal_article_no=27295\">(go to article)<\/a><\/p>\n<p><strong>materi\u00e1ly \/ materials<\/strong><br \/>\nZUZANA KOPECK\u00c1<br \/>\nK filozofick\u00e9mu diskurzu liter\u00e1rnej moderny \u25a0 142 <a href=\"https:\/\/www.sav.sk\/?lang=en&#038;doc=journal-list&#038;part=article_response_page&#038;journal_article_no=27296\">(go to article)<\/a><\/p>\n<p><strong>recenzie \/ book reviews<\/strong><br \/>\nMartin C. Putna: Obrazy z kulturn\u00edch d\u011bjin St\u0159edn\u00ed Evropy [Scenes from the cultural history of Central Europe] (Libu\u0161a Vajdov\u00e1) \u25a0 150 <a href=\"https:\/\/www.sav.sk\/?lang=en&#038;doc=journal-list&#038;part=article_response_page&#038;journal_article_no=27297\">(go to article)<\/a><br \/>\nRoman Mikul\u00e1\u0161 (ed.): Metaphernforschung in interdisziplin\u00e4ren und interdiskursiven Perspektiven [Metaphor research in interdisciplinary and interdiscursive perspectives] (Johannes D. Kaminski) \u25a0 154 <a href=\"https:\/\/www.sav.sk\/?lang=sk&#038;doc=journal-list&#038;part=article_response_page&#038;journal_article_no=27298\">(go to article)<\/a><br \/>\nPeter \u017diak: Estetika narat\u00edvnych textov [Aesthetics of narrative texts] (Silvia Ryb\u00e1rov\u00e1) \u25a0 156 <a href=\"https:\/\/www.sav.sk\/?lang=en&#038;doc=journal-list&#038;part=article_response_page&#038;journal_article_no=27299\">(go to article)<\/a><br \/>\nHelena Ulbrechtov\u00e1: Fenom\u00e9n Krym: b\u00e1jn\u00e1 Taurida, nebo sov\u011btsk\u00fd r\u00e1j? Po stop\u00e1ch historick\u00e9 a liter\u00e1rn\u00ed pam\u011bti poloostrova [The Crimea phenomenon: Mythical Taurida or Soviet paradise? Following the traces of a peninsula\u2019 s historical and literary memory] (So\u0148a Pa\u0161tekov\u00e1) \u25a0 159 <a href=\"https:\/\/www.sav.sk\/?lang=en&#038;doc=journal-list&#038;part=article_response_page&#038;journal_article_no=27300\">(go to article)<\/a>\n<\/li>\n<\/ul>\n","protected":false},"excerpt":{"rendered":"","protected":false},"author":1,"featured_media":0,"parent":319,"menu_order":88,"comment_status":"closed","ping_status":"closed","template":"","meta":[],"_links":{"self":[{"href":"https:\/\/wls.sav.sk\/index.php?rest_route=\/wp\/v2\/pages\/2118"}],"collection":[{"href":"https:\/\/wls.sav.sk\/index.php?rest_route=\/wp\/v2\/pages"}],"about":[{"href":"https:\/\/wls.sav.sk\/index.php?rest_route=\/wp\/v2\/types\/page"}],"author":[{"embeddable":true,"href":"https:\/\/wls.sav.sk\/index.php?rest_route=\/wp\/v2\/users\/1"}],"replies":[{"embeddable":true,"href":"https:\/\/wls.sav.sk\/index.php?rest_route=%2Fwp%2Fv2%2Fcomments&post=2118"}],"version-history":[{"count":11,"href":"https:\/\/wls.sav.sk\/index.php?rest_route=\/wp\/v2\/pages\/2118\/revisions"}],"predecessor-version":[{"id":2249,"href":"https:\/\/wls.sav.sk\/index.php?rest_route=\/wp\/v2\/pages\/2118\/revisions\/2249"}],"up":[{"embeddable":true,"href":"https:\/\/wls.sav.sk\/index.php?rest_route=\/wp\/v2\/pages\/319"}],"wp:attachment":[{"href":"https:\/\/wls.sav.sk\/index.php?rest_route=%2Fwp%2Fv2%2Fmedia&parent=2118"}],"curies":[{"name":"wp","href":"https:\/\/api.w.org\/{rel}","templated":true}]}}