{"id":328,"date":"2014-03-20T09:08:52","date_gmt":"2014-03-20T08:08:52","guid":{"rendered":"http:\/\/www.wls.sav.sk\/?page_id=328"},"modified":"2023-11-14T15:47:31","modified_gmt":"2023-11-14T14:47:31","slug":"redakcia-a-redakcna-rada","status":"publish","type":"page","link":"https:\/\/wls.sav.sk\/?page_id=95","title":{"rendered":"Editorial Staff and Editorial Board"},"content":{"rendered":"<ul class='gdl-toggle-box'>\n<li>\n<h2 class='toggle-box-head title-color gdl-title'><span class='toggle-box-head-image active'><\/span>EDITORIAL STAFF<\/h2>\n<div class='toggle-box-content active'>Jana Cvikov\u00e1 (Editor-in-Chief)<br \/>\nEva Kenderessy<\/div>\n<\/li>\n<li>\n<h2 class='toggle-box-head title-color gdl-title'><span class='toggle-box-head-image active'><\/span>EDITORIAL BOARD<\/h2>\n<div class='toggle-box-content active'>\nKatar\u00edna Bedn\u00e1rov\u00e1<br \/>\nAdam B\u017eoch<br \/>\nR\u00f3bert G\u00e1frik<br \/>\nJudit G\u00f6r\u00f6zdi<br \/>\nM\u00e1ria Kus\u00e1<br \/>\nRoman Mikul\u00e1\u0161<br \/>\nDobrota Pucherov\u00e1<br \/>\nLibu\u0161a Vajdov\u00e1<br \/>\n(Institute of World Literature, Slovak\u00a0Academy of Sciences, Bratislava)<\/p>\n<hr \/>\n<p>Mari\u00e1n Andri\u010d\u00edk (Pavol Jozef \u0160af\u00e1rik\u00a0University in Ko\u0161ice)<br \/>\nMagdolna Balogh (Institute\u00a0for Literary Studies, Hungarian\u00a0Academy of Sciences, Budapest)<br \/>\nMarcel Cornis-Pope (Virginia\u00a0Commonwealth University, Richmond)<br \/>\nXavier Galmiche\u00a0(University Paris \u2013 Sorbonne)<br \/>\nZden\u011bk Hrbata (Institute of Czech\u00a0Literature, Academy of Sciences CR,\u00a0Prague)<br \/>\nMagda Ku\u010derkov\u00e1 (Constantin the Philosopher University in Nitra)<br \/>\nAnton Pokriv\u010d\u00e1k (Constantine the\u00a0Philosopher University, Nitra)<br \/>\nIvo Posp\u00ed\u0161il (Masaryk University, Brno)<br \/>\nClara Royer (University Paris \u2013 Sorbonne)<br \/>\nCharles Sabatos (Yeditepe University in Istanbul)<br \/>\nMonica Spiridon (University of Bucharest)<br \/>\nMilo\u0161 Zelenka (University of South\u00a0Bohemia in \u010cesk\u00e9 Bud\u011bjovice)<br \/>\nBodo Zelinsky (University of Cologne)<\/p>\n<\/div>\n<\/li>\n<\/ul>\n<p>&nbsp;<\/p>\n<p>&nbsp;<\/p>\n","protected":false},"excerpt":{"rendered":"<p>&nbsp; &nbsp;<\/p>\n","protected":false},"author":1,"featured_media":0,"parent":235,"menu_order":0,"comment_status":"closed","ping_status":"closed","template":"","meta":[],"_links":{"self":[{"href":"https:\/\/wls.sav.sk\/index.php?rest_route=\/wp\/v2\/pages\/328"}],"collection":[{"href":"https:\/\/wls.sav.sk\/index.php?rest_route=\/wp\/v2\/pages"}],"about":[{"href":"https:\/\/wls.sav.sk\/index.php?rest_route=\/wp\/v2\/types\/page"}],"author":[{"embeddable":true,"href":"https:\/\/wls.sav.sk\/index.php?rest_route=\/wp\/v2\/users\/1"}],"replies":[{"embeddable":true,"href":"https:\/\/wls.sav.sk\/index.php?rest_route=%2Fwp%2Fv2%2Fcomments&post=328"}],"version-history":[{"count":36,"href":"https:\/\/wls.sav.sk\/index.php?rest_route=\/wp\/v2\/pages\/328\/revisions"}],"predecessor-version":[{"id":2509,"href":"https:\/\/wls.sav.sk\/index.php?rest_route=\/wp\/v2\/pages\/328\/revisions\/2509"}],"up":[{"embeddable":true,"href":"https:\/\/wls.sav.sk\/index.php?rest_route=\/wp\/v2\/pages\/235"}],"wp:attachment":[{"href":"https:\/\/wls.sav.sk\/index.php?rest_route=%2Fwp%2Fv2%2Fmedia&parent=328"}],"curies":[{"name":"wp","href":"https:\/\/api.w.org\/{rel}","templated":true}]}}