{"id":363,"date":"2014-03-13T14:37:05","date_gmt":"2014-03-13T13:37:05","guid":{"rendered":"http:\/\/www.wls.sav.sk\/?page_id=363"},"modified":"2023-04-12T09:40:55","modified_gmt":"2023-04-12T08:40:55","slug":"2009-2","status":"publish","type":"page","link":"https:\/\/wls.sav.sk\/?page_id=40","title":{"rendered":"2009"},"content":{"rendered":"<ul class='tabs'>\n<li><a data-href=\"tab-0\" class=\"gdl-title active\" >1 \/ 2009<\/a><\/li>\n<li><a data-href=\"tab-1\" class=\"gdl-title \" >2 \/ 2009<\/a><\/li>\n<li><a data-href=\"tab-2\" class=\"gdl-title \" >3 \/ 2009<\/a><\/li>\n<li><a data-href=\"tab-3\" class=\"gdl-title \" >4 \/ 2009<\/a><\/li>\n<\/ul>\n<ul class='tabs-content'>\n<li data-href=\"tab-0\" class=\"active\" ><a title=\"Editori\u00e1l\" href=\"http:\/\/www.wls.sav.sk\/wp-content\/uploads\/WLS1_09_editorial.pdf\" target=\"_blank\">Editorial<\/a><br \/>\n<a title=\"Robert G\u00e1frik: New Theoretical Vistas in Comparative Literature\" href=\"http:\/\/www.wls.sav.sk\/wp-content\/uploads\/WLS1_09_uvod.pdf\" target=\"_blank\">R\u00f3bert G\u00e1frik:\u00a0New Theoretical Vistas in Comparative Literature<\/a><\/p>\n<p><strong>a r t i c l e s<\/strong><br \/>\n<a title=\"Mari\u00e1n G\u00e1lik\" href=\"http:\/\/www.wls.sav.sk\/wp-content\/uploads\/WLS1_09_Galik.pdf\" target=\"_blank\">Mari\u00e1n G\u00e1lik:\u00a0The Slovak Comparativist, Dion\u00fdz \u010euri\u0161in, and his International Reception<\/a><br \/>\n<a title=\"Marcel Cornis-Pope\" href=\"http:\/\/www.wls.sav.sk\/wp-content\/uploads\/WLS1_09_Cornis-Pope.pdf\" target=\"_blank\">Marce l Cornis-Pope :\u00a0Urban Cartographies in the Post-Cold War Era: Postmodern Challenges to Ethnocentric\u00a0and Globalist Mappings<\/a><br \/>\n<a title=\"Robert G\u00e1frik\" href=\"http:\/\/www.wls.sav.sk\/wp-content\/uploads\/WLS1_09_Gafrik.pdf\" target=\"_blank\">R\u00f3bert G\u00e1frik:\u00a0The Notion of World Literature and the Definition of Literature in Western and Indian\u00a0Literary Studies<\/a><br \/>\n<a title=\"Monica Spiridon\" href=\"http:\/\/www.wls.sav.sk\/wp-content\/uploads\/WLS1_09_Spiridon.pdf\" target=\"_blank\">Monica Spiridon:\u00a0After Babel: Identities in Search of a Name<\/a><br \/>\n<a title=\"Ivo Posp\u00ed\u0161il\" href=\"http:\/\/www.wls.sav.sk\/wp-content\/uploads\/WLS1_09_Pospisil.pdf\" target=\"_blank\">Ivo Posp\u00ed\u0161il:\u00a0The Permanent Crisis, Or Can, Could or Should Comparative Literary Studies Survive?:\u00a0Between History, Theory and Area Studies<\/a><br \/>\n<a title=\"M\u00e1ria B\u00e1torov\u00e1\" href=\"http:\/\/www.wls.sav.sk\/wp-content\/uploads\/WLS1_09_Batorova.pdf\" target=\"_blank\">M\u00e1ria B\u00e1torov\u00e1:\u00a0Modern and Non-Modern Conservativism:\u00a0Comparative Approaches and Identifying Modernism<\/a><\/p>\n<p><strong>b o o k \u00a0 \u00a0r e v i e w s<\/strong><br \/>\n<a href=\"http:\/\/www.wls.sav.sk\/wp-content\/uploads\/WLS1_09_recenzie.pdf\" target=\"_blank\">Anders Pettersson \u2013 Gunilla Linberg-Wada \u2013 Margareta Petersson \u2013 Stefan Helgesson: Literary\u00a0History: Towards a Global Perspective (<i>R\u00f3bert G\u00e1frik<\/i>)<\/a><br \/>\n<a href=\"http:\/\/www.wls.sav.sk\/wp-content\/uploads\/WLS1_09_recenzie.pdf\" target=\"_blank\"> Comparative Literature in an Age of Globalization (<i>Libu\u0161a Vajdov\u00e1<\/i>)<\/a><br \/>\n<a href=\"http:\/\/www.wls.sav.sk\/wp-content\/uploads\/WLS1_09_recenzie.pdf\" target=\"_blank\"> History of the Literary Cultures of East-Central Europe: Junctures and Disjunctures in the\u00a019th and 20th Centuries (<i>Milo\u0161 Zelenka<\/i>)<\/a><\/p>\n<\/li>\n<li data-href=\"tab-1\" class=\"\" >\n<p><strong>n \u00e1 \u0161 \u00a0\u00a0h o s \u0165 \/ g\u00a0u e s t \u00a0 l e c t u r e<br \/>\n<\/strong><a title=\"Benedikts Kalnacs\" href=\"http:\/\/www.wls.sav.sk\/wp-content\/uploads\/WLS_2_09\/WLS2_09_Kalnacs.pdf\" target=\"_blank\">Benedikts Kalnacs:\u00a0Baltsk\u00e9 literat\u00fary: Glob\u00e1lne aspekty v lok\u00e1lnom kontexte<\/a><\/p>\n<p><strong>\u0161 t \u00fa d i e \/ a r t i c l e s<\/strong><br \/>\n<a title=\"Dominguez\" href=\"http:\/\/www.wls.sav.sk\/wp-content\/uploads\/WLS_2_09\/WLS2_09_Dominguez.pdf\" target=\"_blank\">C\u00e9sar Dom\u00ednguez:\u00a0Porovn\u00e1vacia literat\u00fara a te\u00f3rie medziliter\u00e1rnosti v \u0160panielsku\/z poh\u013eadu\u00a0\u0160panielska<\/a><br \/>\n<a title=\"Franek\" href=\"http:\/\/www.wls.sav.sk\/wp-content\/uploads\/WLS_2_09\/WLS2_09_Franek.pdf\" target=\"_blank\">Ladislav Franek:\u00a0Porovn\u00e1vacia literat\u00fara a umeleck\u00fd preklad<\/a><br \/>\n<a title=\"Balogh\" href=\"http:\/\/www.wls.sav.sk\/wp-content\/uploads\/WLS_2_09\/WLS2_09_Balogh.pdf\" target=\"_blank\">Magdolna Balogh:\u00a0Pozn\u00e1mky k ideovo-historick\u00e9mu kontextu pojmu \u201e\u013eudovos\u0165\u201c v stredoeur\u00f3pskom\u00a0socialistickom realizme<\/a><br \/>\n<a title=\"Batorova\" href=\"http:\/\/www.wls.sav.sk\/wp-content\/uploads\/WLS_2_09\/WLS2_09_Batorova.pdf\" target=\"_blank\">M\u00e1ria B\u00e1torov\u00e1:\u00a0\u201eVn\u00fatorn\u00e1 emigr\u00e1cia\u201c ako gesto slobody (Dominik Tatarka a Ludv\u00edk Vacul\u00edk)<\/a><\/p>\n<p><strong>r o z h o vo r \/ i n t e r v i e w<\/strong><br \/>\n<a title=\"Tesarova\" href=\"http:\/\/www.wls.sav.sk\/wp-content\/uploads\/WLS_2_09\/WLS2_09_Tesarova.pdf\" target=\"_blank\">Jana Tesa\u0159ov\u00e1 \u2013 anneli mihkelev\u00a0O porovn\u00e1vacej liter\u00e1rnej vede v Est\u00f3nsku<\/a><\/p>\n<p><strong>r o z h \u013e a dy \/ h o r i zo n s<\/strong><br \/>\n<a title=\"Vajdova\" href=\"http:\/\/www.wls.sav.sk\/wp-content\/uploads\/WLS_2_09\/WLS2_09_Vajdova.pdf\" target=\"_blank\">Libu\u0161a Vajdov\u00e1:\u00a0Medzi n\u00e1rodnou literat\u00farou a komparatistikou<\/a><\/p>\n<p><strong>r e c e n z i e \/ b o o k \u00a0 r e v i e w s<\/strong><br \/>\n<a title=\"recenzie\" href=\"http:\/\/www.wls.sav.sk\/wp-content\/uploads\/WLS_2_09\/WLS2_09_recenzie\" target=\"_blank\">Anneli Mihkelev \u2013 Benedikts Kalna\u010ds (eds.): We Have Something in Common: The Baltic\u00a0Memory (<i>Jana Tesa\u0159ov\u00e1<\/i>)<\/a><br \/>\n<a title=\"recenzie\" href=\"http:\/\/www.wls.sav.sk\/wp-content\/uploads\/WLS_2_09\/WLS2_09_recenzie\" target=\"_blank\"> History of the Literary Cultures of East-Central Europe. Junctures and Disjunctures\u00a0in the 19th and 20th Centuries (<i>Libu\u0161a Vajdov\u00e1<\/i>)<\/a><br \/>\n<a title=\"recenzie\" href=\"http:\/\/www.wls.sav.sk\/wp-content\/uploads\/WLS_2_09\/WLS2_09_recenzie\" target=\"_blank\"> Endre Bojt\u00e1r: \u201eHaz\u00e1t \u00e9s n\u00e9pet \u00e1lmod\u00e1nk&#8230;\u201c Felvil\u00e1gosod\u00e1s \u00e9s romantika a k\u00f6z\u00e9p- \u00e9s keleteur\u00f3pai\u00a0irodalmakban (<i>Judit G\u00f6r\u00f6zdi<\/i>)<\/a><br \/>\n<a title=\"recenzie\" href=\"http:\/\/www.wls.sav.sk\/wp-content\/uploads\/WLS_2_09\/WLS2_09_recenzie\" target=\"_blank\"> Hana Hl\u00f4\u0161kov\u00e1 \u2013 Anna Zelenkov\u00e1 (eds.): Slavista Frank Wollman v kontexte literat\u00fary\u00a0a folkl\u00f3ru I\u2013II . (<i>M\u00e1ria Valentov\u00e1<\/i>)<\/a><br \/>\n<a title=\"recenzie\" href=\"http:\/\/www.wls.sav.sk\/wp-content\/uploads\/WLS_2_09\/WLS2_09_recenzie\" target=\"_blank\"> Ivo Posp\u00ed\u0161il: Srovn\u00e1vac\u00ed studie (Komparatistika, slavistika, rusistika a \u010desko-slovensk\u00e9\u00a0souvislosti) (<i>So\u0148a Pa\u0161tekov\u00e1<\/i>)<\/a><br \/>\n<a title=\"recenzie\" href=\"http:\/\/www.wls.sav.sk\/wp-content\/uploads\/WLS_2_09\/WLS2_09_recenzie\" target=\"_blank\"> Danu\u0161e K\u0161icov\u00e1: Od moderny k avantgard\u011b, rusko-\u010desk\u00e9 paralely (<i>Eva Maliti<\/i>)<\/a><\/p>\n<p><strong>s p r \u00e1 v y \/ r e p o r t s<\/strong><br \/>\n<a title=\"spravy\" href=\"http:\/\/www.wls.sav.sk\/wp-content\/uploads\/WLS_2_09\/WLS2_09_spravy.pdf\" target=\"_blank\">Spr\u00e1va o \u010dinnosti \u00fastavu v roku 2008 (<i>Magda Ku\u010derkov\u00e1<\/i>)<\/a><br \/>\n<a title=\"spravy\" href=\"http:\/\/www.wls.sav.sk\/wp-content\/uploads\/WLS_2_09\/WLS2_09_spravy.pdf\" target=\"_blank\"> Zaznamenali sme<\/a><\/p>\n<\/li>\n<li data-href=\"tab-2\" class=\"\" ><a title=\"Editorial\" href=\"http:\/\/www.wls.sav.sk\/wp-content\/uploads\/WLS_3_09\/WLS3_09_editorial.pdf\" target=\"_blank\"><span style=\"line-height: 1.5em;\">Editori\u00e1l<\/span><\/a>\n<p><strong>n\u00a0\u00e1 \u0161 \u00a0 h\u00a0o s \u0165 \/ g\u00a0u e s t \u00a0 l e c t u r e<\/strong><br \/>\n<a title=\"Wuilmart\" href=\"http:\/\/www.wls.sav.sk\/wp-content\/uploads\/WLS_3_09\/WLS3_09_Wuilmart.pdf\" target=\"_blank\">Fran\u00e7oise Wuilmart:\u00a0Spr\u00e1vne pochopen\u00fd umeleck\u00fd preklad ako v\u00fdzva pre Eur\u00f3pu\/tromf Eur\u00f3py<\/a><\/p>\n<p><strong>\u0161 t \u00fa d i e \/ a r t i c l e s<\/strong><br \/>\n<a title=\"Bednarova\" href=\"http:\/\/www.wls.sav.sk\/wp-content\/uploads\/WLS_3_09\/WLS3_09_Bednarova.pdf\" target=\"_blank\">Katar\u00edna Bedn\u00e1rov\u00e1:\u00a0Z te\u00f3rie a praxe (autorsk\u00e9ho) prekladu<\/a><br \/>\n<a title=\"Suwara\" href=\"http:\/\/www.wls.sav.sk\/wp-content\/uploads\/WLS_3_09\/WLS3_09_Suwara.pdf\" target=\"_blank\">Bogumi\u0142a Suwara:\u00a0Te\u00f3ria a kritika prekladu z poh\u013eadu interdisciplinarity a transdisciplinarity<\/a><br \/>\n<a title=\"Zitny\" href=\"http:\/\/www.wls.sav.sk\/wp-content\/uploads\/WLS_3_09\/WLS3_09_Zitny.pdf\" target=\"_blank\">Milan \u017ditn\u00fd:\u00a0Preklad z bl\u00edzkeho jazyka\u00a0(K niektor\u00fdm aspektom R\u00fafusov\u00fdch prekladov \u010deskej po\u00e9zie)<\/a><\/p>\n<p><strong>r o z h \u013e a d y \/ h o r i z o n s<\/strong><br \/>\n<a title=\"Cosculluela\" href=\"http:\/\/www.wls.sav.sk\/wp-content\/uploads\/WLS_3_09\/WLS3_09_Cosculluela.pdf\" target=\"_blank\">Vivien Cosculluela:\u00a0Berman alebo koniec protikladu te\u00f3ria \u2013 prax<\/a><br \/>\n<a title=\"Underhill\" href=\"http:\/\/www.wls.sav.sk\/wp-content\/uploads\/WLS_3_09\/WLS3_09_Underhill.pdf\" target=\"_blank\">James Underhill:\u00a0Radik\u00e1lny preklad: vzbura proti jazyku alebo vstup subjektu?<\/a><\/p>\n<p><strong>r e c e n z i e \/ bo o k r e v i e w s<\/strong><br \/>\n<a title=\"recenzie\" href=\"http:\/\/www.wls.sav.sk\/wp-content\/uploads\/WLS_3_09\/WLS3_09_recenzie.pdf\" target=\"_blank\">J\u00e1n Jankovi\u010d: Po\u00e9zia slovensko-srbskej vz\u00e1jomnosti (1827\u20131938). Abeceda pobratimstva\u00a0\u2013 Bukvar bratimljenja (<i>Zvonko Taneski<\/i>)<\/a><br \/>\n<a title=\"recenzie\" href=\"http:\/\/www.wls.sav.sk\/wp-content\/uploads\/WLS_3_09\/WLS3_09_recenzie.pdf\" target=\"_blank\"> Anna Valcerov\u00e1: H\u013eadanie s\u00favislost\u00ed v b\u00e1snickom preklade (<i>O\u013ega Kova\u010di\u010dov\u00e1<\/i>)<\/a><br \/>\n<a title=\"recenzie\" href=\"http:\/\/www.wls.sav.sk\/wp-content\/uploads\/WLS_3_09\/WLS3_09_recenzie.pdf\" target=\"_blank\"> Alojz Ken\u00ed\u017e: Preklad ako hra na invariant a ekvivalenciu (<i>M\u00e1ria Valentov\u00e1<\/i>)<\/a><br \/>\n<a title=\"recenzie\" href=\"http:\/\/www.wls.sav.sk\/wp-content\/uploads\/WLS_3_09\/WLS3_09_recenzie.pdf\" target=\"_blank\"> Tvorivos\u0165 liter\u00e1rnej recepcie \/ Az irodalmi recepci\u00f3 kreativit\u00e1sa Judit G\u00f6r\u00f6zdi \u2013 Gabriela\u00a0Magov\u00e1 (eds. ) (<i>Ren\u00e1ta De\u00e1kov\u00e1<\/i>)<\/a><br \/>\n<a title=\"recenzie\" href=\"http:\/\/www.wls.sav.sk\/wp-content\/uploads\/WLS_3_09\/WLS3_09_recenzie.pdf\" target=\"_blank\"> Myslenie o preklade. Libu\u0161a Vajdov\u00e1 (ed.) (<i>M\u00e1ria Kus\u00e1<\/i>)<\/a><br \/>\n<a title=\"recenzie\" href=\"http:\/\/www.wls.sav.sk\/wp-content\/uploads\/WLS_3_09\/WLS3_09_recenzie.pdf\" target=\"_blank\"> Mircea Eliade v evropsk\u00e9m kontextu \/ Mircea Eliade in contextul european. Libu\u0161e Valentov\u00e1\u00a0(ed.). (<i>Tamara Mikulov\u00e1<\/i>)<\/a><br \/>\n<a title=\"recenzie\" href=\"http:\/\/www.wls.sav.sk\/wp-content\/uploads\/WLS_3_09\/WLS3_09_recenzie.pdf\" target=\"_blank\"> Xavier Galmiche: Vladim\u00edr Holan, le biblioth\u00e9caire de Dieu (Prague 1905\u20131980)\u00a0(<i>Katar\u00edna Bedn\u00e1rov\u00e1<\/i>)<\/a><br \/>\n<a title=\"recenzie\" href=\"http:\/\/www.wls.sav.sk\/wp-content\/uploads\/WLS_3_09\/WLS3_09_recenzie.pdf\" target=\"_blank\"> Kett\u0151s megvil\u00e1g\u00edt\u00e1s. Ford\u00edt\u00e1selm\u00e9leti \u00edr\u00e1sok Szent Jeromost\u00f3l a 20. sz\u00e1zad v\u00e9g\u00e9ig J\u00f3zan\u00a0Ildik\u00f3, Jeney \u00c9va, Hajdu P\u00e9ter (eds.) (<i>Judit G\u00f6r\u00f6zdi<\/i>)<\/a><br \/>\n<a title=\"recenzie\" href=\"http:\/\/www.wls.sav.sk\/wp-content\/uploads\/WLS_3_09\/WLS3_09_recenzie.pdf\" target=\"_blank\"> L\u2019oubli\u00e9 et l\u2019interdit. Litt\u00e9rature, r\u00e9sistance, dissidence et r\u00e9silience en Europe Centrale et\u00a0Orientale (1947\u20131989) Roumiana L. Stantcheva \u2013 Alain Vuillemain (eds. )\u00a0(<i>Libu\u0161a Vajdov\u00e1<\/i>)<\/a><br \/>\n<a title=\"recenzie\" href=\"http:\/\/www.wls.sav.sk\/wp-content\/uploads\/WLS_3_09\/WLS3_09_recenzie.pdf\" target=\"_blank\"> Routledge Encyclopedia of Translation Studies. Mona Baker, Kirsten Malmkjaer (eds.)\u00a0(<i>Libu\u0161a Vajdov\u00e1<\/i>)<\/a><\/p>\n<p><strong>s p r \u00e1 v y \/ r e p o r t s<\/strong><br \/>\n<a title=\"spravy\" href=\"http:\/\/www.wls.sav.sk\/wp-content\/uploads\/WLS_3_09\/WLS3_09_spravy.pdf\" target=\"_blank\">Zaznamenali sme<\/a><\/p>\n<\/li>\n<li data-href=\"tab-3\" class=\"\" ><a title=\"Editorial\" href=\"http:\/\/www.wls.sav.sk\/wp-content\/uploads\/WLS_4_09\/editorial.pdf\" target=\"_blank\">Editorial<\/a>\n<p><strong> a r t i c l e s<\/strong><br \/>\n<a title=\"Kusa\" href=\"http:\/\/www.wls.sav.sk\/wp-content\/uploads\/WLS_4_09\/kusa1.pdf\" target=\"_blank\">M\u00e1ria Kus\u00e1:\u00a0Current State of the Slovak Thinking on Translation<\/a><\/p>\n<p><strong>i n q u i ry<\/strong><br \/>\n<a title=\"anketa\" href=\"http:\/\/www.wls.sav.sk\/wp-content\/uploads\/WLS_4_09\/anketa.pdf\" target=\"_blank\">What is Your Opinion?<\/a><\/p>\n<p><strong>m a t t e r s<\/strong><br \/>\n<a title=\"Gromova\" href=\"http:\/\/www.wls.sav.sk\/wp-content\/uploads\/WLS_4_09\/gromova.pdf\" target=\"_blank\">Edita Gromov\u00e1:\u00a0Translation Studies in Nitra<\/a><br \/>\n<a title=\"bilovesky\" href=\"http:\/\/www.wls.sav.sk\/wp-content\/uploads\/WLS_4_09\/bilovesky.pdf\" target=\"_blank\">Vladim\u00edr Bilovesk\u00fd \u2013 \u013eubica bren kusov\u00e1:\u00a0Translation Studies in Bansk\u00e1 Bystrica Facts and Figures<\/a><br \/>\n<a title=\"Valcerova\" href=\"http:\/\/www.wls.sav.sk\/wp-content\/uploads\/WLS_4_09\/valcerova.pdf\" target=\"_blank\">Anna Valcerov\u00e1:\u00a0Institute of Translation and Interpreting: Facts and Figures<\/a><br \/>\n<a title=\"Raksanyiova\" href=\"http:\/\/www.wls.sav.sk\/wp-content\/uploads\/WLS_4_09\/raksanyiova.pdf\" target=\"_blank\">Jana Rak\u0161\u00e1nyiov\u00e1:\u00a0Translation Studies at Comenius University in Bratislava: Facts and Figures\u00a0<\/a><br \/>\n<a title=\"Vajdova\" href=\"http:\/\/www.wls.sav.sk\/wp-content\/uploads\/WLS_4_09\/vajdova.pdf\" target=\"_blank\">Libu\u0161a Vajdov\u00e1:\u00a0Modern and Non-Modern Conservativism:\u00a0Comparative Approaches and Identifying Modernism\u00a0<\/a><br \/>\n<a title=\"kusa\" href=\"http:\/\/www.wls.sav.sk\/wp-content\/uploads\/WLS_4_09\/kusa2.pdf\" target=\"_blank\">M\u00e1ria Kus\u00e1:\u00a0Starting Points for the Project Dictionary of Translators in Slovakia as a Result of the History-\u00a0Based Translatological Research\u00a0<\/a><br \/>\n<a title=\"Keniz\" href=\"http:\/\/www.wls.sav.sk\/wp-content\/uploads\/WLS_4_09\/keniz.pdf\" target=\"_blank\">Alojz Ken\u00ed\u017e:\u00a0Summer School\u00a0<\/a><br \/>\n<a title=\"samcova Revue\" href=\"http:\/\/www.wls.sav.sk\/wp-content\/uploads\/WLS_4_09\/samcova.pdf\" target=\"_blank\">Jarmila Samcov\u00e1:\u00a0Revue svetovej literat\u00fary<\/a><br \/>\n<a href=\"http:\/\/www.wls.sav.sk\/wp-content\/uploads\/WLS_4_09\/SSPUL_SSPOL.pdf\" target=\"_blank\">O\u013ega Ruppeldtov\u00e1:\u00a0SS PUL Modern and Non-Modern Conservativism:\u00a0Comparative Approaches and Identifying Modernism\u00a0<\/a><br \/>\n<a href=\"http:\/\/www.wls.sav.sk\/wp-content\/uploads\/WLS_4_09\/WLS4_09_SSPUL_SSPOL.pdf\" target=\"_blank\">Jaroslav \u0160olt\u00fds:\u00a0SS POL Modern and Non-Modern Conservativism:\u00a0Comparative Approaches and Identifying Modernism<\/a> <\/li>\n<\/ul>\n","protected":false},"excerpt":{"rendered":"","protected":false},"author":1,"featured_media":0,"parent":319,"menu_order":100,"comment_status":"closed","ping_status":"closed","template":"","meta":[],"_links":{"self":[{"href":"https:\/\/wls.sav.sk\/index.php?rest_route=\/wp\/v2\/pages\/363"}],"collection":[{"href":"https:\/\/wls.sav.sk\/index.php?rest_route=\/wp\/v2\/pages"}],"about":[{"href":"https:\/\/wls.sav.sk\/index.php?rest_route=\/wp\/v2\/types\/page"}],"author":[{"embeddable":true,"href":"https:\/\/wls.sav.sk\/index.php?rest_route=\/wp\/v2\/users\/1"}],"replies":[{"embeddable":true,"href":"https:\/\/wls.sav.sk\/index.php?rest_route=%2Fwp%2Fv2%2Fcomments&post=363"}],"version-history":[{"count":10,"href":"https:\/\/wls.sav.sk\/index.php?rest_route=\/wp\/v2\/pages\/363\/revisions"}],"predecessor-version":[{"id":808,"href":"https:\/\/wls.sav.sk\/index.php?rest_route=\/wp\/v2\/pages\/363\/revisions\/808"}],"up":[{"embeddable":true,"href":"https:\/\/wls.sav.sk\/index.php?rest_route=\/wp\/v2\/pages\/319"}],"wp:attachment":[{"href":"https:\/\/wls.sav.sk\/index.php?rest_route=%2Fwp%2Fv2%2Fmedia&parent=363"}],"curies":[{"name":"wp","href":"https:\/\/api.w.org\/{rel}","templated":true}]}}