{"id":210,"date":"2014-08-12T15:23:25","date_gmt":"2014-08-12T14:23:25","guid":{"rendered":"http:\/\/www.wls.sav.sk\/?page_id=210"},"modified":"2023-04-12T09:41:44","modified_gmt":"2023-04-12T08:41:44","slug":"2014-2","status":"publish","type":"page","link":"https:\/\/wls.sav.sk\/?page_id=210","title":{"rendered":"2014"},"content":{"rendered":"<ul class='tabs'>\n<li><a data-href=\"tab-0\" class=\"gdl-title active\" >1 \/ 2014<\/a><\/li>\n<li><a data-href=\"tab-1\" class=\"gdl-title \" >2 \/ 2014<\/a><\/li>\n<li><a data-href=\"tab-2\" class=\"gdl-title \" >3 \/ 2014<\/a><\/li>\n<li><a data-href=\"tab-3\" class=\"gdl-title \" >4 \/ 2014<\/a><\/li>\n<\/ul>\n<ul class='tabs-content'>\n<li data-href=\"tab-0\" class=\"active\" >\n<p><a href=\"http:\/\/www.wls.sav.sk\/wp-content\/uploads\/WLS_1_14\/WLS1_2014_editorial.pdf\" target=\"_blank\">Editori\u00e1l<\/a><\/p>\n<p>\u0161 t \u00fa d i e \/ a r t i c l e s<br \/>\n<a href=\"http:\/\/www.wls.sav.sk\/wp-content\/uploads\/WLS_1_14\/WLS1_2014_Kucerkova.pdf\" target=\"_blank\">Magda Ku\u010derkov\u00e1 \u2014 Miroslava Re\u017en\u00e1:\u00a0Vn\u00fatorn\u00e9 obrazy u kres\u0165ansk\u00fdch mystikov. Liter\u00e1rno-s\u00e9mantick\u00e1 charakteristika<\/a><br \/>\n<a href=\"http:\/\/www.wls.sav.sk\/wp-content\/uploads\/WLS_1_14\/WLS1_2014_Gritti.pdf\" target=\"_blank\">Fabiano Gritti: Duchovn\u00e9 h\u013eadanie v hermetickej po\u00e9zii Maria Luziho<\/a><br \/>\n<a href=\"http:\/\/www.wls.sav.sk\/wp-content\/uploads\/WLS_1_14\/WLS1_2014_Dulebova.pdf\" target=\"_blank\">Irina Dulebov\u00e1:\u00a0K ot\u00e1zke reflexie n\u00e1bo\u017eenskej sk\u00fasenosti v ruskej pr\u00f3ze 21. storo\u010dia<\/a><br \/>\n<a href=\"http:\/\/www.wls.sav.sk\/wp-content\/uploads\/WLS_1_14\/WLS1_2014_Bojnicanova.pdf\" target=\"_blank\">Ren\u00e1ta Bojni\u010danov\u00e1:\u00a0Duchovn\u00e9 cesty v katal\u00e1nskej po\u00e9zii na prelome 19. a 20. storo\u010dia.\u00a0Od Jacinta Verdaguera k Joanovi Maragallovi<\/a><br \/>\n<a href=\"http:\/\/www.wls.sav.sk\/wp-content\/uploads\/WLS_1_14\/WLS1_2014_Franek.pdf\" target=\"_blank\">Ladislav Franek:\u00a0B\u00e1snik-vedec v trad\u00edcii n\u00e1roda (Octavio Paz)<\/a><br \/>\n<a href=\"http:\/\/www.wls.sav.sk\/wp-content\/uploads\/WLS_1_14\/WLS1_2014_Szenasi.pdf\" target=\"_blank\">Zolt\u00e1n Sz\u00e9n\u00e1si: Literat\u00fara, teol\u00f3gia a modernita (Historick\u00e1, existenci\u00e1lna a n\u00e1bo\u017eensk\u00e1 sk\u00fasenos\u0165 v b\u00e1snickom diele J\u00e1nosa Pilinszk\u00e9ho)<\/a><br \/>\n<a href=\"http:\/\/www.wls.sav.sk\/wp-content\/uploads\/WLS_1_14\/WLS1_2014_Kerulova.pdf\" target=\"_blank\">Marta Keru\u013eov\u00e1:\u00a0Kontinuita stredovekej religiozity u Jozefa C\u00edgera Hronsk\u00e9ho<\/a><\/p>\n<p>r o z h \u013e a d y \/ h o r i z o n s<br \/>\n<a href=\"http:\/\/www.wls.sav.sk\/wp-content\/uploads\/WLS_1_14\/WLS1_2014_Paholikova.pdf\" target=\"_blank\">Tatiana Pahol\u00edkov\u00e1: Nebesk\u00e9 rukavice pre Jeana Cocteaua<\/a><br \/>\n<a href=\"http:\/\/www.wls.sav.sk\/wp-content\/uploads\/WLS_1_14\/WLS1_2014_Gorozdi.pdf\" target=\"_blank\">Zsolt G\u00f6r\u00f6zdi: Podnety v\u00fdskumu narat\u00edvu pre s\u00fa\u010dasn\u00fa teol\u00f3giu<\/a><\/p>\n<p>m a t e r i \u00e1 l y \/ m a t t e r s<br \/>\n<a href=\"http:\/\/www.wls.sav.sk\/wp-content\/uploads\/WLS_1_14\/WLS1_2014_Zitny.pdf\" target=\"_blank\">Milan \u017ditn\u00fd: Bardejovsk\u00fd katechizmus z roku 1581<\/a><\/p>\n<p>r e c e n z i e \/ b o o k r e v i e w s<br \/>\n<a href=\"http:\/\/www.wls.sav.sk\/wp-content\/uploads\/WLS_1_14\/WLS1_2014_recenzie.pdf\" target=\"_blank\">Psychoanalyse in der Slowakei. Eine Geschichte von Enthusiasmus und Widerstand\u00a0(Roman Mikul\u00e1\u0161)<\/a><br \/>\n<a href=\"http:\/\/www.wls.sav.sk\/wp-content\/uploads\/WLS_1_14\/WLS1_2014_recenzie.pdf\" target=\"_blank\"> Christoph Strosetzki: Konversation als Sprachkultur. Elemente einer historischen\u00a0Kommunikationspragmatik (Adam B\u017eoch)<\/a><br \/>\n<a href=\"http:\/\/www.wls.sav.sk\/wp-content\/uploads\/WLS_1_14\/WLS1_2014_recenzie.pdf\" target=\"_blank\"> Martin \u0160t\u00far: Tragika u Unamuna. Tragika ako kon\u0161titut\u00edvny prvok Unamunovho postoja\u00a0k jazyku, kult\u00fare a \u017eivotu (Klement Mitterpach)<\/a><br \/>\n<a href=\"http:\/\/www.wls.sav.sk\/wp-content\/uploads\/WLS_1_14\/WLS1_2014_recenzie.pdf\" target=\"_blank\"> Ladislav Franek: Interdisciplin\u00e1rnos\u0165 v symbi\u00f3ze liter\u00e1rnej vedy a umenia\u00a0(Martin \u0160t\u00far)<\/a><br \/>\n<a href=\"http:\/\/www.wls.sav.sk\/wp-content\/uploads\/WLS_1_14\/WLS1_2014_recenzie.pdf\" target=\"_blank\"> V\u00e1clava Bake\u0161ov\u00e1: Ticho a nad\u011bje. K\u0159es\u0165ansk\u00e9 prvky v liter\u00e1rn\u00ed tvorb\u011b Marie No\u00eblov\u00e9,\u00a0Suzanne Renaudov\u00e9 a Sylvie Germainov\u00e9. (Silvia \u0160tofkov\u00e1)<\/a><br \/>\n<a href=\"http:\/\/www.wls.sav.sk\/wp-content\/uploads\/WLS_1_14\/WLS1_2014_recenzie.pdf\" target=\"_blank\"> Eva Reichwalderov\u00e1: Pikaro (anti)hrdina (Paul\u00edna \u0160i\u0161mi\u0161ov\u00e1)<\/a><br \/>\n<a href=\"http:\/\/www.wls.sav.sk\/wp-content\/uploads\/WLS_1_14\/WLS1_2014_recenzie.pdf\" target=\"_blank\"> Petra Pappov\u00e1: \u017densk\u00e1 postava v dramatickej tvorbe Federica Garc\u00eda Lorcu\u00a0(Zuzana Komar\u0148\u00e1kov\u00e1)<\/a><br \/>\n<a href=\"http:\/\/www.wls.sav.sk\/wp-content\/uploads\/WLS_1_14\/WLS1_2014_recenzie.pdf\" target=\"_blank\"> Zolt\u00e1n R\u00e9dey a kol.: Modely deficitn\u00fdch svetov v literat\u00fare (Eva Paril\u00e1kov\u00e1)<\/a><\/p>\n<p>s p r \u00e1 v y \u00a0\/ r e p o r t s<br \/>\n<a href=\"http:\/\/www.wls.sav.sk\/wp-content\/uploads\/WLS_1_14\/WLS1_2014_spravy.pdf\" target=\"_blank\">Zaznamenali sme<\/a><\/p>\n<p><span style=\"line-height: 1.5em;\"><\/li>\n<li data-href=\"tab-1\" class=\"\" >\n<p><a href=\"http:\/\/www.wls.sav.sk\/wp-content\/uploads\/WLS_2_14\/WLS2_2014_editorial.pdf\" target=\"_blank\">Editori\u00e1l<\/a><\/p>\n<p>n \u00e1 \u0161 h o s \u0165 \/ g u e s t l e c t u r e<br \/>\n<a href=\"http:\/\/www.wls.sav.sk\/wp-content\/uploads\/WLS_2_14\/WLS2_2014_Szegedy-Maszak.pdf\" target=\"_blank\">Mih\u00e1ly Szegedy-Masz\u00e1k: Sp\u00f4sob existencie historick\u00e9ho rom\u00e1nu<\/a><\/p>\n<p>d i s k u s i a \/ d i s c u s s i o n<br \/>\n<a href=\"http:\/\/www.wls.sav.sk\/wp-content\/uploads\/WLS_2_14\/WLS2_2014_Zajac.pdf\" target=\"_blank\">Peter Zajac: Tri typy historicity<\/a><\/p>\n<p>\u0161 t \u00fa d i e \/ a r t i c l e s<br \/>\n<a href=\"http:\/\/www.wls.sav.sk\/wp-content\/uploads\/WLS_2_14\/WLS2_2014_Vajdova.pdf\" target=\"_blank\">Libu\u0161a Vajdov\u00e1:\u00a0Dejiny literat\u00fary ako kon\u0161trukcia mo\u017en\u00fdch svetov<\/a><br \/>\n<a href=\"http:\/\/www.wls.sav.sk\/wp-content\/uploads\/WLS_2_14\/WLS2_2014_Gorozdi.pdf\" target=\"_blank\">Judit G\u00f6r\u00f6zdi:\u00a0Dejinnos\u0165 v rom\u00e1noch P\u00e9tera Esterh\u00e1zyho<\/a><br \/>\n<a href=\"http:\/\/www.wls.sav.sk\/wp-content\/uploads\/WLS_2_14\/WLS2_2014_Balogh.pdf\" target=\"_blank\">Magdolna Balogh:\u00a0Pam\u00e4\u0165 a nostalgia v s\u00fa\u010dasnom po\u013eskom rom\u00e1ne<\/a><br \/>\n<a href=\"http:\/\/www.wls.sav.sk\/wp-content\/uploads\/WLS_2_14\/WLS2_2014_Pucherova.pdf\" target=\"_blank\">Dobrota Pucherov\u00e1:\u00a0Trauma a pam\u00e4\u0165 augusta 1968 v s\u00fa\u010dasnom slovenskom rom\u00e1ne<\/a><br \/>\n<a href=\"http:\/\/www.wls.sav.sk\/wp-content\/uploads\/WLS_2_14\/WLS2_2014_Boka.pdf\" target=\"_blank\">L\u00e1szl\u00f3 Boka: Historick\u00e9 podh\u013eady, sedmohradsk\u00e9 rom\u00e1ny (Narat\u00edvne \u0161trukt\u00fary a biografick\u00e9 pramene v pr\u00f3zach Gy\u00f6rgya Dragom\u00e1na a S\u00e1ndora Szigmonda Pappa)<\/a><br \/>\n<a href=\"http:\/\/www.wls.sav.sk\/wp-content\/uploads\/WLS_2_14\/WLS2_2014_Cvikova.pdf\" target=\"_blank\">Jana Cvikov\u00e1:\u00a0Kontexty a subtexty rom\u00e1nu Ireny Bre\u017enej Na slepa\u010d\u00edch kr\u00eddlach o \u00e9re budovania socializmu v slovenskom malomeste<\/a><br \/>\n<a href=\"http:\/\/www.wls.sav.sk\/wp-content\/uploads\/WLS_2_14\/WLS2_2014_Koten.pdf\" target=\"_blank\">Ji\u0159\u00ed Koten: Historiografick\u00e1 metafikce ve str\u011bdn\u00ed Evrop\u011b (rom\u00e1ny Vladim\u00edra Macury)<\/a><br \/>\n<a href=\"http:\/\/www.wls.sav.sk\/wp-content\/uploads\/WLS_2_14\/WLS2_2014_Deczki.pdf\" target=\"_blank\">Sarolta Deczki:\u00a0Hist\u00f3ria vp\u00edsan\u00e1 do tela (P\u00e9ter N\u00e1das: Paraleln\u00e9 pr\u00edbehy)<\/a><\/p>\n<p>r o z h \u013e a d y \/ h o r i z o n s<br \/>\n<a href=\"http:\/\/www.wls.sav.sk\/wp-content\/uploads\/WLS_2_14\/WLS2_2014_Gilk.pdf\" target=\"_blank\">Erik Gilk:\u00a0Kontrafaktu\u00e1ln\u00ed historick\u00e1 fikce v sou\u010dasn\u00e9 \u010desk\u00e9 pr\u00f3ze<\/a><br \/>\n<a href=\"http:\/\/www.wls.sav.sk\/wp-content\/uploads\/WLS_2_14\/WLS2_2014_Nemeth.pdf\" target=\"_blank\">Zolt\u00e1n N\u00e9meth:\u00a0Magick\u00fd realizmus v ma\u010farskej literat\u00fare (Ot\u00e1zky priestoru, \u010dasu a postmodernizmu v rom\u00e1noch)<\/a><br \/>\n<a href=\"http:\/\/www.wls.sav.sk\/wp-content\/uploads\/WLS_2_14\/WLS2_2014_Mikulas.pdf\" target=\"_blank\">Roman Mikul\u00e1\u0161:\u00a0P\u00e4\u0165 pod\u00f4b rak\u00faskeho historick\u00e9ho rom\u00e1nu<\/a><\/p>\n<p>m a t e r i \u00e1 ly \/ m a t t e r s<br \/>\n<a href=\"http:\/\/www.wls.sav.sk\/wp-content\/uploads\/WLS_2_14\/WLS2_2014_Sechenyi.pdf\" target=\"_blank\">\u00c1gnes Sz\u00e9chenyi:\u00a0\u201eJe\u017ei\u0161ovsk\u00fd rom\u00e1n\u201c na \u00fasvite 3. tis\u00edcro\u010dia. (Referen\u010dnos\u0165 a spolo\u010densk\u00e1 modernos\u0165 v rom\u00e1ne Gy\u00f6rgya Spir\u00f3a Fogs\u00e1g)<\/a><\/p>\n<p>r e c e n z i e \/ b o o k r e v i e w s<br \/>\n<a href=\"http:\/\/www.wls.sav.sk\/wp-content\/uploads\/WLS_2_14\/WLS2_2014_recenzie.pdf\" target=\"_blank\">Vladim\u00edr Barbor\u00edk: h\u013eadanie rozpr\u00e1va\u010da. Pr\u00f3zy Vincenta \u0161ikulu (<em>Radoslav Passia<\/em>)<\/a><br \/>\n<a href=\"http:\/\/www.wls.sav.sk\/wp-content\/uploads\/WLS_2_14\/WLS2_2014_recenzie.pdf\" target=\"_blank\"> Ivo Posp\u00ed\u0161il: k teorii rusk\u00e9 literatury a jej\u00edm souvislostem (<em>Tamara Heribanov\u00e1<\/em>)<\/a><br \/>\n<a href=\"http:\/\/www.wls.sav.sk\/wp-content\/uploads\/WLS_2_14\/WLS2_2014_recenzie.pdf\" target=\"_blank\"> Zuzana Bohu\u0161ov\u00e1 \u2013 anita hu\u0165kov\u00e1: gegenw\u00e4rtige translationswissenschaft in der Slowakei\/Slovak translation Studies today\/S\u00fa\u010dasn\u00e1 slovensk\u00e1 translatol\u00f3gia (<em>R\u00f3bert G\u00e1frik<\/em>)<\/a><br \/>\n<a href=\"http:\/\/www.wls.sav.sk\/wp-content\/uploads\/WLS_2_14\/WLS2_2014_recenzie.pdf\" target=\"_blank\"> Zolt\u00e1n N\u00e9meth: a posztmodern magyar irodalom h\u00e1rmas strat\u00e9gi\u00e1ja (<em>L\u00edvia Paszm\u00e1rov\u00e1<\/em>)<\/a><\/p>\n<p>s p r \u00e1 v y \/ r e p o r t s<br \/>\n<a href=\"http:\/\/www.wls.sav.sk\/wp-content\/uploads\/WLS_2_14\/WLS2_2014_spravy.pdf\" target=\"_blank\">Zaznamenali sme<\/a><\/p>\n<p><strong>\u00a0<\/strong><\/li>\n<li data-href=\"tab-2\" class=\"\" >\n<p><a href=\"http:\/\/www.wls.sav.sk\/wp-content\/uploads\/WLS_3_14\/WLS3_2014_editorial.pdf\" target=\"_blank\">Editori\u00e1l<\/a><\/p>\n<p>\u0161 t \u00fa d i e \/ a r t i c l e s<br \/>\n<a href=\"http:\/\/www.wls.sav.sk\/wp-content\/uploads\/WLS_3_14\/WLS3_2014_Schmidt.pdf\" target=\"_blank\">Siegfried J. Schmidt: Od liter\u00e1rnej komunik\u00e1cie k liter\u00e1rnemu syst\u00e9mu. \u201eSyst\u00e9m\u201c a \u201epozorovate\u013e\u201c: dva k\u013e\u00fa\u010dov\u00e9 koncepty (bud\u00facej) liter\u00e1rnej vedy<\/a><br \/>\n<a href=\"http:\/\/www.wls.sav.sk\/wp-content\/uploads\/WLS_3_14\/WLS3_2014_Plumpe.pdf\" target=\"_blank\">Gerhard Plumpe: Theoretische Aspekte literarischer Kommunikation<\/a><br \/>\n<a href=\"http:\/\/www.wls.sav.sk\/wp-content\/uploads\/WLS_3_14\/WLS3_2014_Deutschmann.pdf\" target=\"_blank\">Peter Deutschmann: Kommunikation und Kunst aus systemtheorischer Perspektive<\/a><br \/>\n<a href=\"http:\/\/www.wls.sav.sk\/wp-content\/uploads\/WLS_3_14\/WLS3_2014_Holl.pdf\" target=\"_blank\">Mirjam-Kerstin Holl: Das Wechselspiel von Text und Kontexten \u2014 Georg B\u00fcchners Danton\u2019s Tod und die zwei Gesichter der Revolution<\/a><br \/>\n<a href=\"http:\/\/www.wls.sav.sk\/wp-content\/uploads\/WLS_3_14\/WLS3_2014_Mikul\u00e1\u0161.pdf\" target=\"_blank\">Roman Mikul\u00e1\u0161: Aspekty v\u00fdskumu liter\u00e1rnej komunik\u00e1cie v nemecky hovoriacich krajin\u00e1ch<\/a><br \/>\n<a href=\"http:\/\/www.wls.sav.sk\/wp-content\/uploads\/WLS_3_14\/WLS3_2014_Voigt.pdf\" target=\"_blank\">Vilmos Voigt: Three Forms or Three Kinds of Oral Literature<\/a><br \/>\n<a href=\"http:\/\/www.wls.sav.sk\/wp-content\/uploads\/WLS_3_14\/WLS3_2014_Cechova.pdf\" target=\"_blank\">Mariana \u010cechov\u00e1: Rhizomatic Character of Transcultural and Transtemporal Mode of Literary Communication<\/a><\/p>\n<p>r o z h \u013e a d y \/ h o r i z o n s<br \/>\n<a href=\"http:\/\/www.wls.sav.sk\/wp-content\/uploads\/WLS_3_14\/WLS3_2014_Zilka.pdf\" target=\"_blank\">Tibor \u017dilka: Communication Poetics<\/a><br \/>\n<a href=\"http:\/\/www.wls.sav.sk\/wp-content\/uploads\/WLS_3_14\/WLS3_2014_Benyovszky.pdf\" target=\"_blank\">Kristi\u00e1n Benyovszky: Od znaku ku k\u00f3du. Ma\u010farsk\u00e9 semiotick\u00e9 margin\u00e1lie<\/a><\/p>\n<p>r e c e n z i e \/ b o o k r e v i e w s<br \/>\n<a href=\"http:\/\/www.wls.sav.sk\/wp-content\/uploads\/WLS_3_14\/WLS3_2014_recenzie.pdf\" target=\"_blank\">Sophia Wege: Wahrnehmung \u2013 Wiederholung \u2013 Vertikalit\u00e4t. Zur Theorie und Praxis der Kognitiven Literaturwissenschaft (Roman Mikul\u00e1\u0161)<\/a><br \/>\n<a href=\"http:\/\/www.wls.sav.sk\/wp-content\/uploads\/WLS_3_14\/WLS3_2014_recenzie.pdf\" target=\"_blank\"> Pavol Winczer: Literat\u00fara v h\u013eadan\u00ed \u010ditate\u013ea. 20. roky: Karel \u010capek, I\u013eja Erenburg (Adam B\u017eoch)<\/a><br \/>\n<a href=\"http:\/\/www.wls.sav.sk\/wp-content\/uploads\/WLS_3_14\/WLS3_2014_recenzie.pdf\" target=\"_blank\"> Zolt\u00e1n Sz\u0171ts: A vil\u00e1gh\u00e1l\u00f3 metafor\u00e1i. Bevezet\u00e9s az \u00faj m\u00e9dia m\u0171v\u00e9szet\u00e9be (Gabriela Magov\u00e1)<\/a><br \/>\n<a href=\"http:\/\/www.wls.sav.sk\/wp-content\/uploads\/WLS_3_14\/WLS3_2014_recenzie.pdf\" target=\"_blank\"> Anton Eli\u00e1\u0161 a kolekt\u00edv: Rusk\u00e1 literat\u00fara 18. \u2013 21. storo\u010dia (Milan \u017ditn\u00fd)<\/a><\/p>\n<p>s p r \u00e1 v y \/ r e p o r t s<br \/>\n<a href=\"http:\/\/www.wls.sav.sk\/wp-content\/uploads\/WLS_3_14\/WLS3_2014_spravy.pdf\" target=\"_blank\">Odi\u0161iel Pavol Winczer, vedec, kamar\u00e1t\u2026 (Libu\u0161a Vajdov\u00e1)<\/a><br \/>\n<a href=\"http:\/\/www.wls.sav.sk\/wp-content\/uploads\/WLS_3_14\/WLS3_2014_spravy.pdf\" target=\"_blank\"> Zaznamenali sme<\/a><\/p>\n<p><span style=\"line-height: 1.5em;\"><\/li>\n<li data-href=\"tab-3\" class=\"\" >\n<p><a href=\"http:\/\/www.wls.sav.sk\/wp-content\/uploads\/WLS_4_14\/WLS_4_14_editorial.pdf\" target=\"_blank\">Editori\u00e1l<\/a><\/p>\n<p>\u0161 t \u00fa d i e \/ a r t i c l e s<br \/>\n<a href=\"http:\/\/www.wls.sav.sk\/wp-content\/uploads\/WLS_4_14\/WLS_4_14_Bzoch.pdf\" target=\"_blank\">Adam B\u017eoch: William Hogarth a konverz\u00e1cia<\/a><br \/>\n<a href=\"http:\/\/www.wls.sav.sk\/wp-content\/uploads\/WLS_4_14\/WLS_4_14_Szuts-Yoo.pdf\" target=\"_blank\">Zolt\u00e1n Sz\u0171ts \u2014 Jinil Yoo : Interactivity and Reception. The Question of Hypermedial, Geo-Spatial and Augmented Literature<\/a><br \/>\n<a href=\"http:\/\/www.wls.sav.sk\/wp-content\/uploads\/WLS_4_14\/WLS_4_14_Berkes.pdf\" target=\"_blank\">Tam\u00e1s Berkes : Groteska ako liter\u00e1rny smer v literat\u00farach strednej a v\u00fdchodnej Eur\u00f3py \u0161es\u0165desiatych rokov<\/a><br \/>\n<a href=\"http:\/\/www.wls.sav.sk\/wp-content\/uploads\/WLS_4_14\/WLS_4_14_Savkovic.pdf\" target=\"_blank\">Nada N. Savkovi\u0107: Prv\u00fd a jedin\u00fd dramatick\u00fd text Alb\u00edny Podhradskej<\/a><\/p>\n<p>m a t e r i \u00e1 l y \/ m a t t e r s<br \/>\n<a href=\"http:\/\/www.wls.sav.sk\/wp-content\/uploads\/WLS_4_14\/WLS_4_14_Zechelova.pdf\" target=\"_blank\">Katar\u00edna Zechelov\u00e1: S\u00fa\u010dasn\u00e9 tendencie vo v\u00fdskume exilovej literat\u00fary v nemeckej liter\u00e1rnej vede<\/a><br \/>\n<a href=\"http:\/\/www.wls.sav.sk\/wp-content\/uploads\/WLS_4_14\/WLS_4_14_Bubnasova.pdf\" target=\"_blank\">Eva Bubn\u00e1\u0161ov\u00e1: K recepcii diela H. Ch. Andersena a jej v\u00fdskumu v D\u00e1nsku a vo svete<\/a><\/p>\n<p>r o z h \u013e a d y \/ h o r i z o n s<br \/>\n<a href=\"http:\/\/www.wls.sav.sk\/wp-content\/uploads\/WLS_4_14\/WLS_4_14_Zitny.pdf\" target=\"_blank\">Milan \u017ditn\u00fd: Ako p\u00edsa\u0165 dejiny prekladu<\/a><br \/>\n<a href=\"http:\/\/www.wls.sav.sk\/wp-content\/uploads\/WLS_4_14\/WLS_4_14_Nemeth.pdf\" target=\"_blank\">Zolt\u00e1n N\u00e9meth: Zanikanie p\u00f4vodu (Postmodernistick\u00e9 postupy umeleck\u00e9ho prekladu v ma\u010farskej literat\u00fare)<\/a><\/p>\n<p>r e c e n z i e \/ b o o k \u00a0 r e v i\u00a0e w s<br \/>\n<a href=\"http:\/\/www.wls.sav.sk\/wp-content\/uploads\/WLS_4_14\/WLS_4_14_recenzie.pdf\" target=\"_blank\">J\u00e1nos L\u00e1szl\u00f3: T\u00f6rt\u00e9nelemt\u00f6rt\u00e9netek. Bevezet\u00e9s a narrat\u00edv szoci\u00e1lpszichol\u00f3gi\u00e1ba (Judit G\u00f6r\u00f6zdi)<\/a><br \/>\n<a href=\"http:\/\/www.wls.sav.sk\/wp-content\/uploads\/WLS_4_14\/WLS_4_14_recenzie.pdf\" target=\"_blank\"> J\u00e1n Jur\u00e1\u0161 \u2013 Daniela Kodajov\u00e1 a kol.: Sl\u00e1va \u0161\u013eachetn\u00fdm III. Znalci vzdialen\u00e9ho Orientu a str\u00e1\u017ekyne n\u00e1rodn\u00e9ho ohniska. Slovensk\u00ed orientalisti a aktivity spolku \u017divena (R\u00f3bert G\u00e1frik)<\/a><br \/>\n<a href=\"http:\/\/www.wls.sav.sk\/wp-content\/uploads\/WLS_4_14\/WLS_4_14_recenzie.pdf\" target=\"_blank\"> Viktor Horv\u00e1th: A vers ellenforradalma. A vers\u00edr\u00e1s \u00e9s versford\u00edt\u00e1s tanul\u00e1sa \u00e9s tan\u00edt\u00e1sa. (Gabriela Magov\u00e1)<\/a><\/p>\n<p>s p r \u00e1 v y \/ r e p o r t s<br \/>\n<a href=\"http:\/\/www.wls.sav.sk\/wp-content\/uploads\/WLS_4_14\/WLS_4_14_spravy.pdf\" target=\"_blank\">Zaznamenali sme<\/a><\/p>\n<\/li>\n<\/ul>\n","protected":false},"excerpt":{"rendered":"","protected":false},"author":1,"featured_media":0,"parent":18,"menu_order":95,"comment_status":"closed","ping_status":"closed","template":"","meta":[],"_links":{"self":[{"href":"https:\/\/wls.sav.sk\/index.php?rest_route=\/wp\/v2\/pages\/210"}],"collection":[{"href":"https:\/\/wls.sav.sk\/index.php?rest_route=\/wp\/v2\/pages"}],"about":[{"href":"https:\/\/wls.sav.sk\/index.php?rest_route=\/wp\/v2\/types\/page"}],"author":[{"embeddable":true,"href":"https:\/\/wls.sav.sk\/index.php?rest_route=\/wp\/v2\/users\/1"}],"replies":[{"embeddable":true,"href":"https:\/\/wls.sav.sk\/index.php?rest_route=%2Fwp%2Fv2%2Fcomments&post=210"}],"version-history":[{"count":37,"href":"https:\/\/wls.sav.sk\/index.php?rest_route=\/wp\/v2\/pages\/210\/revisions"}],"predecessor-version":[{"id":838,"href":"https:\/\/wls.sav.sk\/index.php?rest_route=\/wp\/v2\/pages\/210\/revisions\/838"}],"up":[{"embeddable":true,"href":"https:\/\/wls.sav.sk\/index.php?rest_route=\/wp\/v2\/pages\/18"}],"wp:attachment":[{"href":"https:\/\/wls.sav.sk\/index.php?rest_route=%2Fwp%2Fv2%2Fmedia&parent=210"}],"curies":[{"name":"wp","href":"https:\/\/api.w.org\/{rel}","templated":true}]}}