{"id":2293,"date":"2023-01-26T10:25:42","date_gmt":"2023-01-26T09:25:42","guid":{"rendered":"https:\/\/wls.sav.sk\/?page_id=2293"},"modified":"2025-03-15T14:34:53","modified_gmt":"2025-03-15T13:34:53","slug":"temy-na-rok-2023","status":"publish","type":"page","link":"https:\/\/wls.sav.sk\/?page_id=2293","title":{"rendered":"T\u00e9my na rok 2025"},"content":{"rendered":"<p><strong>17. ro\u010dn\u00edk \/ 17th volume<\/strong><\/p>\n<p>V\u00fdzvy na pr\u00edspevky do \u010d\u00edsel vych\u00e1dzaj\u00facich v roku 2025 s\u00fa u\u017e uzavret\u00e9.<\/p>\n","protected":false},"excerpt":{"rendered":"<p>17. ro\u010dn\u00edk \/ 17th volume V\u00fdzvy na pr\u00edspevky do \u010d\u00edsel vych\u00e1dzaj\u00facich v roku 2025 s\u00fa u\u017e uzavret\u00e9.<\/p>\n","protected":false},"author":1,"featured_media":0,"parent":504,"menu_order":98,"comment_status":"closed","ping_status":"closed","template":"","meta":[],"_links":{"self":[{"href":"https:\/\/wls.sav.sk\/index.php?rest_route=\/wp\/v2\/pages\/2293"}],"collection":[{"href":"https:\/\/wls.sav.sk\/index.php?rest_route=\/wp\/v2\/pages"}],"about":[{"href":"https:\/\/wls.sav.sk\/index.php?rest_route=\/wp\/v2\/types\/page"}],"author":[{"embeddable":true,"href":"https:\/\/wls.sav.sk\/index.php?rest_route=\/wp\/v2\/users\/1"}],"replies":[{"embeddable":true,"href":"https:\/\/wls.sav.sk\/index.php?rest_route=%2Fwp%2Fv2%2Fcomments&post=2293"}],"version-history":[{"count":9,"href":"https:\/\/wls.sav.sk\/index.php?rest_route=\/wp\/v2\/pages\/2293\/revisions"}],"predecessor-version":[{"id":2778,"href":"https:\/\/wls.sav.sk\/index.php?rest_route=\/wp\/v2\/pages\/2293\/revisions\/2778"}],"up":[{"embeddable":true,"href":"https:\/\/wls.sav.sk\/index.php?rest_route=\/wp\/v2\/pages\/504"}],"wp:attachment":[{"href":"https:\/\/wls.sav.sk\/index.php?rest_route=%2Fwp%2Fv2%2Fmedia&parent=2293"}],"curies":[{"name":"wp","href":"https:\/\/api.w.org\/{rel}","templated":true}]}}