{"id":24,"date":"2014-02-12T07:58:54","date_gmt":"2014-02-12T05:58:54","guid":{"rendered":"http:\/\/www.wls.sav.sk\/?page_id=24"},"modified":"2018-06-06T11:03:22","modified_gmt":"2018-06-06T10:03:22","slug":"kontakt","status":"publish","type":"page","link":"https:\/\/wls.sav.sk\/?page_id=24","title":{"rendered":"Kontakt"},"content":{"rendered":"<div>\u00dastav svetovej literat\u00fary SAV<br \/>\nD\u00fabravsk\u00e1 cesta 9<br \/>\n841 04 Bratislava<br \/>\n<strong>Tel.<\/strong>: 00421 2 5443 1995<br \/>\n<strong>E-mail<\/strong>:\u00a0usvlwlit@savba.sk<\/div>\n<p>N\u00e1jdete n\u00e1s aj na Facebooku\u00a0<\/p>\n<div class=\"shortcode-social social-icon\"><a href=\"https:\/\/www.facebook.com\/pages\/%C3%9Astav-svetovej-literat%C3%BAry-SAV-Institute-of-World-Literature-SAS\/1383015955299464?fref=ts\"><img decoding=\"async\" class=\"no-preload\" src=\"https:\/\/wls.sav.sk\/wp-content\/themes\/grandcollege-v1-10\/images\/icon\/dark\/social\/facebook.png\" alt=\"facebook\"><\/a><\/div>\n","protected":false},"excerpt":{"rendered":"<p>\u00dastav svetovej literat\u00fary SAV D\u00fabravsk\u00e1 cesta 9 841 04 Bratislava Tel.: 00421 2 5443 1995 E-mail:\u00a0usvlwlit@savba.sk N\u00e1jdete n\u00e1s aj na Facebooku\u00a0<\/p>\n","protected":false},"author":1,"featured_media":0,"parent":0,"menu_order":0,"comment_status":"open","ping_status":"open","template":"","meta":[],"_links":{"self":[{"href":"https:\/\/wls.sav.sk\/index.php?rest_route=\/wp\/v2\/pages\/24"}],"collection":[{"href":"https:\/\/wls.sav.sk\/index.php?rest_route=\/wp\/v2\/pages"}],"about":[{"href":"https:\/\/wls.sav.sk\/index.php?rest_route=\/wp\/v2\/types\/page"}],"author":[{"embeddable":true,"href":"https:\/\/wls.sav.sk\/index.php?rest_route=\/wp\/v2\/users\/1"}],"replies":[{"embeddable":true,"href":"https:\/\/wls.sav.sk\/index.php?rest_route=%2Fwp%2Fv2%2Fcomments&post=24"}],"version-history":[{"count":13,"href":"https:\/\/wls.sav.sk\/index.php?rest_route=\/wp\/v2\/pages\/24\/revisions"}],"predecessor-version":[{"id":1137,"href":"https:\/\/wls.sav.sk\/index.php?rest_route=\/wp\/v2\/pages\/24\/revisions\/1137"}],"wp:attachment":[{"href":"https:\/\/wls.sav.sk\/index.php?rest_route=%2Fwp%2Fv2%2Fmedia&parent=24"}],"curies":[{"name":"wp","href":"https:\/\/api.w.org\/{rel}","templated":true}]}}