{"id":43,"date":"2014-03-13T14:38:05","date_gmt":"2014-03-13T13:38:05","guid":{"rendered":"http:\/\/www.wls.sav.sk\/?page_id=43"},"modified":"2023-04-12T09:41:04","modified_gmt":"2023-04-12T08:41:04","slug":"2010-2","status":"publish","type":"page","link":"https:\/\/wls.sav.sk\/?page_id=43","title":{"rendered":"2010"},"content":{"rendered":"<ul class='tabs'>\n<li><a data-href=\"tab-0\" class=\"gdl-title active\" >1 \/ 2010<\/a><\/li>\n<li><a data-href=\"tab-1\" class=\"gdl-title \" >2 \/ 2010<\/a><\/li>\n<li><a data-href=\"tab-2\" class=\"gdl-title \" >3 \/ 2010<\/a><\/li>\n<\/ul>\n<ul class='tabs-content'>\n<li data-href=\"tab-0\" class=\"active\" ><a title=\"Editori\u00e1l\" href=\"http:\/\/www.wls.sav.sk\/wp-content\/uploads\/WLS_1_10\/WLS1_10_editorial.pdf\" target=\"_blank\">editori\u00e1l<\/a>\n<p><strong>n\u00a0\u00e1 \u0161 \u00a0 \u00a0h o s \u0165 \/ g\u00a0u e s t \u00a0 l e c t u r e<\/strong><br \/>\n<a title=\"Spiridon\" href=\"http:\/\/www.wls.sav.sk\/wp-content\/uploads\/WLS_1_10\/WLS1_10_Spiridon.pdf\" target=\"_blank\">monica spiridon: Liter\u00e1rna veda na r\u00e1zcest\u00ed: strat\u00e9gie \u201ekoopt\u00e1cie\u201c<\/a><\/p>\n<p><strong>\u0161 t \u00fa d i e \/ a r t i c l e s<\/strong><br \/>\n<a title=\"Marcel cornis pope\" href=\"http:\/\/www.wls.sav.sk\/wp-content\/uploads\/WLS_1_10\/WLS1_10_Cornis-Pope.pdf\" target=\"_blank\">marcel cornis-pope: N\u00e1rodn\u00e9 literat\u00fary a diasp\u00f3ry: k polycentrick\u00e9mu pojmu kult\u00fary<\/a><br \/>\n<a title=\"Dobrota Pucherova\" href=\"http:\/\/www.wls.sav.sk\/wp-content\/uploads\/WLS_1_10\/WLS1_10_Pucherova.pdf\" target=\"_blank\">dobrota pucherov\u00e1: Eur\u00f3pske priestory o\u010dami ostrovanov: dve storo\u010dia britskej antropol\u00f3gie na Balk\u00e1ne<\/a><br \/>\n<a title=\"Dudkova\" href=\"http:\/\/www.wls.sav.sk\/wp-content\/uploads\/WLS_1_10\/WLS1_10_Dudkova.pdf\" target=\"_blank\">jana dudkov\u00e1: Balk\u00e1n ako slep\u00e1 \u0161kvrna multikulturality. Priestor v balk\u00e1nskom filme<\/a><br \/>\n<a title=\"Pospisil\" href=\"http:\/\/www.wls.sav.sk\/wp-content\/uploads\/WLS_1_10\/WLS1_10_Pospisil.pdf\" target=\"_blank\">ivo posp\u00ed\u0161il: Prostorovost\/spaci\u00e1lnost\/are\u00e1lovost a literatura<\/a><\/p>\n<p><strong>r o z h \u013e a d y \/ h o r i zo n s<\/strong><br \/>\n<a title=\"Gafrik\" href=\"http:\/\/www.wls.sav.sk\/wp-content\/uploads\/WLS_1_10\/WLS1_10_Gafrik.pdf\" target=\"_blank\">r\u00f3bert g\u00e1frik: Od r\u00e9toriky obvi\u0148ovania k medzikult\u00farnemu dial\u00f3gu\u00a0(Odpove\u010f Wilhelma Halbfassa na kritiku orientalizmu Edwarda W. Saida)<\/a><\/p>\n<p><strong>r e c e n z i e \/ b o o\u00a0k \u00a0\u00a0r e v i\u00a0e w s<\/strong><br \/>\n<a title=\"recenzie\" href=\"http:\/\/www.wls.sav.sk\/wp-content\/uploads\/WLS_1_10\/WLS1_10_recenzie.pdf\" target=\"_blank\">R\u00f3bert G\u00e1frik: Hra s cudzou kult\u00farou (<i>M\u00e1ria B\u00e1torov\u00e1 <\/i>\u2013 <i>Roman Mikul\u00e1\u0161<\/i>)<\/a><br \/>\n<a title=\"recenzie\" href=\"http:\/\/www.wls.sav.sk\/wp-content\/uploads\/WLS_1_10\/WLS1_10_recenzie.pdf\" target=\"_blank\"> Rossia i Zapad v na\u010dale novogo tysia\u010diletia (<i>Eva Maliti<\/i>)<\/a><br \/>\n<a title=\"recenzie\" href=\"http:\/\/www.wls.sav.sk\/wp-content\/uploads\/WLS_1_10\/WLS1_10_recenzie.pdf\" target=\"_blank\"> Tim Beasley-Murray: Mikhail Bakhtin and Walter Benjamin. Experience and Form (<i>Adam B\u017eoch<\/i>)<\/a><br \/>\n<a title=\"recenzie\" href=\"http:\/\/www.wls.sav.sk\/wp-content\/uploads\/WLS_1_10\/WLS1_10_recenzie.pdf\" target=\"_blank\"> Jana Dudkov\u00e1: Balk\u00e1n alebo metafora. Balkanizmus a srbsk\u00fd film 90. rokov (<i>Libu\u0161a Vajdov\u00e1<\/i>)<\/a><br \/>\n<a title=\"recenzie\" href=\"http:\/\/www.wls.sav.sk\/wp-content\/uploads\/WLS_1_10\/WLS1_10_recenzie.pdf\" target=\"_blank\"> Ale\u0161 Haman \u2013 Ji\u0159\u00ed Hol\u00fd \u2013 Vladim\u00edr Papou\u0161ek: Kritick\u00e9 \u00favahy o z\u00e1padn\u00ed liter\u00e1rn\u00ed teorii (<i>So\u0148a Pa\u0161tekov\u00e1<\/i>)<\/a><br \/>\n<a title=\"recenzie\" href=\"http:\/\/www.wls.sav.sk\/wp-content\/uploads\/WLS_1_10\/WLS1_10_recenzie.pdf\" target=\"_blank\"> Vladim\u00edr Svato\u0148: Rom\u00e1n v souvislostech \u010dasu. \u00davahy o srovn\u00e1vac\u00ed liter\u00e1rn\u00ed v\u011bd\u011b (<i>Anton Eli\u00e1\u0161<\/i>)<\/a><br \/>\n<a title=\"recenzie\" href=\"http:\/\/www.wls.sav.sk\/wp-content\/uploads\/WLS_1_10\/WLS1_10_recenzie.pdf\" target=\"_blank\"> X\u00e9nia \u010cin\u010durov\u00e1: Epick\u00e9 podoby priestoru (<i>Eva Kenderessy<\/i>)<\/a><\/p>\n<p><strong>s p r \u00e1 v y \/ r e p o r t s<\/strong><br \/>\n<a title=\"Spravy\" href=\"http:\/\/www.wls.sav.sk\/wp-content\/uploads\/WLS_1_10\/WLS1_10_spravy.pdf\" target=\"_blank\">Zem\u0159el profesor Ludv\u00edk \u0160t\u011bp\u00e1n (<i>Ivo Posp\u00ed\u0161il<\/i>)<\/a><br \/>\n<a title=\"Spravy\" href=\"http:\/\/www.wls.sav.sk\/wp-content\/uploads\/WLS_1_10\/WLS1_10_spravy.pdf\" target=\"_blank\"> Zaznamenali sme<\/a><\/p>\n<\/li>\n<li data-href=\"tab-1\" class=\"\" ><a title=\"Editorial\" href=\"http:\/\/www.wls.sav.sk\/wp-content\/uploads\/WLS_2_10\/editorial.pdf\" target=\"_blank\">editori\u00e1l<\/a>\n<p><b>n\u00a0\u00e1 \u0161 \u00a0 h\u00a0o s \u0165 \/ g\u00a0u e s t \u00a0 l e c t u r e<br \/>\n<\/b><a href=\"http:\/\/www.wls.sav.sk\/wp-content\/uploads\/WLS_2_10\/K\u0161icov\u00e1.pdf\" target=\"_blank\">Danu\u0161e k\u0161icov\u00e1: Slovo a obraz v renesan\u010dn\u00edm cestopise Kry\u0161tof Harant z Pol\u017eic a\u00a0Bezdru\u017eic Cesta z Kr\u00e1lovstv\u00ed \u010desk\u00e9ho do Zem\u011b Svat\u00e9<\/a><\/p>\n<p><b>\u0161 t \u00fa d i e \/ a r t i c l e s<br \/>\n<\/b><a href=\"http:\/\/www.wls.sav.sk\/wp-content\/uploads\/WLS_2_10\/Fedrov\u00e1-Jedli\u010dkov\u00e1.pdf\" target=\"_blank\">Stanislava Fedrov\u00e1 \u2013 Alice Jedli\u010dkov\u00e1:\u00a0Narativn\u00ed sc\u00e9n\u00e1\u0159e a piktori\u00e1ln\u00ed modely\u00a0<\/a><br \/>\n<a href=\"http:\/\/www.wls.sav.sk\/wp-content\/uploads\/WLS_2_10\/Kulcs\u00e1r-Szab\u00f3.pdf\" target=\"_blank\">Zolt\u00e1n Kulcs\u00e1r-Szab\u00f3: P\u00ed\u0161uce stroje<\/a><br \/>\n<a href=\"http:\/\/www.wls.sav.sk\/wp-content\/uploads\/WLS_2_10\/suwara.pdf\" target=\"_blank\">Bogumi\u0141A SUWARA : Cesty textu: od intermediality k vizualite<\/a><\/p>\n<p><strong>r o z h \u013e a d y \/ h o r i zo n s<\/strong><br \/>\n<a href=\"http:\/\/www.wls.sav.sk\/wp-content\/uploads\/WLS_2_10\/Gr\u00fa\u0148.pdf\" target=\"_blank\">Daniel Gr\u00fa\u0148: \u0160t\u00fadi\u00e1 vizu\u00e1lnej kult\u00fary a postkomunistick\u00e1 identita? Sk\u00famanie obrazu v\u00a0kontexte spolo\u010denskej transform\u00e1cie<\/a><\/p>\n<p><b>r e c e n z i e \/ b o o k \u00a0\u00a0r e v i\u00a0e w s<br \/>\n<\/b><a href=\"http:\/\/www.wls.sav.sk\/wp-content\/uploads\/WLS_2_10\/recenzie.pdf\" target=\"_blank\">Sv\u011bt literatury. \u010casopis pro novodob\u00e9 literatury (<i>Juraj Dvorsk\u00fd<\/i>)<\/a><br \/>\n<a href=\"http:\/\/www.wls.sav.sk\/wp-content\/uploads\/WLS_2_10\/recenzie.pdf\" target=\"_blank\"> Daniel Gr\u00fa\u0148: Archeol\u00f3gia v\u00fdtvarnej kritiky. Slovensk\u00e9 umenie \u0161es\u0165desiatych rokov a jeho interpret\u00e1cie. (<i>Milan Hamada<\/i>)<\/a><br \/>\n<a href=\"http:\/\/www.wls.sav.sk\/wp-content\/uploads\/WLS_2_10\/recenzie.pdf\" target=\"_blank\"> Roman Mikul\u00e1\u0161 \u2013 Karin S. Wozonig: Chaosforschung in der Literaturwissenschaft. (<i>Judit G\u00f6r\u00f6zdi<\/i>)<\/a><br \/>\n<a href=\"http:\/\/www.wls.sav.sk\/wp-content\/uploads\/WLS_2_10\/recenzie.pdf\" target=\"_blank\"> Bodo Zelinsky: Russische Buchillustration (<i>Adam B\u017eoch<\/i>)<\/a><br \/>\n<a href=\"http:\/\/www.wls.sav.sk\/wp-content\/uploads\/WLS_2_10\/recenzie.pdf\" target=\"_blank\"> Marita Sturken \u2013 Lisa Cartwright: Studia vizu\u00e1ln\u00ed kultury (<i>Na\u010fa Kan\u010devov\u00e1<\/i>)<\/a><br \/>\n<a href=\"http:\/\/www.wls.sav.sk\/wp-content\/uploads\/WLS_2_10\/recenzie.pdf\" target=\"_blank\"> Ivan Ger\u00e1t: Obrazov\u00e9 legendy sv. Al\u017ebety. T\u00e9ma, m\u00e9dium, kontext (<i>Katar\u00edna N\u00e1dask\u00e1<\/i>)<\/a><br \/>\n<a href=\"http:\/\/www.wls.sav.sk\/wp-content\/uploads\/WLS_2_10\/recenzie.pdf\" target=\"_blank\"> Literatura na hranici jazyk\u016f a kultur (<i>Ladislav Franek<\/i>)<\/a><br \/>\n<a href=\"http:\/\/www.wls.sav.sk\/wp-content\/uploads\/WLS_2_10\/recenzie.pdf\" target=\"_blank\"> John Berger: O pohledu (<i>Michaela Pa\u0161tekov\u00e1<\/i>)<\/a><\/p>\n<p><b>s p r \u00e1 v y \/ r e p o r t s<br \/>\n<\/b><a href=\"http:\/\/www.wls.sav.sk\/wp-content\/uploads\/WLS_2_10\/spr\u00e1vy.pdf\" target=\"_blank\">Zaznamenali sme<\/a><\/p>\n<\/li>\n<li data-href=\"tab-2\" class=\"\" ><a href=\"http:\/\/www.wls.sav.sk\/wp-content\/uploads\/WLS_3_10\/editorial.pdf\" target=\"_blank\">editori\u00e1l<\/a>\n<p><b>n\u00a0\u00e1 \u0161 \u00a0 h\u00a0o s \u0165 \/ g\u00a0u e s t \u00a0 l e c t u r e<br \/>\n<\/b><a href=\"http:\/\/www.wls.sav.sk\/wp-content\/uploads\/WLS_3_10\/Halfmann.pdf\" target=\"_blank\">Roman Halfmann: Kafka ako probl\u00e9m \u2013 ke\u010f autori \u010d\u00edtaj\u00fa Kafku<\/a><\/p>\n<p><b>\u0161 t \u00fa d i e \/ a r t i c l e s<br \/>\n<\/b><a href=\"http:\/\/www.wls.sav.sk\/wp-content\/uploads\/WLS_3_10\/Svaton.pdf\" target=\"_blank\">Vladim\u00edr Svato\u0148: T\u0159i variace faustovsk\u00e9ho m\u00fdtu v literatu\u0159e 20. stolet\u00ed<\/a><br \/>\n<a href=\"http:\/\/www.wls.sav.sk\/wp-content\/uploads\/WLS_3_10\/Puchalova.pdf\" target=\"_blank\">Ingrid Puchalov\u00e1: Medea \u2013 m\u00fdtick\u00e1 \u017eena v nem\u00fdtickom \u010dase (M\u00fdtus Medey v nemeckej literat\u00fare po roku 1945)<\/a><br \/>\n<a href=\"http:\/\/www.wls.sav.sk\/wp-content\/uploads\/WLS_3_10\/Bzoch.pdf\" target=\"_blank\">Adam b\u017eoch: Modern\u00e1 Psych\u00e9 Louisa Couperusa<\/a><\/p>\n<p><b>r o z h \u013e a dy \/ h o r i zo n s<br \/>\n<\/b><a href=\"http:\/\/www.wls.sav.sk\/wp-content\/uploads\/WLS_3_10\/Palenikova.pdf\" target=\"_blank\">Jana P\u00e1len\u00edkov\u00e1 Mircea Eliade a cesta od m\u00fdtu k rom\u00e1nu<\/a><br \/>\n<a href=\"http:\/\/www.wls.sav.sk\/wp-content\/uploads\/WLS_3_10\/\u010ce\u0161ka.pdf\" target=\"_blank\">Jakub \u010ce\u0161ka: Barthes, Kundera a Gombrowicz<\/a><br \/>\n<a href=\"http:\/\/www.wls.sav.sk\/wp-content\/uploads\/WLS_3_10\/Pucherov\u00e1.pdf\" target=\"_blank\">Dobrota Pucherov\u00e1: Pr\u00edtomnos\u0165 minulosti v s\u00fa\u010dasnej juhoafrickej pr\u00f3ze<\/a><\/p>\n<p><b>r e c e n z i e \/ bo o k r e v i\u00a0e w s<br \/>\n<\/b><a href=\"http:\/\/www.wls.sav.sk\/wp-content\/uploads\/WLS_3_10\/recenzie.pdf\" target=\"_blank\">Eugen Negrici: Iluziile literaturii rom\u00e2ne (<i>Libu\u0161a Vajdov\u00e1<\/i>)<\/a><br \/>\n<a href=\"http:\/\/www.wls.sav.sk\/wp-content\/uploads\/WLS_3_10\/recenzie.pdf\" target=\"_blank\"> Galmiche X., Rube\u0161 J. (ed.): L\u2018antre des Mots \u2013 Autour de la po\u00e9sie de Vladim\u00edr Holan (<i>Vivien Cosculluela<\/i>)<\/a><br \/>\n<a href=\"http:\/\/www.wls.sav.sk\/wp-content\/uploads\/WLS_3_10\/recenzie.pdf\" target=\"_blank\"> Judit G\u00f6r\u00f6zdi: Fig\u00fary odml\u010dania v pr\u00f3ze Mikl\u00f3sa M\u00e9sz\u00f6lya (<i>Anik\u00f3 Du\u0161\u00edkov\u00e1<\/i>)<\/a><br \/>\n<a href=\"http:\/\/www.wls.sav.sk\/wp-content\/uploads\/WLS_3_10\/recenzie.pdf\" target=\"_blank\"> Nevena Dakovi\u0107: Balkan kao (filmski) \u017eanr: slika, tekst, nacija (<i>Jana Dudkov\u00e1<\/i>)<\/a><br \/>\n<a href=\"http:\/\/www.wls.sav.sk\/wp-content\/uploads\/WLS_3_10\/recenzie.pdf\" target=\"_blank\"> Viera Proke\u0161ov\u00e1. Tis\u00edckr\u00e1t dopichan\u00e1 ihli\u010d\u00edm m\u00e4kko kresl\u00ed \u00fabo\u010dia. B\u00e1sne z pozostalosti. Person\u00e1lna bibliografia (<i>J\u00e1n Jankovi\u010d<\/i>)<\/a><br \/>\n<a href=\"http:\/\/www.wls.sav.sk\/wp-content\/uploads\/WLS_3_10\/recenzie.pdf\" target=\"_blank\"> Novoje literaturnoje obozrenije \u2013 Nov\u00fd liter\u00e1rny preh\u013ead (<i>O\u013ega Kova\u010di\u010dov\u00e1<\/i>)<\/a><br \/>\n<a href=\"http:\/\/www.wls.sav.sk\/wp-content\/uploads\/WLS_3_10\/recenzie.pdf\" target=\"_blank\"> Edita Gromov\u00e1: \u00davod do translatol\u00f3gie (<i>Milan \u017ditn\u00fd<\/i>)<\/a><br \/>\n<a href=\"http:\/\/www.wls.sav.sk\/wp-content\/uploads\/WLS_3_10\/recenzie.pdf\" target=\"_blank\"> Ivan Dorovsk\u00fd: Slovansk\u00e9 literatury a dne\u0161ek (<i>Igor Miku\u0161iak<\/i>)<\/a><\/p>\n<p><b>s p r \u00e1 v y \/ r e p o r t s<br \/>\n<\/b><a href=\"http:\/\/www.wls.sav.sk\/wp-content\/uploads\/WLS_3_10\/spravy.pdf\" target=\"_blank\">Za Ludv\u00edkom Kunderom (<i>Pavol Winczer<\/i>)<\/a><br \/>\n<a href=\"http:\/\/www.wls.sav.sk\/wp-content\/uploads\/WLS_3_10\/spravy.pdf\" target=\"_blank\"> Zaznamenali sme<\/a><\/p>\n<\/li>\n<\/ul>\n","protected":false},"excerpt":{"rendered":"","protected":false},"author":1,"featured_media":0,"parent":18,"menu_order":99,"comment_status":"closed","ping_status":"closed","template":"","meta":[],"_links":{"self":[{"href":"https:\/\/wls.sav.sk\/index.php?rest_route=\/wp\/v2\/pages\/43"}],"collection":[{"href":"https:\/\/wls.sav.sk\/index.php?rest_route=\/wp\/v2\/pages"}],"about":[{"href":"https:\/\/wls.sav.sk\/index.php?rest_route=\/wp\/v2\/types\/page"}],"author":[{"embeddable":true,"href":"https:\/\/wls.sav.sk\/index.php?rest_route=\/wp\/v2\/users\/1"}],"replies":[{"embeddable":true,"href":"https:\/\/wls.sav.sk\/index.php?rest_route=%2Fwp%2Fv2%2Fcomments&post=43"}],"version-history":[{"count":14,"href":"https:\/\/wls.sav.sk\/index.php?rest_route=\/wp\/v2\/pages\/43\/revisions"}],"predecessor-version":[{"id":401,"href":"https:\/\/wls.sav.sk\/index.php?rest_route=\/wp\/v2\/pages\/43\/revisions\/401"}],"up":[{"embeddable":true,"href":"https:\/\/wls.sav.sk\/index.php?rest_route=\/wp\/v2\/pages\/18"}],"wp:attachment":[{"href":"https:\/\/wls.sav.sk\/index.php?rest_route=%2Fwp%2Fv2%2Fmedia&parent=43"}],"curies":[{"name":"wp","href":"https:\/\/api.w.org\/{rel}","templated":true}]}}