{"id":46,"date":"2014-03-13T14:38:21","date_gmt":"2014-03-13T13:38:21","guid":{"rendered":"http:\/\/www.wls.sav.sk\/?page_id=46"},"modified":"2023-04-12T09:41:13","modified_gmt":"2023-04-12T08:41:13","slug":"2011-2","status":"publish","type":"page","link":"https:\/\/wls.sav.sk\/?page_id=46","title":{"rendered":"2011"},"content":{"rendered":"<ul class='tabs'>\n<li><a data-href=\"tab-0\" class=\"gdl-title active\" >1 \/ 2011<\/a><\/li>\n<li><a data-href=\"tab-1\" class=\"gdl-title \" >2 \/ 2011<\/a><\/li>\n<li><a data-href=\"tab-2\" class=\"gdl-title \" >3 \/ 2011<\/a><\/li>\n<li><a data-href=\"tab-3\" class=\"gdl-title \" >4 \/ 2011<\/a><\/li>\n<\/ul>\n<ul class='tabs-content'>\n<li data-href=\"tab-0\" class=\"active\" ><a href=\"http:\/\/www.wls.sav.sk\/wp-content\/uploads\/WLS_1_11\/editori\u00e1l_WLS1_11.pdf\" target=\"_blank\">editori\u00e1l<\/a>\n<p><b>n\u00a0\u00e1 \u0161 \u00a0 h\u00a0o s \u0165 \/ g\u00a0u e s t \u00a0 l e c t u r e<br \/>\n<\/b><a href=\"http:\/\/www.wls.sav.sk\/wp-content\/uploads\/WLS_1_11\/Kalla_WLS1_11.pdf\" target=\"_blank\">Irena Barbara Kalla: Nizozemsk\u00e1 literat\u00fara v obdob\u00ed romantizmu \u2013 programy a koncepcie<\/a><\/p>\n<p><b>\u0161 t \u00fa d i e \/ a r t i c l e s<br \/>\n<\/b><a href=\"http:\/\/www.wls.sav.sk\/wp-content\/uploads\/WLS_1_11\/Zajac_WLS1_11.pdf\" target=\"_blank\">Peter Zajac: Dlh\u00e9 slovensk\u00e9 dev\u00e4tn\u00e1ste storo\u010die <\/a><br \/>\n<a href=\"http:\/\/www.wls.sav.sk\/wp-content\/uploads\/WLS_1_11\/Ture\u010dek_WLS1_11.pdf\" target=\"_blank\">Dalibor Ture\u010dek: Synopticko-pulza\u010dn\u00ed model \u010desk\u00e9ho liter\u00e1rn\u00edho romantismu <\/a><br \/>\n<a href=\"http:\/\/www.wls.sav.sk\/wp-content\/uploads\/WLS_1_11\/Kuziak_WLS1_11.pdf\" target=\"_blank\">Micha\u0142 Kuziak: S\u0142owacki \u2013 postkolonializmus \u2013 identita <\/a><br \/>\n<a href=\"http:\/\/www.wls.sav.sk\/wp-content\/uploads\/WLS_1_11\/Vajdov\u00e1_WLS1_11.pdf\" target=\"_blank\">Libu\u0161a Vajdov\u00e1: Rumunsk\u00e9 romantizmy<\/a><\/p>\n<p><b>r o z h \u013e a\u00a0d y \/ h o r i\u00a0z o n s<br \/>\n<\/b><a href=\"http:\/\/www.wls.sav.sk\/wp-content\/uploads\/WLS_1_11\/Kappanyos_WLS1_11.pdf\" target=\"_blank\">Andr\u00e1s Kappanyos: Bardi, p\u00e1\u017eat\u00e1, Cig\u00e1ni. Intelektu\u00e1lne rolov\u00e9 modely ma\u010farsk\u00e9ho romantizmu <\/a><br \/>\n<a href=\"http:\/\/www.wls.sav.sk\/wp-content\/uploads\/WLS_1_11\/Winczer_WLS1_11.pdf\" target=\"_blank\">Pavol Winczer: Po\u013esk\u00e1 romantick\u00e1 literat\u00fara a obnovenie jej slobodn\u00e9ho v\u00fdskumu koncom p\u00e4\u0165desiatych rokov 20. storo\u010dia<\/a><\/p>\n<p><b>r e c e n z i e \/ b o o k \u00a0\u00a0r e v i\u00a0e w s<br \/>\n<\/b><a href=\"http:\/\/www.wls.sav.sk\/wp-content\/uploads\/WLS_1_11\/recenzie_WLS1_11.pdf\" target=\"_blank\">G\u00e9rard Raulet (ed.): Les romantismes politiques en Europe (<i>Miroslav Marcelli<\/i>) \u00a0<\/a><br \/>\n<a href=\"http:\/\/www.wls.sav.sk\/wp-content\/uploads\/WLS_1_11\/recenzie_WLS1_11.pdf\" target=\"_blank\"> Zden\u011bk Hrbata \u2013 Martin Proch\u00e1zka: Romantismus a romantismy. Pojmy, proudy, kontexty (<i>Ond\u0159ej Kaval\u00edr<\/i>) \u00a0<\/a><br \/>\n<a href=\"http:\/\/www.wls.sav.sk\/wp-content\/uploads\/WLS_1_11\/recenzie_WLS1_11.pdf\" target=\"_blank\"> Maria Janion: Wampir. Biografia symboliczna (<i>Jana Cvikov\u00e1<\/i>) \u00a0<\/a><br \/>\n<a href=\"http:\/\/www.wls.sav.sk\/wp-content\/uploads\/WLS_1_11\/recenzie_WLS1_11.pdf\" target=\"_blank\"> R\u00fcdiger Safranski: Romantik \u2013 eine deutsche Aff\u00e4re (<i>Ladislav \u0160imon<\/i>) \u00a0<\/a><br \/>\n<a href=\"http:\/\/www.wls.sav.sk\/wp-content\/uploads\/WLS_1_11\/recenzie_WLS1_11.pdf\" target=\"_blank\"> Joselyn M. Almeida (ed.): Romanticism and the Anglo-Hispanic Imaginary (<i>R\u00f3bert G\u00e1frik<\/i>) \u00a0<\/a><br \/>\n<a href=\"http:\/\/www.wls.sav.sk\/wp-content\/uploads\/WLS_1_11\/recenzie_WLS1_11.pdf\" target=\"_blank\"> Anton Eli\u00e1\u0161: Demiurg \u010di reptaj\u00faca trstina? Lyrick\u00fd subjekt v ruskej romantickej, postromantickej a neoromantickej po\u00e9zii (<i>So\u0148a Pa\u0161tekov\u00e1<\/i>) \u00a0<\/a><br \/>\n<a href=\"http:\/\/www.wls.sav.sk\/wp-content\/uploads\/WLS_1_11\/recenzie_WLS1_11.pdf\" target=\"_blank\"> M\u00e1ria Vaj\u00ed\u010dkov\u00e1 \u2013 Andrea Mikul\u00e1\u0161ov\u00e1 \u2013 Roman Mikul\u00e1\u0161 (eds.): Tendenzen in der slowakischen Germanistik nach der Wende (<i>Margita G\u00e1borov\u00e1<\/i>)<\/a><\/p>\n<p><b>s\u00a0p r \u00e1 v y \/ r e p o r t s<br \/>\n<\/b><a href=\"http:\/\/www.wls.sav.sk\/wp-content\/uploads\/WLS_1_11\/spr\u00e1vy_WLS1_11.pdf\" target=\"_blank\">Zaznamenali sme<\/a><\/p>\n<\/li>\n<li data-href=\"tab-1\" class=\"\" ><a href=\"http:\/\/www.wls.sav.sk\/wp-content\/uploads\/WLS_2_11\/editori\u00e1l.pdf\" target=\"_blank\">editori\u00e1l<\/a>\n<p><b>n\u00a0\u00e1 \u0161 \u00a0 h\u00a0o s \u0165 \/ g\u00a0u e s t \u00a0 l e c t u r e<br \/>\n<\/b><a href=\"http:\/\/www.wls.sav.sk\/wp-content\/uploads\/WLS_2_11\/L\u00e1szl\u00f3.pdf\" target=\"_blank\">J\u00e1nos L\u00e1szl\u00f3: Narat\u00edvna psychol\u00f3gia &#8211; vedeck\u00e9 sk\u00famanie individu\u00e1lnej a skupinovej identity\u00a0<\/a><\/p>\n<p><b>\u0161 t \u00fa d i e \/ a r t i c l e s<br \/>\n<\/b><a href=\"http:\/\/www.wls.sav.sk\/wp-content\/uploads\/WLS_2_11\/Bedn\u00e1rov\u00e1.pdf\" target=\"_blank\">Katar\u00edna Bedn\u00e1rov\u00e1: Ku gen\u00e9ze autobiografick\u00e9ho gesta v liter\u00e1rnom diskurze<\/a><br \/>\n<a href=\"http:\/\/www.wls.sav.sk\/wp-content\/uploads\/WLS_2_11\/Malinovsk\u00e1.pdf\" target=\"_blank\">Zuzana Malinovsk\u00e1: P\u00edsanie o sebe v s\u00fa\u010dasnej quebeckej pr\u00f3ze<\/a><br \/>\n<a href=\"http:\/\/www.wls.sav.sk\/wp-content\/uploads\/WLS_2_11\/B\u00e1torov\u00e1.pdf\" target=\"_blank\">M\u00e1ria B\u00e1torov\u00e1: Stopy autobiografie vo fikcii. Autentickos\u0165 diela Dominika Tatarku<\/a><br \/>\n<a href=\"http:\/\/www.wls.sav.sk\/wp-content\/uploads\/WLS_2_11\/Csizmadia.pdf\" target=\"_blank\">Gabriella Petres Csizmadia: (Ne)mo\u017enosti autobiografie v diele Karla \u010capka <i>Oby\u010dejn\u00fd \u017eivot <\/i><\/a><\/p>\n<p><b>r o z h \u013e a\u00a0d y \/ h o r i zo n s<br \/>\n<\/b><a href=\"http:\/\/www.wls.sav.sk\/wp-content\/uploads\/WLS_2_11\/Kova\u010di\u010dov\u00e1.pdf\" target=\"_blank\">O\u013ega Kova\u010di\u010dov\u00e1: Autobiografick\u00e9 \u017e\u00e1nre v rusistick\u00fdch v\u00fdskumoch <\/a><br \/>\n<a href=\"http:\/\/www.wls.sav.sk\/wp-content\/uploads\/WLS_2_11\/\u017ditn\u00fd.pdf\" target=\"_blank\">Milan \u017ditn\u00fd: K z\u00e1stoju autobiografickosti, autofikcie a sebainscen\u00e1cie v diele Hansa Christian Andersena<\/a><br \/>\n<a href=\"http:\/\/www.wls.sav.sk\/wp-content\/uploads\/WLS_2_11\/Kudlov\u00e1.pdf\" target=\"_blank\">Kl\u00e1ra Kudlov\u00e1: Postavy, novin\u00e1\u0159sk\u00e9 texty a jejich embl\u00e9my (v psan\u00ed Terezy Bou\u010dkov\u00e9)<\/a><br \/>\n<a href=\"http:\/\/www.wls.sav.sk\/wp-content\/uploads\/WLS_2_11\/Bahna.pdf\" target=\"_blank\">Vladim\u00edr Bahna: Autobiografick\u00e1 pam\u00e4\u0165 a nadprirodzen\u00e9 predstavy: soci\u00e1lna n\u00e1kazlivos\u0165 spomienok <\/a><\/p>\n<p><b>r e c e n z i e \/ b o o k \u00a0\u00a0r e v i\u00a0e w s<br \/>\n<\/b><a href=\"http:\/\/www.wls.sav.sk\/wp-content\/uploads\/WLS_2_11\/recenzie.pdf\" target=\"_blank\">Nade\u017eda Zeman\u00edkov\u00e1: B\u00faranie m\u00farov (<i>Adam B\u017eoch<\/i>) <\/a><br \/>\n<a href=\"http:\/\/www.wls.sav.sk\/wp-content\/uploads\/WLS_2_11\/recenzie.pdf\" target=\"_blank\"> Helena Ulbrechtov\u00e1: Rusk\u00e1 poezie druh\u00e9 poloviny 20. stolet\u00ed. \u00davahy o teorii, liter\u00e1rn\u00ed historii a filozofii (<i>Eva Maliti<\/i>)<\/a><br \/>\n<a href=\"http:\/\/www.wls.sav.sk\/wp-content\/uploads\/WLS_2_11\/recenzie.pdf\" target=\"_blank\"> Gunda Mairb\u00e4url \u2013 Ernst Seibert (Hrsg.): Kindheit zwischen West und Ost: Kinderliteratur zwischen Kaltem Krieg und neuem Europa (<i>Eva Bubn\u00e1\u0161ov\u00e1<\/i>)<\/a><br \/>\n<a href=\"http:\/\/www.wls.sav.sk\/wp-content\/uploads\/WLS_2_11\/recenzie.pdf\" target=\"_blank\"> Zuzana Malinovsk\u00e1: Puissances du romanesque. Regard ext\u00e9rieur sur quelques romans contemporains d\u2019expression fran\u00e7aise (<i>Jana Truhl\u00e1\u0159ov\u00e1<\/i>)<\/a><br \/>\n<a href=\"http:\/\/www.wls.sav.sk\/wp-content\/uploads\/WLS_2_11\/recenzie.pdf\" target=\"_blank\"> Jaroslav Stahl (Ed.): Translatologick\u00e9 reflexie 2010 (<i>Alexandra Debn\u00e1rov\u00e1<\/i>)<\/a><\/p>\n<p><b>s p r \u00e1 v y \/ r e p o r t s<br \/>\n<\/b><a href=\"http:\/\/www.wls.sav.sk\/wp-content\/uploads\/WLS_2_11\/spr\u00e1vy.pdf\" target=\"_blank\">Zaznamenali sme<\/a><\/p>\n<p><b>\u00a0<\/b><\/p>\n<\/li>\n<li data-href=\"tab-2\" class=\"\" ><a href=\"http:\/\/www.wls.sav.sk\/wp-content\/uploads\/WLS_3_11\/editori\u00e1l.pdf\" target=\"_blank\">editori\u00e1l<\/a>\n<p><b>n\u00a0\u00e1 \u0161 \u00a0 h\u00a0o s \u0165 \/ g\u00a0u e s t \u00a0 l e c t u r e<br \/>\n<\/b><a href=\"http:\/\/www.wls.sav.sk\/wp-content\/uploads\/WLS_3_11\/Suwara.pdf\" target=\"_blank\">Marek Suwara: Biologiz\u00e1cia kult\u00fary alebo m\u00f4\u017ee Dawkinsova predstava m\u00e9mu objasni\u0165 evol\u00faciu kult\u00fary?<\/a><\/p>\n<p><b>\u0161 t \u00fa d i e \/ a r t i c l e s<br \/>\n<\/b><a href=\"http:\/\/www.wls.sav.sk\/wp-content\/uploads\/WLS_3_11\/Kuzm\u00edkov\u00e1.pdf\" target=\"_blank\">Jana Kuzm\u00edkov\u00e1: Kognit\u00edvne s\u00favislosti liter\u00e1rneho procesu (Kr\u00e1tky preh\u013ead kognit\u00edvne orientovanej liter\u00e1rnej vedy)<\/a><br \/>\n<a href=\"http:\/\/www.wls.sav.sk\/wp-content\/uploads\/WLS_3_11\/G\u00e1likov\u00e1.pdf\" target=\"_blank\">Silvia G\u00e1likov\u00e1: Metafora v kognit\u00edvnovednom modelovan\u00ed<\/a><br \/>\n<a href=\"http:\/\/www.wls.sav.sk\/wp-content\/uploads\/WLS_3_11\/G\u00e1frik.pdf\" target=\"_blank\">R\u00f3bert G\u00e1frik: Uva\u017eovanie o emocion\u00e1lnom v\u00fdzname literat\u00fary v kognit\u00edvnej a\u00a0sanskritskej liter\u00e1rnej vede<\/a><br \/>\n<a href=\"http:\/\/www.wls.sav.sk\/wp-content\/uploads\/WLS_3_11\/Hvoreck\u00fd.pdf\" target=\"_blank\">Juraj Hvoreck\u00fd: Te\u00f3rie em\u00f3ci\u00ed a fikcia<\/a><br \/>\n<a href=\"http:\/\/www.wls.sav.sk\/wp-content\/uploads\/WLS_3_11\/Heller.pdf\" target=\"_blank\">Daniel Heller: Figurative Speech as a Representation of Meaning<\/a><br \/>\n<a href=\"http:\/\/www.wls.sav.sk\/wp-content\/uploads\/WLS_3_11\/Pokriv\u010d\u00e1k.pdf\" target=\"_blank\">Anton Pokriv\u010d\u00e1k \u2014 Silvia Pokriv\u010d\u00e1kov\u00e1: Thinking through Images: Cognising the World of Emily Dickinson<\/a><\/p>\n<p><b>r e c e n z i e \/ b o o\u00a0k \u00a0\u00a0r e v i\u00a0e w s<br \/>\n<\/b><a href=\"http:\/\/www.wls.sav.sk\/wp-content\/uploads\/WLS_3_11\/Recenzie.pdf\" target=\"_blank\">Josef \u010cerm\u00e1k: Z\u00e1pas jm\u00e9nem psan\u00ed. O \u017eivotn\u00edm \u00fad\u011blu Franze Kafky (<i>Milan \u017ditn\u00fd<\/i>) <\/a><br \/>\n<a href=\"http:\/\/www.wls.sav.sk\/wp-content\/uploads\/WLS_3_11\/Recenzie.pdf\" target=\"_blank\"> Bernhard P\u00f6rksen (Hrsg.): Schl\u00fcsselwerke des Konstruktivismus (<i>Roman Mikul\u00e1\u0161<\/i>) \u00a0<\/a><br \/>\n<a href=\"http:\/\/www.wls.sav.sk\/wp-content\/uploads\/WLS_3_11\/Recenzie.pdf\" target=\"_blank\"> Hans Ulrich Gumbrecht \u2013 Florian Klinger (Eds.): Latenz. Blinde Passagiere in den Geisteswissenschaften (<i>Adam B\u017eoch<\/i>) \u00a0<\/a><br \/>\n<a href=\"http:\/\/www.wls.sav.sk\/wp-content\/uploads\/WLS_3_11\/Recenzie.pdf\" target=\"_blank\"> Jana P\u00e1len\u00edkov\u00e1: Rumunsk\u00fd medzivojnov\u00fd rom\u00e1n. Te\u00f3rie a\u00a0realita (<i>Tamara Mikulov\u00e1<\/i>) \u00a0<\/a><br \/>\n<a href=\"http:\/\/www.wls.sav.sk\/wp-content\/uploads\/WLS_3_11\/Recenzie.pdf\" target=\"_blank\"> Anna Zelenkov\u00e1: Medzi vz\u00e1jomnos\u0165ou a nevz\u00e1jomnos\u0165ou. Sondy do \u010desko-slovensk\u00fdch a slovensko-\u010desk\u00fdch liter\u00e1rnych vz\u0165ahov (<i>J\u00e1n Jankovi\u010d<\/i>) \u00a0<\/a><br \/>\n<a href=\"http:\/\/www.wls.sav.sk\/wp-content\/uploads\/WLS_3_11\/Recenzie.pdf\" target=\"_blank\"> Ivan R. V. Rum\u00e1nek: Japonsk\u00e1 dr\u00e1ma n\u00f3. \u017d\u00e1ner vo v\u00fdvoji (<i>Anna A. Hlav\u00e1\u010dov\u00e1<\/i>) <\/a><br \/>\n<a href=\"http:\/\/www.wls.sav.sk\/wp-content\/uploads\/WLS_3_11\/Recenzie.pdf\" target=\"_blank\"> Lucia Mattov\u00e1 \u2013 Zuzana Lorkov\u00e1 \u2013 Andrea Haburov\u00e1: Podoby a premeny reflexie ruskej literat\u00fary na Slovensku v rokoch 1996 \u2013 2009 (<i>Eva Bubn\u00e1\u0161ov\u00e1<\/i>) \u00a0<\/a><\/p>\n<p><b>s p r \u00e1 v y \/ r e p o r t s<br \/>\n<\/b><a href=\"http:\/\/www.wls.sav.sk\/wp-content\/uploads\/WLS_3_11\/Spr\u00e1vy.pdf\" target=\"_blank\">Zaznamenali sme<\/a><\/p>\n<\/li>\n<li data-href=\"tab-3\" class=\"\" ><a href=\"http:\/\/www.wls.sav.sk\/wp-content\/uploads\/WLS_4_11\/editorial_WLS4_11.pdf\" target=\"_blank\">editori\u00e1l<\/a>\n<p><b>n\u00a0\u00e1 \u0161 \u00a0 h\u00a0o s \u0165 \/ g\u00a0u e s t \u00a0 l e c t u r e<br \/>\n<\/b><a href=\"http:\/\/www.wls.sav.sk\/wp-content\/uploads\/WLS_4_11\/poulin_WLS4_11.pdf\" target=\"_blank\">ISABELLE POULIN: Vladim\u00edr Nabokov: origin\u00e1l, autorsk\u00fd preklad a incipit<\/a><\/p>\n<p><b>\u0161 t \u00fa d i e \/ a r t i c l e s<br \/>\n<\/b><span style=\"line-height: 1.5em;\"><a href=\"http:\/\/www.wls.sav.sk\/wp-content\/uploads\/WLS_4_11\/Truhl\u00e1\u0159ov\u00e1_WLS4_11.pdf\" target=\"_blank\">Jana Truhl\u00e1\u0159ov\u00e1: Jacques Derrida a pojem posv\u00e4tn\u00e9ho v preklade<\/a><br \/>\n<\/span><a href=\"http:\/\/www.wls.sav.sk\/wp-content\/uploads\/WLS_4_11\/B\u017eoch_WLS4_11.pdf\" target=\"_blank\">Adam B\u017eoch: Od kult\u00farnej reprezent\u00e1cie k demokratickej diskusii (a sp\u00e4\u0165).\u00a0Literat\u00fara nemeck\u00fdch jazykov\u00fdch oblast\u00ed v slovensk\u00fdch \u010dasopiseck\u00fdch prekladoch\u00a0<\/a><br \/>\n<a href=\"http:\/\/www.wls.sav.sk\/wp-content\/uploads\/WLS_4_11\/Kus\u00e1_WLS4_11.pdf\" target=\"_blank\"><span style=\"line-height: 1.5em;\">M\u00e1ria kus\u00e1: Rusk\u00e1 literat\u00fara ako znak doby.\u00a0<\/span>Listovanie v \u010dasopisoch Revue svetovej literat\u00fary a Slovensk\u00e9 poh\u013eady\u00a0<\/a><br \/>\n<a href=\"http:\/\/www.wls.sav.sk\/wp-content\/uploads\/WLS_4_11\/Franek_WLS4_11.pdf\" target=\"_blank\">Ladislav Franek: Kritika prekladu v perspekt\u00edve dne\u0161ka<\/a><br \/>\n<a href=\"http:\/\/www.wls.sav.sk\/wp-content\/uploads\/WLS_4_11\/Bubn\u00e1\u0161ov\u00e1_WLS4_11.pdf\" target=\"_blank\">Eva Bubn\u00e1\u0161ov\u00e1: Preklad z druhej ruky v slovenskej literat\u00fare. K vymedzeniu pojmu a\u00a0roz\u0161\u00edrenosti prekladate\u013eskej met\u00f3dy<\/a><\/p>\n<p><b>r e c e n z i e \/ b o o k \u00a0\u00a0r e v i\u00a0e w s<br \/>\n<\/b><a href=\"http:\/\/www.wls.sav.sk\/wp-content\/uploads\/WLS_4_11\/recenzie_WLS4_11.pdf\" target=\"_blank\">Alice Jedli\u010dkov\u00e1: Zku\u0161enost prostoru. Vypr\u00e1v\u011bn\u00ed a vizu\u00e1ln\u00ed paralely (<i>Adam B\u017eoch<\/i>) \u00a0<\/a><br \/>\n<a href=\"http:\/\/www.wls.sav.sk\/wp-content\/uploads\/WLS_4_11\/recenzie_WLS4_11.pdf\" target=\"_blank\"> J\u00fcrgen Glauser: Skandinavische Literaturgeschichte (<i>Milan \u017ditn\u00fd<\/i>) \u00a0<\/a><br \/>\n<a href=\"http:\/\/www.wls.sav.sk\/wp-content\/uploads\/WLS_4_11\/recenzie_WLS4_11.pdf\" target=\"_blank\"> Interlitteraria (<i>Jana Tesa\u0159ov\u00e1<\/i>) <\/a><br \/>\n<a href=\"http:\/\/www.wls.sav.sk\/wp-content\/uploads\/WLS_4_11\/recenzie_WLS4_11.pdf\" target=\"_blank\"> Jana Kr\u00e1lov\u00e1, Zuzana Jettmarov\u00e1 et al.: Tradition versus Modernity: from the Classic Period of the Prague School to Translation Studies at the Beginning of the 21th Century. (<i>Libu\u0161a Vajdov\u00e1<\/i>) <\/a><br \/>\n<a href=\"http:\/\/www.wls.sav.sk\/wp-content\/uploads\/WLS_4_11\/recenzie_WLS4_11.pdf\" target=\"_blank\"> Protej. Perekladackij a\u013emanach. Vypusk 1. Oleksandr Finke\u013e: Zabutyj teoretik ukrajinskogo perekladoznavstva. Mikola Luka\u0161: Mocart ukrajinskogo perekladu. Ukrajinska perekladoznav\u010da dumka 1920-ch\u2014po\u010datku 1930-ch rokov. <i>M\u00e1ria Kus\u00e1<\/i>) <\/a><\/p>\n<p><b>s p r \u00e1 v y \/ r e p o r t s<br \/>\n<\/b><a href=\"http:\/\/www.wls.sav.sk\/wp-content\/uploads\/WLS_4_11\/spr\u00e1vy_WLS4_11.pdf\" target=\"_blank\">Zaznamenali sme<\/a><\/p>\n<p><span style=\"line-height: 1.5em;\"><\/li>\n<\/ul>\n","protected":false},"excerpt":{"rendered":"","protected":false},"author":1,"featured_media":0,"parent":18,"menu_order":98,"comment_status":"closed","ping_status":"closed","template":"","meta":[],"_links":{"self":[{"href":"https:\/\/wls.sav.sk\/index.php?rest_route=\/wp\/v2\/pages\/46"}],"collection":[{"href":"https:\/\/wls.sav.sk\/index.php?rest_route=\/wp\/v2\/pages"}],"about":[{"href":"https:\/\/wls.sav.sk\/index.php?rest_route=\/wp\/v2\/types\/page"}],"author":[{"embeddable":true,"href":"https:\/\/wls.sav.sk\/index.php?rest_route=\/wp\/v2\/users\/1"}],"replies":[{"embeddable":true,"href":"https:\/\/wls.sav.sk\/index.php?rest_route=%2Fwp%2Fv2%2Fcomments&post=46"}],"version-history":[{"count":7,"href":"https:\/\/wls.sav.sk\/index.php?rest_route=\/wp\/v2\/pages\/46\/revisions"}],"predecessor-version":[{"id":403,"href":"https:\/\/wls.sav.sk\/index.php?rest_route=\/wp\/v2\/pages\/46\/revisions\/403"}],"up":[{"embeddable":true,"href":"https:\/\/wls.sav.sk\/index.php?rest_route=\/wp\/v2\/pages\/18"}],"wp:attachment":[{"href":"https:\/\/wls.sav.sk\/index.php?rest_route=%2Fwp%2Fv2%2Fmedia&parent=46"}],"curies":[{"name":"wp","href":"https:\/\/api.w.org\/{rel}","templated":true}]}}