{"id":536,"date":"2015-08-25T18:15:23","date_gmt":"2015-08-25T17:15:23","guid":{"rendered":"http:\/\/www.wls.sav.sk\/?page_id=536"},"modified":"2023-04-12T09:41:50","modified_gmt":"2023-04-12T08:41:50","slug":"2015-2","status":"publish","type":"page","link":"https:\/\/wls.sav.sk\/?page_id=536","title":{"rendered":"2015"},"content":{"rendered":"<ul class='tabs'>\n<li><a data-href=\"tab-0\" class=\"gdl-title active\" >1 \/ 2015<\/a><\/li>\n<li><a data-href=\"tab-1\" class=\"gdl-title \" >2 \/ 2015<\/a><\/li>\n<li><a data-href=\"tab-2\" class=\"gdl-title \" >3 \/ 2015<\/a><\/li>\n<li><a data-href=\"tab-3\" class=\"gdl-title \" >4 \/ 2015<\/a><\/li>\n<\/ul>\n<ul class='tabs-content'>\n<li data-href=\"tab-0\" class=\"active\" >\n<p><strong>e\u00a0d i t o r i \u00e1 l \/ e d i t o r i a l<\/strong><br \/>\n<a href=\"http:\/\/www.wls.sav.sk\/wp-content\/uploads\/WLS1_2015_editori\u00e1l.pdf\" target=\"_blank\">Michael Mayer\u2013 R\u00f3bert G\u00e1frik<\/a><br \/>\n<a href=\"http:\/\/www.wls.sav.sk\/wp-content\/uploads\/WLS1_2015_editori\u00e1l.pdf\" target=\"_blank\"> Kunst und Literatur \u2013 Interkulturelle Austauschprozesse<\/a><\/p>\n<p><strong>\u0161 t \u00fa d i e \/ a r t i c l e s<\/strong><br \/>\n<a href=\"http:\/\/www.wls.sav.sk\/wp-content\/uploads\/WLS1_2015_Tlostanova.pdf\" target=\"_blank\">Madina Tlostanova<\/a><br \/>\n<a href=\"http:\/\/www.wls.sav.sk\/wp-content\/uploads\/WLS1_2015_Tlostanova.pdf\" target=\"_blank\"> Visualizing fiction, verbalizing art, or from intermediation to transculturation<\/a><br \/>\n<a href=\"http:\/\/www.wls.sav.sk\/wp-content\/uploads\/WLS1_2015_Chin-Mayer.pdf\" target=\"_blank\">Sang-Bum Chin \u2013 Michael Mayer<\/a><br \/>\n<a href=\"http:\/\/www.wls.sav.sk\/wp-content\/uploads\/WLS1_2015_Chin-Mayer.pdf\" target=\"_blank\"> Ukiyo-e. Vom japanischen Holzschnitt zum deutschsprachigen Text \u2013 Eine intermediale<\/a><br \/>\n<a href=\"http:\/\/www.wls.sav.sk\/wp-content\/uploads\/WLS1_2015_Chin-Mayer.pdf\" target=\"_blank\"> und transkulturelle Kunstadaption<\/a><br \/>\n<a href=\"http:\/\/www.wls.sav.sk\/wp-content\/uploads\/WLS1_2015_Klawitter.pdf\" target=\"_blank\">Arne Klawitter<\/a><br \/>\n<a href=\"http:\/\/www.wls.sav.sk\/wp-content\/uploads\/WLS1_2015_Klawitter.pdf\" target=\"_blank\"> Imaginationen des chinesischen Gartens in der deutschen Literatur des 18. Jahrhunderts<\/a><br \/>\n<a href=\"http:\/\/www.wls.sav.sk\/wp-content\/uploads\/WLS1_2015_Berning.pdf\" target=\"_blank\">Matthias\u00a0Berning<\/a><br \/>\n<a href=\"http:\/\/www.wls.sav.sk\/wp-content\/uploads\/WLS1_2015_Berning.pdf\" target=\"_blank\"> \u201eS\u00fcdseetraum\u201c und Kunsttheorie \u2013 ein Streitfall? Die S\u00fcdsee-Thematik bei C. Einstein und G. Benn im Spiegel ihrer avantgardistischen Poetik und ihre Desillusionierung bei B. Brecht und R. M\u00fcller<\/a><br \/>\n<a href=\"http:\/\/www.wls.sav.sk\/wp-content\/uploads\/WLS1_2015_Nickel.pdf\" target=\"_blank\">Beatrice Nickel<\/a><br \/>\n<a href=\"http:\/\/www.wls.sav.sk\/wp-content\/uploads\/WLS1_2015_Nickel.pdf\" target=\"_blank\"> Der Harem \u2013 Zu interkulturellen und intermedialen Austauschprozessen in der Herausbildung des abendl\u00e4ndischen Orientalismus seit dem 18. Jahrhundert<\/a><\/p>\n<p><strong>m a t e r i \u00e1 l y \/ m a t t e r s<\/strong><br \/>\n<a href=\"http:\/\/www.wls.sav.sk\/wp-content\/uploads\/WLS1_2015_Zimmermann.pdf\" target=\"_blank\">Julia Zimmermann<\/a><br \/>\n<a href=\"http:\/\/www.wls.sav.sk\/wp-content\/uploads\/WLS1_2015_Zimmermann.pdf\" target=\"_blank\"> Transkulturelle Verflechtungen im Spiegel von alt- und mittelhochdeutschen Dichtungen: Exemplarische Lekt\u00fcren und Werkstattbericht<\/a><br \/>\n<a href=\"http:\/\/www.wls.sav.sk\/wp-content\/uploads\/WLS1_2015_Spariosu.pdf\" target=\"_blank\">Mihai I. Spariosu<\/a><br \/>\n<a href=\"http:\/\/www.wls.sav.sk\/wp-content\/uploads\/WLS1_2015_Spariosu.pdf\" target=\"_blank\"> Intercultural relations in East-Central Europe: the cases of Banat and Transylvania<\/a><\/p>\n<p><strong>r e c e n z i e \/ b o o k r e v i e w s<\/strong><br \/>\n<a href=\"http:\/\/www.wls.sav.sk\/wp-content\/uploads\/WLS1_2015_recenzie.pdf\" target=\"_blank\">Robert Born \u2013 Sarah Lemmen (Hg.): Orientalismen in Ostmitteleuropa. Diskurse, Akteure und Disziplinen vom 19. Jahrhundert bis zum Zweiten Weltkrieg (R\u00f3bert G\u00e1frik)<\/a><br \/>\n<a href=\"http:\/\/www.wls.sav.sk\/wp-content\/uploads\/WLS1_2015_recenzie.pdf\" target=\"_blank\"> M\u00f3nika D\u00f3zsai \u2013 Alfrun Kliems \u2013 Darina Pol\u00e1kov\u00e1 (Hg.): Unter der Stadt. Subversive \u00c4sthetiken in Ostmitteleuropa (Anik\u00f3 Du\u0161\u00edkov\u00e1)<\/a><br \/>\n<a href=\"http:\/\/www.wls.sav.sk\/wp-content\/uploads\/WLS1_2015_recenzie.pdf\" target=\"_blank\"> Helga H\u00fcbner: Stefano Guazzo <em>La Civil Conversazione <\/em>in der franz\u00f6sischen Kultur des 16. und 17. Jahrhunderts (Adam B\u017eoch)<\/a><br \/>\n<a href=\"http:\/\/www.wls.sav.sk\/wp-content\/uploads\/WLS1_2015_recenzie.pdf\" target=\"_blank\"> Der Kafka-Atlas: Ein Online-Projekt zur weltweiten Rezeption Franz Kafkas (Milan \u017ditn\u00fd)<\/a><br \/>\n<a href=\"http:\/\/www.wls.sav.sk\/wp-content\/uploads\/WLS1_2015_recenzie.pdf\" target=\"_blank\"> \u0160tefan Timko (ed.): \u010cesk\u00e1 literat\u00fara a film (J\u00e1n Gallik)<\/a><\/p>\n<p><span style=\"line-height: 1.5em;\"><\/li>\n<li data-href=\"tab-1\" class=\"\" >\n<p><strong>e d i t o r i \u00e1 l \/ e d i t o r i a l<\/strong><br \/>\n<a href=\"http:\/\/www.wls.sav.sk\/wp-content\/uploads\/WLS_2_2015_editorial.pdf\" target=\"_blank\">Libu\u0161a Vajdov\u00e1 \u2013 Andrei Terian<\/a><br \/>\n<a href=\"http:\/\/www.wls.sav.sk\/wp-content\/uploads\/WLS_2_2015_editorial.pdf\" target=\"_blank\"> Outstanding Romanian personalities in world literature and literary studies<\/a><\/p>\n<p><strong>\u0161 t \u00fa d i e \/ a r t i c l e s<\/strong><br \/>\n<a href=\"http:\/\/www.wls.sav.sk\/wp-content\/uploads\/WLS_2_2015_Terian.pdf\" target=\"_blank\">Andrei Terian<\/a><br \/>\n<a href=\"http:\/\/www.wls.sav.sk\/wp-content\/uploads\/WLS_2_2015_Terian.pdf\" target=\"_blank\"> Romanian literature for the world: a matter of property<\/a><br \/>\n<a href=\"http:\/\/www.wls.sav.sk\/wp-content\/uploads\/WLS_2_2015_Spiridon.pdf\" target=\"_blank\">Monica Spiridon<\/a><br \/>\n<a href=\"http:\/\/www.wls.sav.sk\/wp-content\/uploads\/WLS_2_2015_Spiridon.pdf\" target=\"_blank\"> The glass bead game: Matei Calinescu and the secret life of concepts<\/a><br \/>\n<a href=\"http:\/\/www.wls.sav.sk\/wp-content\/uploads\/WLS_2_2015_Vancu.pdf\" target=\"_blank\">Radu Vancu<\/a><br \/>\n<a href=\"http:\/\/www.wls.sav.sk\/wp-content\/uploads\/WLS_2_2015_Vancu.pdf\" target=\"_blank\"> The counter-modern Eliade. \u201cWiederverzauberung der Welt\u201d in the life and work of Mircea Eliade<\/a><br \/>\n<a href=\"http:\/\/www.wls.sav.sk\/wp-content\/uploads\/WLS_2_2015_Cernat.pdf\" target=\"_blank\">Paul Cernat<\/a><br \/>\n<a href=\"http:\/\/www.wls.sav.sk\/wp-content\/uploads\/WLS_2_2015_Cernat.pdf\" target=\"_blank\"> The young Eugen Ionescu between Dada existentialism and the Balkan tradition of the absurd\u00a0<\/a><br \/>\n<a href=\"http:\/\/www.wls.sav.sk\/wp-content\/uploads\/WLS_2_2015_Goldis.pdf\" target=\"_blank\">Alex Goldi\u015f<\/a><br \/>\n<a href=\"http:\/\/www.wls.sav.sk\/wp-content\/uploads\/WLS_2_2015_Goldis.pdf\" target=\"_blank\"> From the linguistic turn to the referential turn: the metamorphosis of theory in Thomas G. Pavel\u2019s and Lubomir Dole\u017eel\u2019s criticism\u00a0<\/a><br \/>\n<a href=\"http:\/\/www.wls.sav.sk\/wp-content\/uploads\/WLS_2_2015_Mironescu.pdf\" target=\"_blank\">Doris Mironescu<\/a><br \/>\n<a href=\"http:\/\/www.wls.sav.sk\/wp-content\/uploads\/WLS_2_2015_Mironescu.pdf\" target=\"_blank\"> Uncomfortable spaces: language and identity in Herta Muller\u2019s work<\/a><br \/>\n<a href=\"http:\/\/www.wls.sav.sk\/wp-content\/uploads\/WLS_2_2015_Vajdova.pdf\" target=\"_blank\">Libu\u0161a Vajdov\u00e1<\/a><br \/>\n<a href=\"http:\/\/www.wls.sav.sk\/wp-content\/uploads\/WLS_2_2015_Vajdova.pdf\" target=\"_blank\"> Romanian literary critics, theoreticians, and historians in the world<\/a><\/p>\n<p><strong>m a t e r i \u00e1 l y \/ m a t e r i a l s<\/strong><br \/>\n<a href=\"http:\/\/www.wls.sav.sk\/wp-content\/uploads\/WLS_2_2015_Palenikova.pdf\" target=\"_blank\">Jana P\u00e1lenikov\u00e1<\/a><br \/>\n<a href=\"http:\/\/www.wls.sav.sk\/wp-content\/uploads\/WLS_2_2015_Palenikova.pdf\" target=\"_blank\"> Dejiny Rumunov pod\u013ea Catherine Durandin\u00a0<\/a><\/p>\n<p><strong>d i s k u s i a \/ d i s c u s s i o n<\/strong><br \/>\n<a href=\"http:\/\/www.wls.sav.sk\/wp-content\/uploads\/WLS_2_2015_Zitny.pdf\" target=\"_blank\">Milan \u017ditn\u00fd<\/a><br \/>\n<a href=\"http:\/\/www.wls.sav.sk\/wp-content\/uploads\/WLS_2_2015_Zitny.pdf\" target=\"_blank\"> \u010co nebolo vo Winczerovej bilancii<\/a><\/p>\n<p><strong>r e c e n z i e \/ b o o k \u00a0 r e v i e w s<\/strong><br \/>\n<a href=\"http:\/\/www.wls.sav.sk\/wp-content\/uploads\/WLS_2_2015_recenzie.pdf\" target=\"_blank\">Virgil Nemoianu: Postmodernism and Cultural Identities: Conflicts and Coexistence (Andrea Mironescu)<\/a><br \/>\n<a href=\"http:\/\/www.wls.sav.sk\/wp-content\/uploads\/WLS_2_2015_recenzie.pdf\" target=\"_blank\"> Adriana Raducanu: Speaking the Language of the Night: Aspects of the Gothic in Selected Contemporary Novels (Melinda Reidinger)<\/a><br \/>\n<a href=\"http:\/\/www.wls.sav.sk\/wp-content\/uploads\/WLS_2_2015_recenzie.pdf\" target=\"_blank\"> Rudolf Chmel: Jelen es tortenelem. Az etnokraciatol a demokraciaig (Judit G\u00f6r\u00f6zdi)<\/a><br \/>\n<a href=\"http:\/\/www.wls.sav.sk\/wp-content\/uploads\/WLS_2_2015_recenzie.pdf\" target=\"_blank\"> Ivana Taranenkova (ed.): Mo\u017enosti autobiografickosti (Silvia \u0160tofkov\u00e1)<\/a><br \/>\n<a href=\"http:\/\/www.wls.sav.sk\/wp-content\/uploads\/WLS_2_2015_recenzie.pdf\" target=\"_blank\"> Matteo Colombi (Hg.): Stadt \u2013 Mord \u2013 Ordnung. Urbane Topographien des Verbrechens in der Kriminalliteratur aus Ost- und Mitteleuropa (Jan Jambor)<\/a><br \/>\n<a href=\"http:\/\/www.wls.sav.sk\/wp-content\/uploads\/WLS_2_2015_recenzie.pdf\" target=\"_blank\"> Ioana Popa: Traduire sous contraintes. Litterature et communisme (Libu\u0161a Vajdov\u00e1)<\/a><\/p>\n<\/li>\n<li data-href=\"tab-2\" class=\"\" >\n<p><strong>e d i t o r i \u00e1 l \/ e d i t o r i a l<\/strong><br \/>\n<a href=\"http:\/\/www.wls.sav.sk\/wp-content\/uploads\/WLS-3_2015_editorial.pdf\" target=\"_blank\">Roman Mikul\u00e1\u0161 \u2013 So\u0148a Pa\u0161tekov\u00e1<\/a><br \/>\n<a href=\"http:\/\/www.wls.sav.sk\/wp-content\/uploads\/WLS-3_2015_editorial.pdf\" target=\"_blank\"> Kont\u00fary tvorby a v\u00fdskumu liter\u00e1rneho k\u00e1nonu<\/a><\/p>\n<p><strong>h o s \u0165 o v s k \u00e1 \u00a0p r e d n \u00e1 \u0161 k a \/ g u e s t \u00a0l e c t u r e<\/strong><br \/>\n<a href=\"http:\/\/www.wls.sav.sk\/wp-content\/uploads\/WLS-3_2015_Boka.pdf\" target=\"_blank\">L\u00e1szl\u00f3 Boka<\/a><br \/>\n<a href=\"http:\/\/www.wls.sav.sk\/wp-content\/uploads\/WLS-3_2015_Boka.pdf\" target=\"_blank\"> Paralelnosti te\u00f3ri\u00ed k\u00e1nonu: liter\u00e1rnohistorick\u00e9 aspekty<\/a><\/p>\n<p><strong>\u0161 t \u00fa d i e \/ a r t i c l e s<\/strong><br \/>\n<a href=\"http:\/\/www.wls.sav.sk\/wp-content\/uploads\/WLS-3_2015_Redey.pdf\" target=\"_blank\">Zolt\u00e1n R\u00e9dey<\/a><br \/>\n<a href=\"http:\/\/www.wls.sav.sk\/wp-content\/uploads\/WLS-3_2015_Redey.pdf\" target=\"_blank\"> K\u00e1non slovenskej literat\u00fary a k\u00e1nonick\u00fd status liter\u00e1rneho diela<\/a><br \/>\n<a href=\"http:\/\/www.wls.sav.sk\/wp-content\/uploads\/WLS-3_2015_Bilik.pdf\" target=\"_blank\">Ren\u00e9 B\u00edlik<\/a><br \/>\n<a href=\"http:\/\/www.wls.sav.sk\/wp-content\/uploads\/WLS-3_2015_Bilik.pdf\" target=\"_blank\"> Socialistick\u00fd realizmus ako \u201ek\u00e1nonick\u00e1 doktr\u00edna\u201c: o z\u00e1kladn\u00fdch mechanizmoch procesu kanoniz\u00e1cie<\/a><br \/>\n<a href=\"http:\/\/www.wls.sav.sk\/wp-content\/uploads\/WLS-3_2015_Muller-Michaels.pdf\" target=\"_blank\">Harro M\u00fcller-Michaels<\/a><br \/>\n<a href=\"http:\/\/www.wls.sav.sk\/wp-content\/uploads\/WLS-3_2015_Muller-Michaels.pdf\" target=\"_blank\"> Der Kanon der Bildung: Literarische Wertung in didaktischer Absicht<\/a><br \/>\n<a href=\"http:\/\/www.wls.sav.sk\/wp-content\/uploads\/WLS-3_2015_Hardtke.pdf\" target=\"_blank\">Thomas Hardtke<\/a><br \/>\n<a href=\"http:\/\/www.wls.sav.sk\/wp-content\/uploads\/WLS-3_2015_Hardtke.pdf\" target=\"_blank\"> Kanon und Weltliteratur in der Literaturdidaktik: Deutschsprachiger und US-amerikanischer Diskurs im Vergleich<\/a><br \/>\n<a href=\"http:\/\/www.wls.sav.sk\/wp-content\/uploads\/WLS-3_2015_Mikulas.pdf\" target=\"_blank\">Roman Mikul\u00e1\u0161<\/a><br \/>\n<a href=\"http:\/\/www.wls.sav.sk\/wp-content\/uploads\/WLS-3_2015_Mikulas.pdf\" target=\"_blank\"> K\u00e1non ako funkcia v autoreflexii syst\u00e9mu literat\u00fary<\/a><br \/>\n<a href=\"http:\/\/www.wls.sav.sk\/wp-content\/uploads\/WLS-3_2015_Malinovska.pdf\" target=\"_blank\">Zuzana Malinovsk\u00e1<\/a><br \/>\n<a href=\"http:\/\/www.wls.sav.sk\/wp-content\/uploads\/WLS-3_2015_Malinovska.pdf\" target=\"_blank\"> K podob\u00e1m liter\u00e1rneho k\u00e1nonu: Antonine Maillet<\/a><br \/>\n<a href=\"http:\/\/www.wls.sav.sk\/wp-content\/uploads\/WLS-3_2015_Nagy-Keseru.pdf\" target=\"_blank\">P\u00e9ter H. Nagy \u2013 J\u00f3zsef Keser\u0171<\/a><br \/>\n<a href=\"http:\/\/www.wls.sav.sk\/wp-content\/uploads\/WLS-3_2015_Nagy-Keseru.pdf\" target=\"_blank\"> The interaction of canons: conflict or symbiosis? Rereading and relativity of traditions in David Gemmell\u2019s \u201cTroy Series\u201d and Dan Simmons\u2019s \u201cHyperion Cantos\u201d<\/a><br \/>\n<a href=\"http:\/\/www.wls.sav.sk\/wp-content\/uploads\/WLS-3_2015_Boszrad.pdf\" target=\"_blank\">Martin Boszor\u00e1d<\/a><br \/>\n<a href=\"http:\/\/www.wls.sav.sk\/wp-content\/uploads\/WLS-3_2015_Boszrad.pdf\" target=\"_blank\"> Od Werthera po Wajda: rozprava o nieko\u013ek\u00fdch partikul\u00e1rnych ot\u00e1zkach liter\u00e1rneho k\u00e1nonu<\/a><\/p>\n<p><strong>r e c e n z i e \/ b o o k \u00a0 r e v i e w s<\/strong><br \/>\n<a href=\"http:\/\/www.wls.sav.sk\/wp-content\/uploads\/WLS-3_2015_recenzie.pdf\" target=\"_blank\">Pavel Janou\u0161ek: \u010cern\u00e1 ko\u010dka aneb Subjekt znalce v my\u0161len\u00ed o\u00a0literatu\u0159e a jeho komunika\u010dn\u00ed strategie (So\u0148a Pa\u0161tekov\u00e1)<\/a><br \/>\n<a href=\"http:\/\/www.wls.sav.sk\/wp-content\/uploads\/WLS-3_2015_recenzie.pdf\" target=\"_blank\"> Radoslav Passia: Na hranici. Slovensk\u00e1 literat\u00fara a v\u00fdchodokarpatsk\u00fd hrani\u010dn\u00fd are\u00e1l (Ingrid Puchalov\u00e1)<\/a><br \/>\n<a href=\"http:\/\/www.wls.sav.sk\/wp-content\/uploads\/WLS-3_2015_recenzie.pdf\" target=\"_blank\"> Jozef Bruncl\u00edk: Introvertnos\u0165ou ku katarzii. Lyrick\u00fd svet v tvorbe J\u00e1na Motulka (Martina Zaj\u00ed\u010dkov\u00e1)<\/a><br \/>\n<a href=\"http:\/\/www.wls.sav.sk\/wp-content\/uploads\/WLS-3_2015_recenzie.pdf\" target=\"_blank\"> Katarzyna Kuczy\u0144ska-Koschany: Interlinie w ciemno\u015bci. Jednak interpretacja (Irena Bili\u0144ska)<\/a><\/p>\n<\/li>\n<li data-href=\"tab-3\" class=\"\" >\n<p><strong>e d i\u00a0t o\u00a0r i\u00a0\u00e1 l \/ e d i\u00a0t o\u00a0r i\u00a0a\u00a0l<\/strong><br \/>\n<a href=\"http:\/\/www.wls.sav.sk\/wp-content\/uploads\/WLS4_2015_editorial.pdf\" target=\"_blank\">Roman Mikul\u00e1\u0161<\/a><br \/>\n<a href=\"http:\/\/www.wls.sav.sk\/wp-content\/uploads\/WLS4_2015_editorial.pdf\" target=\"_blank\"> K\u013e\u00fa\u010dov\u00e9 koncepty a aplik\u00e1cie kognit\u00edvnej liter\u00e1rnej vedy<\/a><\/p>\n<p><strong>\u0161 t \u00fa d i e \u2013 t \u00e9 m a \/ a\u00a0r t i\u00a0c l e s \u2013 t o\u00a0p i\u00a0c<\/strong><br \/>\n<a href=\"http:\/\/www.wls.sav.sk\/wp-content\/uploads\/WLS4_2015_Pokrivcak.pdf\" target=\"_blank\">Anton Pokriv\u010d\u00e1k \u2013 Silvia Pokriv\u010d\u00e1kov\u00e1<\/a><br \/>\n<a href=\"http:\/\/www.wls.sav.sk\/wp-content\/uploads\/WLS4_2015_Pokrivcak.pdf\" target=\"_blank\"> Cognition and imagination in the poetry of William Wordsworth<\/a><br \/>\n<a href=\"http:\/\/www.wls.sav.sk\/wp-content\/uploads\/WLS4_2015_Ondrouskova.pdf\" target=\"_blank\">Sv\u011btlana Ondrou\u0161kov\u00e1<\/a><br \/>\n<a href=\"http:\/\/www.wls.sav.sk\/wp-content\/uploads\/WLS4_2015_Ondrouskova.pdf\" target=\"_blank\"> &#8222;Augenmusik&#8220;, or synaesthesia as a technique in the early avant-garde<\/a><br \/>\n<a href=\"http:\/\/www.wls.sav.sk\/wp-content\/uploads\/WLS4_2015_Rimalova.pdf\" target=\"_blank\">Lucie Saicov\u00e1 \u0158\u00edmalov\u00e1<\/a><br \/>\n<a href=\"http:\/\/www.wls.sav.sk\/wp-content\/uploads\/WLS4_2015_Rimalova.pdf\" target=\"_blank\"> The interpretation of Bo\u017eena N\u011bmcov\u00e1,s letters: the linguistic picture of the world and image schemas<\/a><br \/>\n<a href=\"http:\/\/www.wls.sav.sk\/wp-content\/uploads\/WLS4_2015_Kuzmikova.pdf\" target=\"_blank\">Jana Kuzm\u00edkov\u00e1<\/a><br \/>\n<a href=\"http:\/\/www.wls.sav.sk\/wp-content\/uploads\/WLS4_2015_Kuzmikova.pdf\" target=\"_blank\"> Recepcia literat\u00fary z kognit\u00edvnovedn\u00e9ho poh\u013eadu<\/a><br \/>\n<a href=\"http:\/\/www.wls.sav.sk\/wp-content\/uploads\/WLS4_2015_Mikulas.pdf\" target=\"_blank\">Roman Mikul\u00e1\u0161<\/a><br \/>\n<a href=\"http:\/\/www.wls.sav.sk\/wp-content\/uploads\/WLS4_2015_Mikulas.pdf\" target=\"_blank\"> Po stop\u00e1ch kognit\u00edvnej estetiky vn\u00edmania<\/a><\/p>\n<p><strong>\u0161 t \u00fa d i e \/ a\u00a0r t i\u00a0c l e s<\/strong><br \/>\n<a href=\"http:\/\/www.wls.sav.sk\/wp-content\/uploads\/WLS4_2015_Kotasek.pdf\" target=\"_blank\">Miroslav Kot\u00e1sek<\/a><br \/>\n<a href=\"http:\/\/www.wls.sav.sk\/wp-content\/uploads\/WLS4_2015_Kotasek.pdf\" target=\"_blank\"> Artificial intelligence in science fiction as a model of the posthuman situation of mankind<\/a><br \/>\n<a href=\"http:\/\/www.wls.sav.sk\/wp-content\/uploads\/WLS4_2015_Burkhart.pdf\" target=\"_blank\">Maximilian Giuseppe Burkhart<\/a><br \/>\n<a href=\"http:\/\/www.wls.sav.sk\/wp-content\/uploads\/WLS4_2015_Burkhart.pdf\" target=\"_blank\"> Nietzsches Signaturen: Zur Grenze des Subjekts<\/a><\/p>\n<p><strong>d i\u00a0s\u00a0k\u00a0u\u00a0s\u00a0i a \/ d i\u00a0s\u00a0c u\u00a0s\u00a0s\u00a0i\u00a0o\u00a0n<\/strong><br \/>\n<a href=\"http:\/\/www.wls.sav.sk\/wp-content\/uploads\/WLS4_2015_Jedlickova.pdf\" target=\"_blank\">Alice Jedli\u010dkov\u00e1<\/a><br \/>\n<a href=\"http:\/\/www.wls.sav.sk\/wp-content\/uploads\/WLS4_2015_Jedlickova.pdf\" target=\"_blank\"> \u010cepice Charlese Bovaryho a jin\u00e9 obrazy. Nad monografi\u00ed Ane\u017eky Kuzmi\u010dov\u00e9 o\u00a0\u010dten\u00e1\u0159sk\u00fdch p\u0159edstav\u00e1ch a situaci \u010desk\u00e9ho kognitivn\u00edho b\u00e1d\u00e1n\u00ed<\/a><\/p>\n<p><strong>r e c e n z\u00a0i e \/ b o\u00a0o k\u00a0 r e v\u00a0i\u00a0e w s<\/strong><br \/>\n<a href=\"http:\/\/www.wls.sav.sk\/wp-content\/uploads\/WLS4_2015_recenzie.pdf\" target=\"_blank\">Jana Kuzm\u00edkov\u00e1 (ed.): Literat\u00fara v kognit\u00edvnych s\u00favislostiach (Ji\u0159\u00ed Koten)<\/a><br \/>\n<a href=\"http:\/\/www.wls.sav.sk\/wp-content\/uploads\/WLS4_2015_recenzie.pdf\" target=\"_blank\"> Werner Wolf: Popis jako transmedi\u00e1ln\u00ed modus reprezentace (Kri\u0161tof Anetta)<\/a><br \/>\n<a href=\"http:\/\/www.wls.sav.sk\/wp-content\/uploads\/WLS4_2015_recenzie.pdf\" target=\"_blank\"> Roman Mikul\u00e1\u0161: Literatur als Kommunikationssystem: Systemische Betrachtungen (Martin \u0160t\u00far)<\/a><br \/>\n<a href=\"http:\/\/www.wls.sav.sk\/wp-content\/uploads\/WLS4_2015_recenzie.pdf\" target=\"_blank\"> Christine G\u00f6lz \u2013 Alfrun Kliems (Hg.): Spielpl\u00e4tze der Verweigerung. Gegenkulturen im \u00f6stlichen Europa nach 1956 (Jana Cvikov\u00e1)<\/a><\/p>\n<\/li>\n<\/ul>\n","protected":false},"excerpt":{"rendered":"","protected":false},"author":1,"featured_media":0,"parent":18,"menu_order":94,"comment_status":"closed","ping_status":"closed","template":"","meta":[],"_links":{"self":[{"href":"https:\/\/wls.sav.sk\/index.php?rest_route=\/wp\/v2\/pages\/536"}],"collection":[{"href":"https:\/\/wls.sav.sk\/index.php?rest_route=\/wp\/v2\/pages"}],"about":[{"href":"https:\/\/wls.sav.sk\/index.php?rest_route=\/wp\/v2\/types\/page"}],"author":[{"embeddable":true,"href":"https:\/\/wls.sav.sk\/index.php?rest_route=\/wp\/v2\/users\/1"}],"replies":[{"embeddable":true,"href":"https:\/\/wls.sav.sk\/index.php?rest_route=%2Fwp%2Fv2%2Fcomments&post=536"}],"version-history":[{"count":24,"href":"https:\/\/wls.sav.sk\/index.php?rest_route=\/wp\/v2\/pages\/536\/revisions"}],"predecessor-version":[{"id":827,"href":"https:\/\/wls.sav.sk\/index.php?rest_route=\/wp\/v2\/pages\/536\/revisions\/827"}],"up":[{"embeddable":true,"href":"https:\/\/wls.sav.sk\/index.php?rest_route=\/wp\/v2\/pages\/18"}],"wp:attachment":[{"href":"https:\/\/wls.sav.sk\/index.php?rest_route=%2Fwp%2Fv2%2Fmedia&parent=536"}],"curies":[{"name":"wp","href":"https:\/\/api.w.org\/{rel}","templated":true}]}}