{"id":95,"date":"2014-03-20T09:08:52","date_gmt":"2014-03-20T08:08:52","guid":{"rendered":"http:\/\/www.wls.sav.sk\/?page_id=95"},"modified":"2023-11-13T15:27:59","modified_gmt":"2023-11-13T14:27:59","slug":"redakcia-a-redakcna-rada","status":"publish","type":"page","link":"https:\/\/wls.sav.sk\/?page_id=95","title":{"rendered":"Redakcia a redak\u010dn\u00e1 rada"},"content":{"rendered":"<ul class='gdl-toggle-box'>\n<li>\n<h2 class='toggle-box-head title-color gdl-title'><span class='toggle-box-head-image active'><\/span>\u0160\u00c9FREDAKTORKA<\/h2>\n<div class='toggle-box-content active'><a href=\"http:\/\/www.sav.sk\/index.php?lang=sk&amp;doc=user-org-user&amp;user_no=9277\" target=\"_blank\">Jana Cvikov\u00e1<\/a><\/div>\n<\/li>\n<li>\n<h2 class='toggle-box-head title-color gdl-title'><span class='toggle-box-head-image active'><\/span>REDAKCIA<\/h2>\n<div class='toggle-box-content active'><a href=\"http:\/\/www.sav.sk\/index.php?lang=sk&amp;doc=user-org-user&amp;user_no=9277\" target=\"_blank\">Eva\u00a0Kenderessy<\/a><\/div>\n<\/li>\n<li>\n<h2 class='toggle-box-head title-color gdl-title'><span class='toggle-box-head-image active'><\/span>REDAK\u010cN\u00c1 RADA<\/h2>\n<div class='toggle-box-content active'>\n<a href=\"http:\/\/www.sav.sk\/index.php?lang=sk&amp;doc=user-org-user&amp;user_no=5293\" target=\"_blank\">Katar\u00edna Bedn\u00e1rov\u00e1<\/a><br \/>\n<a href=\"http:\/\/www.sav.sk\/index.php?lang=sk&amp;doc=user-org-user&amp;user_no=1739\" target=\"_blank\">Adam B\u017eoch<\/a><br \/>\n<a href=\"http:\/\/www.sav.sk\/index.php?lang=sk&amp;doc=user-org-user&amp;user_no=4624\" target=\"_blank\">R\u00f3bert G\u00e1frik<\/a><br \/>\n<a href=\"http:\/\/www.sav.sk\/index.php?lang=sk&amp;doc=user-org-user&amp;user_no=3193\" target=\"_blank\">Judit G\u00f6r\u00f6zdi<\/a><br \/>\n<a href=\"http:\/\/www.sav.sk\/index.php?lang=sk&amp;doc=user-org-user&amp;user_no=1774\" target=\"_blank\">M\u00e1ria Kus\u00e1<\/a><br \/>\n<a href=\"http:\/\/www.sav.sk\/index.php?lang=sk&amp;doc=user-org-user&amp;user_no=3196\" target=\"_blank\">Roman Mikul\u00e1\u0161<\/a><br \/>\n<a href=\"http:\/\/www.sav.sk\/index.php?lang=sk&amp;doc=user-org-user&amp;user_no=7831\" target=\"_blank\">Dobrota Pucherov\u00e1<\/a><br \/>\n<a href=\"http:\/\/www.sav.sk\/index.php?lang=sk&amp;doc=user-org-user&amp;user_no=1788\" target=\"_blank\">Libu\u0161a Vajdov\u00e1<\/a><br \/>\n(Institute of World Literature, Slovak\u00a0Academy of Sciences, Bratislava)<\/p>\n<hr \/>\n<p>Mari\u00e1n Andri\u010d\u00edk (Pavol Jozef \u0160af\u00e1rik\u00a0University in Ko\u0161ice)<br \/>\nMagdolna Balogh (Institute\u00a0for Literary Studies, Hungarian\u00a0Academy of Sciences, Budapest)<br \/>\nMarcel Cornis-Pope (Virginia\u00a0Commonwealth University, Richmond)<br \/>\nXavier Galmiche\u00a0(University Paris \u2013 Sorbonne)<br \/>\nZden\u011bk Hrbata (Institute of Czech\u00a0Literature, Academy of Sciences CR,\u00a0Prague)<br \/>\nMagda Ku\u010derkov\u00e1 (Constantin the Philosopher University in Nitra)<br \/>\nAnton Pokriv\u010d\u00e1k (Trnava University in Trnava)<br \/>\nIvo Posp\u00ed\u0161il (Masaryk University, Brno)<br \/>\nClara Royer (University Paris \u2013 Sorbonne)<br \/>\nCharles Sabatos (Yeditepe University in Istanbul)<br \/>\nMonica Spiridon (University of Bucharest)<br \/>\nMilo\u0161 Zelenka (University of South\u00a0Bohemia in \u010cesk\u00e9 Bud\u011bjovice)<br \/>\nBodo Zelinsky (University of Cologne)<\/p>\n<\/div>\n<\/li>\n<\/ul>\n<p>&nbsp;<\/p>\n<p>&nbsp;<\/p>\n","protected":false},"excerpt":{"rendered":"<p>&nbsp; &nbsp;<\/p>\n","protected":false},"author":1,"featured_media":0,"parent":91,"menu_order":0,"comment_status":"closed","ping_status":"closed","template":"","meta":[],"_links":{"self":[{"href":"https:\/\/wls.sav.sk\/index.php?rest_route=\/wp\/v2\/pages\/95"}],"collection":[{"href":"https:\/\/wls.sav.sk\/index.php?rest_route=\/wp\/v2\/pages"}],"about":[{"href":"https:\/\/wls.sav.sk\/index.php?rest_route=\/wp\/v2\/types\/page"}],"author":[{"embeddable":true,"href":"https:\/\/wls.sav.sk\/index.php?rest_route=\/wp\/v2\/users\/1"}],"replies":[{"embeddable":true,"href":"https:\/\/wls.sav.sk\/index.php?rest_route=%2Fwp%2Fv2%2Fcomments&post=95"}],"version-history":[{"count":33,"href":"https:\/\/wls.sav.sk\/index.php?rest_route=\/wp\/v2\/pages\/95\/revisions"}],"predecessor-version":[{"id":2503,"href":"https:\/\/wls.sav.sk\/index.php?rest_route=\/wp\/v2\/pages\/95\/revisions\/2503"}],"up":[{"embeddable":true,"href":"https:\/\/wls.sav.sk\/index.php?rest_route=\/wp\/v2\/pages\/91"}],"wp:attachment":[{"href":"https:\/\/wls.sav.sk\/index.php?rest_route=%2Fwp%2Fv2%2Fmedia&parent=95"}],"curies":[{"name":"wp","href":"https:\/\/api.w.org\/{rel}","templated":true}]}}